{"id":61270,"date":"2026-04-01T15:58:12","date_gmt":"2026-04-01T14:58:12","guid":{"rendered":"https:\/\/bigbuy.tupique.com\/produto\/induction-hot-plate-siemens-eh631hcc1e-592-cm-7400-w\/"},"modified":"2026-04-15T07:01:22","modified_gmt":"2026-04-15T06:01:22","slug":"induction-hot-plate-siemens-eh631hcc1e-592-cm-7400-w","status":"publish","type":"product","link":"https:\/\/bigbuy.tupique.com\/pt\/produto\/induction-hot-plate-siemens-eh631hcc1e-592-cm-7400-w\/","title":{"rendered":"Plaque \u00e0 Induction Siemens EH631HCC1E 59,2 cm 7400 W"},"content":{"rendered":"<p>Si vous pensez r\u00e9nover votre cuisine, achetez <b>Plaque \u00e0 Induction Siemens EH631HCC1E 59,2 cm 7400 W<\/b> et d\u00b4autres <b>produits Siemens<\/b> !<\/p>\n<ul>\n<li>Produit \u00e0 brancher: Oui<\/li>\n<li>Type de prise: Prise EU<\/li>\n<li>Caract\u00e9ristiques:\n<ul>\n<li>Finition mate<\/li>\n<li>Minuterie<\/li>\n<li>Verrouillage pour enfants<\/li>\n<li>Commande tactile<\/li>\n<\/ul>\n<\/li>\n<li>Bloc d\u2019Alimentation:\n<ul>\n<li>r\u00e9seau \u00e9lectrique<\/li>\n<li>\u00c9lectrique<\/li>\n<\/ul>\n<\/li>\n<li>Couleur: Noir<\/li>\n<li>Largeur:\n<ul>\n<li>59,2 cm<\/li>\n<li>60 cm<\/li>\n<\/ul>\n<\/li>\n<li>Type d&#8217;installation: Int\u00e9grable<\/li>\n<li>puissance: 7400 W<\/li>\n<li>Niveaux de puissance: 17<\/li>\n<li>Zones de cuisson: 3<\/li>\n<li>Type:\n<ul>\n<li>Plaque \u00e0 Induction<\/li>\n<li>Int\u00e9gr\u00e9<\/li>\n<\/ul>\n<\/li>\n<li>Fonctions:\n<ul>\n<li>Minuterie<\/li>\n<li>Fonction garder au chaud<\/li>\n<\/ul>\n<\/li>\n<li>Finition: Mat<\/li>\n<li>Mati\u00e8re: Vitroc\u00e9ramique<\/li>\n<li>Fr\u00e9quence: 50 &#8211; 60 Hz<\/li>\n<li>Inclut: Ecran<\/li>\n<li>Contr\u00f4le: Touch Control<\/li>\n<li>Type de commande: Tactile<\/li>\n<li>\u00c9lev\u00e9: 5,2 cm<\/li>\n<li>Tension: 220-240 V<\/li>\n<li>Connectivit\u00e9: No<\/li>\n<\/ul>","protected":false},"excerpt":{"rendered":"<p>Si vous pensez r\u00e9nover votre cuisine, achetez Plaque \u00e0 Induction Siemens EH631HCC1E 59,2 cm 7400 W et d\u00b4autres produits Siemens ! Produit \u00e0 brancher: Oui Type de prise: Prise EU Caract\u00e9ristiques: Finition mate Minuterie Verrouillage pour enfants Commande tactile Bloc d\u2019Alimentation: r\u00e9seau \u00e9lectrique \u00c9lectrique Couleur: Noir Largeur: 59,2 cm 60 cm Type d&#8217;installation: Int\u00e9grable puissance: [&hellip;]<\/p>\n","protected":false},"featured_media":61265,"comment_status":"open","ping_status":"closed","template":"","meta":[],"product_brand":[1590],"product_cat":[60,77,78],"product_tag":[55,56],"class_list":{"0":"post-61270","1":"product","2":"type-product","3":"status-publish","4":"has-post-thumbnail","6":"product_brand-brandp_10139","7":"product_cat-cuisine-gourmet","8":"product_cat-petit-electromenager","9":"product_cat-plaques-de-cuisson","10":"product_tag-tag_926","11":"product_tag-tag_930","13":"first","14":"instock","15":"taxable","16":"shipping-taxable","17":"purchasable","18":"product-type-simple"},"_links":{"self":[{"href":"https:\/\/bigbuy.tupique.com\/pt\/wp-json\/wp\/v2\/product\/61270","targetHints":{"allow":["GET"]}}],"collection":[{"href":"https:\/\/bigbuy.tupique.com\/pt\/wp-json\/wp\/v2\/product"}],"about":[{"href":"https:\/\/bigbuy.tupique.com\/pt\/wp-json\/wp\/v2\/types\/product"}],"replies":[{"embeddable":true,"href":"https:\/\/bigbuy.tupique.com\/pt\/wp-json\/wp\/v2\/comments?post=61270"}],"wp:featuredmedia":[{"embeddable":true,"href":"https:\/\/bigbuy.tupique.com\/pt\/wp-json\/wp\/v2\/media\/61265"}],"wp:attachment":[{"href":"https:\/\/bigbuy.tupique.com\/pt\/wp-json\/wp\/v2\/media?parent=61270"}],"wp:term":[{"taxonomy":"product_brand","embeddable":true,"href":"https:\/\/bigbuy.tupique.com\/pt\/wp-json\/wp\/v2\/product_brand?post=61270"},{"taxonomy":"product_cat","embeddable":true,"href":"https:\/\/bigbuy.tupique.com\/pt\/wp-json\/wp\/v2\/product_cat?post=61270"},{"taxonomy":"product_tag","embeddable":true,"href":"https:\/\/bigbuy.tupique.com\/pt\/wp-json\/wp\/v2\/product_tag?post=61270"}],"curies":[{"name":"wp","href":"https:\/\/api.w.org\/{rel}","templated":true}]}}