{"id":61234,"date":"2026-04-01T15:56:21","date_gmt":"2026-04-01T14:56:21","guid":{"rendered":"https:\/\/bigbuy.tupique.com\/produto\/vinoteca-candy-ccvb-15-1-black\/"},"modified":"2026-04-15T06:25:32","modified_gmt":"2026-04-15T05:25:32","slug":"vinoteca-candy-ccvb-15-1-black","status":"publish","type":"product","link":"https:\/\/bigbuy.tupique.com\/pt\/produto\/vinoteca-candy-ccvb-15-1-black\/","title":{"rendered":"Bar \u00e0 Vins Candy CCVB 15\/1 Noir"},"content":{"rendered":"<p>Si vous aimez prendre soin de chaque d\u00e9tail de votre maison et d&#8217;\u00eatre \u00e0 la derni\u00e8re mode en mati\u00e8re de produits qui vous rendront la vie plus facile, achetez <b>Bar \u00e0 Vins Candy CCVB 15\/1 Noir<\/b> au meilleur prix.<\/p>\n<ul>\n<li>Portes: 1 porte<\/li>\n<li>Largeur:\n<ul>\n<li>20 cm<\/li>\n<li>14,5 cm<\/li>\n<\/ul>\n<\/li>\n<li>\u00c9lev\u00e9: 89 cm<\/li>\n<li>Tension d&#8217;entr\u00e9e AC: 220-240 V<\/li>\n<li>Caract\u00e9ristiques:\n<ul>\n<li>\u00c9cran integr\u00e9<\/li>\n<li>Ventilateur int\u00e9gr\u00e9<\/li>\n<\/ul>\n<\/li>\n<li>Type:\n<ul>\n<li>LED<\/li>\n<li>Transparent<\/li>\n<li>Int\u00e9gr\u00e9<\/li>\n<\/ul>\n<\/li>\n<li>Couleur:\n<ul>\n<li>Transparent<\/li>\n<li>Noir<\/li>\n<\/ul>\n<\/li>\n<li>Capacit\u00e9:\n<ul>\n<li>7 bouteilles<\/li>\n<li>20 L<\/li>\n<\/ul>\n<\/li>\n<li>Long: 47,5 cm<\/li>\n<li>Poids approx.: 19,8 KG<\/li>\n<li>Mati\u00e8re:\n<ul>\n<li>Acier inoxydable<\/li>\n<li>Plastique<\/li>\n<\/ul>\n<\/li>\n<li>Amp\u00e9rage: 0,5 A<\/li>\n<li>Classification \u00e9nerg\u00e9tique:\n<ul>\n<li>G<\/li>\n<li>A<\/li>\n<\/ul>\n<\/li>\n<li>Tension:\n<ul>\n<li>230 V<\/li>\n<li>220-240 V<\/li>\n<\/ul>\n<\/li>\n<li>Direction d&#8217;ouverture: Droite<\/li>\n<li>Fr\u00e9quence: 50 Hz<\/li>\n<li>Inclut: Ecran<\/li>\n<li>Type de commande: Boutons<\/li>\n<li>Niveau sonore: 39 dB<\/li>\n<\/ul>","protected":false},"excerpt":{"rendered":"<p>Si vous aimez prendre soin de chaque d\u00e9tail de votre maison et d&#8217;\u00eatre \u00e0 la derni\u00e8re mode en mati\u00e8re de produits qui vous rendront la vie plus facile, achetez Bar \u00e0 Vins Candy CCVB 15\/1 Noir au meilleur prix. Portes: 1 porte Largeur: 20 cm 14,5 cm \u00c9lev\u00e9: 89 cm Tension d&#8217;entr\u00e9e AC: 220-240 V [&hellip;]<\/p>\n","protected":false},"featured_media":61218,"comment_status":"open","ping_status":"closed","template":"","meta":[],"product_brand":[995],"product_cat":[60,109,223],"product_tag":[105],"class_list":{"0":"post-61234","1":"product","2":"type-product","3":"status-publish","4":"has-post-thumbnail","6":"product_brand-brandp_1688","7":"product_cat-cuisine-gourmet","8":"product_cat-gourmet","9":"product_cat-oenologie","10":"product_tag-tag_21","12":"first","13":"instock","14":"taxable","15":"shipping-taxable","16":"purchasable","17":"product-type-simple"},"_links":{"self":[{"href":"https:\/\/bigbuy.tupique.com\/pt\/wp-json\/wp\/v2\/product\/61234","targetHints":{"allow":["GET"]}}],"collection":[{"href":"https:\/\/bigbuy.tupique.com\/pt\/wp-json\/wp\/v2\/product"}],"about":[{"href":"https:\/\/bigbuy.tupique.com\/pt\/wp-json\/wp\/v2\/types\/product"}],"replies":[{"embeddable":true,"href":"https:\/\/bigbuy.tupique.com\/pt\/wp-json\/wp\/v2\/comments?post=61234"}],"wp:featuredmedia":[{"embeddable":true,"href":"https:\/\/bigbuy.tupique.com\/pt\/wp-json\/wp\/v2\/media\/61218"}],"wp:attachment":[{"href":"https:\/\/bigbuy.tupique.com\/pt\/wp-json\/wp\/v2\/media?parent=61234"}],"wp:term":[{"taxonomy":"product_brand","embeddable":true,"href":"https:\/\/bigbuy.tupique.com\/pt\/wp-json\/wp\/v2\/product_brand?post=61234"},{"taxonomy":"product_cat","embeddable":true,"href":"https:\/\/bigbuy.tupique.com\/pt\/wp-json\/wp\/v2\/product_cat?post=61234"},{"taxonomy":"product_tag","embeddable":true,"href":"https:\/\/bigbuy.tupique.com\/pt\/wp-json\/wp\/v2\/product_tag?post=61234"}],"curies":[{"name":"wp","href":"https:\/\/api.w.org\/{rel}","templated":true}]}}