{"id":61195,"date":"2026-04-01T15:55:31","date_gmt":"2026-04-01T14:55:31","guid":{"rendered":"https:\/\/bigbuy.tupique.com\/produto\/oven-teka-neohsb6360ss\/"},"modified":"2026-05-11T19:57:08","modified_gmt":"2026-05-11T17:57:08","slug":"oven-teka-neohsb6360ss","status":"publish","type":"product","link":"https:\/\/bigbuy.tupique.com\/pt\/produto\/oven-teka-neohsb6360ss\/","title":{"rendered":"Four Teka NEOHSB6360SS"},"content":{"rendered":"<p>Si vous \u00eates \u00e0 la recherche de nouvelles tendances sur le march\u00e9, nous vous pr\u00e9sentons <b>Four Teka NEOHSB6360SS<\/b> !<\/p>\n<p>Le <b>four Teka mod\u00e8le HSB6360<\/b> est un appareil con\u00e7u pour offrir une performance efficace et une utilisation intuitive en cuisine. Il pr\u00e9sente un design \u00e9l\u00e9gant en <b>couleur argent\u00e9e<\/b> qui s\u2019int\u00e8gre facilement \u00e0 diff\u00e9rents styles de d\u00e9coration. Il dispose d\u2019une <b>capacit\u00e9 int\u00e9rieure totale de 70 litres<\/b>, permettant de cuisiner diverses pr\u00e9parations et plats familiaux. Son <b>type de commande rotative<\/b> assure une manipulation simple et pr\u00e9cise des fonctions, facilitant le r\u00e9glage rapide du temps et de la temp\u00e9rature. De plus, il est \u00e9quip\u00e9 d\u2019une <b>lumi\u00e8re int\u00e9rieure<\/b> qui am\u00e9liore la visibilit\u00e9 pendant la cuisson, permettant de surveiller l\u2019\u00e9tat des aliments sans ouvrir la porte, ce qui aide \u00e0 conserver la chaleur et le processus de cuisson. Ce four utilise une connexion standard <b>prise europ\u00e9enne (EU)<\/b> pour son alimentation \u00e9lectrique, garantissant compatibilit\u00e9 et s\u00e9curit\u00e9 \u00e0 l\u2019installation. La combinaison de ses caract\u00e9ristiques techniques et fonctionnelles est pens\u00e9e pour les utilisateurs recherchant un four aux performances basiques mais fiables, id\u00e9al au quotidien. En r\u00e9sum\u00e9, le HSB6360 de Teka offre un bon \u00e9quilibre entre capacit\u00e9, facilit\u00e9 d\u2019usage et efficacit\u00e9, se positionnant comme une option pratique dans la gamme des fours domestiques.<\/p>\n<ul>\n<li>Type de four: Four<\/li>\n<li>Produit \u00e0 brancher: Oui<\/li>\n<li>Type de prise: Prise EU<\/li>\n<li>Bloc d\u2019Alimentation: r\u00e9seau \u00e9lectrique<\/li>\n<li>Caract\u00e9ristiques: Lumi\u00e8re int\u00e9rieure<\/li>\n<li>Type de commande: Plaque Tournante<\/li>\n<li>Couleur: Argent\u00e9<\/li>\n<\/ul>","protected":false},"excerpt":{"rendered":"<p>Si vous \u00eates \u00e0 la recherche de nouvelles tendances sur le march\u00e9, nous vous pr\u00e9sentons Four Teka NEOHSB6360SS ! Le four Teka mod\u00e8le HSB6360 est un appareil con\u00e7u pour offrir une performance efficace et une utilisation intuitive en cuisine. Il pr\u00e9sente un design \u00e9l\u00e9gant en couleur argent\u00e9e qui s\u2019int\u00e8gre facilement \u00e0 diff\u00e9rents styles de d\u00e9coration. [&hellip;]<\/p>\n","protected":false},"featured_media":61194,"comment_status":"open","ping_status":"closed","template":"","meta":[],"product_brand":[667],"product_cat":[60,747,77],"product_tag":[55],"class_list":{"0":"post-61195","1":"product","2":"type-product","3":"status-publish","4":"has-post-thumbnail","6":"product_brand-brandp_1172","7":"product_cat-cuisine-gourmet","8":"product_cat-fours","9":"product_cat-petit-electromenager","10":"product_tag-tag_926","12":"first","13":"instock","14":"taxable","15":"shipping-taxable","16":"purchasable","17":"product-type-simple"},"_links":{"self":[{"href":"https:\/\/bigbuy.tupique.com\/pt\/wp-json\/wp\/v2\/product\/61195","targetHints":{"allow":["GET"]}}],"collection":[{"href":"https:\/\/bigbuy.tupique.com\/pt\/wp-json\/wp\/v2\/product"}],"about":[{"href":"https:\/\/bigbuy.tupique.com\/pt\/wp-json\/wp\/v2\/types\/product"}],"replies":[{"embeddable":true,"href":"https:\/\/bigbuy.tupique.com\/pt\/wp-json\/wp\/v2\/comments?post=61195"}],"wp:featuredmedia":[{"embeddable":true,"href":"https:\/\/bigbuy.tupique.com\/pt\/wp-json\/wp\/v2\/media\/61194"}],"wp:attachment":[{"href":"https:\/\/bigbuy.tupique.com\/pt\/wp-json\/wp\/v2\/media?parent=61195"}],"wp:term":[{"taxonomy":"product_brand","embeddable":true,"href":"https:\/\/bigbuy.tupique.com\/pt\/wp-json\/wp\/v2\/product_brand?post=61195"},{"taxonomy":"product_cat","embeddable":true,"href":"https:\/\/bigbuy.tupique.com\/pt\/wp-json\/wp\/v2\/product_cat?post=61195"},{"taxonomy":"product_tag","embeddable":true,"href":"https:\/\/bigbuy.tupique.com\/pt\/wp-json\/wp\/v2\/product_tag?post=61195"}],"curies":[{"name":"wp","href":"https:\/\/api.w.org\/{rel}","templated":true}]}}