{"id":61184,"date":"2026-04-01T15:55:20","date_gmt":"2026-04-01T14:55:20","guid":{"rendered":"https:\/\/bigbuy.tupique.com\/produto\/speakers-jbl-xd5-black-100-w-20-w-2-units\/"},"modified":"2026-04-15T05:09:40","modified_gmt":"2026-04-15T04:09:40","slug":"speakers-jbl-xd5-black-100-w-20-w-2-units","status":"publish","type":"product","link":"https:\/\/bigbuy.tupique.com\/pt\/produto\/speakers-jbl-xd5-black-100-w-20-w-2-units\/","title":{"rendered":"Haut-parleurs JBL XD5 Noir 100 W 20 W (2 Unit\u00e9s)"},"content":{"rendered":"<p>Si vous \u00eates \u00e0 la recherche de nouvelles tendances sur le march\u00e9, nous vous pr\u00e9sentons <b>Haut-parleurs JBL XD5 Noir 100 W 20 W (2 Unit\u00e9s)<\/b> !<\/p>\n<ul>\n<li>Couleur: Noir<\/li>\n<li>Format: Bureau<\/li>\n<li>puissance:\n<ul>\n<li>100 W<\/li>\n<li>20 W<\/li>\n<\/ul>\n<\/li>\n<li>Puissance RMS:\n<ul>\n<li>15 W<\/li>\n<li>30 W<\/li>\n<li>50 W<\/li>\n<li>60 W<\/li>\n<li>80 W<\/li>\n<li>125 W<\/li>\n<li>140 W<\/li>\n<li>150 W<\/li>\n<li>160 W<\/li>\n<li>240 W<\/li>\n<li>36 W<\/li>\n<li>20W<\/li>\n<li>40 W<\/li>\n<\/ul>\n<\/li>\n<li>Cha\u00eenes:\n<ul>\n<li>2<\/li>\n<li>2.0<\/li>\n<\/ul>\n<\/li>\n<li>Unit\u00e9s: 2 Unit\u00e9s<\/li>\n<\/ul>","protected":false},"excerpt":{"rendered":"<p>Si vous \u00eates \u00e0 la recherche de nouvelles tendances sur le march\u00e9, nous vous pr\u00e9sentons Haut-parleurs JBL XD5 Noir 100 W 20 W (2 Unit\u00e9s) ! Couleur: Noir Format: Bureau puissance: 100 W 20 W Puissance RMS: 15 W 30 W 50 W 60 W 80 W 125 W 140 W 150 W 160 W [&hellip;]<\/p>\n","protected":false},"featured_media":61183,"comment_status":"open","ping_status":"closed","template":"","meta":[],"product_brand":[1574],"product_cat":[755,763,65],"product_tag":[106],"class_list":{"0":"post-61184","1":"product","2":"type-product","3":"status-publish","4":"has-post-thumbnail","6":"product_brand-brandp_2838","7":"product_cat-electronique-son","8":"product_cat-haut-parleurs","9":"product_cat-informatique-electronique","10":"product_tag-tag_1295","12":"first","13":"instock","14":"taxable","15":"shipping-taxable","16":"purchasable","17":"product-type-simple"},"_links":{"self":[{"href":"https:\/\/bigbuy.tupique.com\/pt\/wp-json\/wp\/v2\/product\/61184","targetHints":{"allow":["GET"]}}],"collection":[{"href":"https:\/\/bigbuy.tupique.com\/pt\/wp-json\/wp\/v2\/product"}],"about":[{"href":"https:\/\/bigbuy.tupique.com\/pt\/wp-json\/wp\/v2\/types\/product"}],"replies":[{"embeddable":true,"href":"https:\/\/bigbuy.tupique.com\/pt\/wp-json\/wp\/v2\/comments?post=61184"}],"wp:featuredmedia":[{"embeddable":true,"href":"https:\/\/bigbuy.tupique.com\/pt\/wp-json\/wp\/v2\/media\/61183"}],"wp:attachment":[{"href":"https:\/\/bigbuy.tupique.com\/pt\/wp-json\/wp\/v2\/media?parent=61184"}],"wp:term":[{"taxonomy":"product_brand","embeddable":true,"href":"https:\/\/bigbuy.tupique.com\/pt\/wp-json\/wp\/v2\/product_brand?post=61184"},{"taxonomy":"product_cat","embeddable":true,"href":"https:\/\/bigbuy.tupique.com\/pt\/wp-json\/wp\/v2\/product_cat?post=61184"},{"taxonomy":"product_tag","embeddable":true,"href":"https:\/\/bigbuy.tupique.com\/pt\/wp-json\/wp\/v2\/product_tag?post=61184"}],"curies":[{"name":"wp","href":"https:\/\/api.w.org\/{rel}","templated":true}]}}