{"id":61087,"date":"2026-04-01T15:45:41","date_gmt":"2026-04-01T14:45:41","guid":{"rendered":"https:\/\/bigbuy.tupique.com\/produto\/soundbar-lg-sc9s-black-400-w\/"},"modified":"2026-04-15T04:08:01","modified_gmt":"2026-04-15T03:08:01","slug":"soundbar-lg-sc9s-black-400-w","status":"publish","type":"product","link":"https:\/\/bigbuy.tupique.com\/pt\/produto\/soundbar-lg-sc9s-black-400-w\/","title":{"rendered":"Barre audio LG SC9S Noir 400 W"},"content":{"rendered":"<p>Si vous \u00eates passionn\u00e9 d&#8217;<b>informatique et d&#8217;\u00e9lectronique<\/b>, si vous \u00eates \u00e0 la pointe de la technologie et qu&#8217;aucun d\u00e9tail ne vous \u00e9chappe, achetez <b>Barre audio LG SC9S Noir 400 W<\/b> au meilleur prix.<\/p>\n<ul>\n<li>Connexions:\n<ul>\n<li>USB<\/li>\n<li>HDMI<\/li>\n<li>USB 2.0<\/li>\n<li>Optique<\/li>\n<li>HDCP<\/li>\n<li>HDMI x 2<\/li>\n<\/ul>\n<\/li>\n<li>Produit \u00e0 brancher: Oui<\/li>\n<li>Type de prise: Prise EU<\/li>\n<li>Type:\n<ul>\n<li>Haut-parleur<\/li>\n<li>Montage mural<\/li>\n<li>Subwoofer<\/li>\n<li>Wireless<\/li>\n<\/ul>\n<\/li>\n<li>Bloc d\u2019Alimentation:\n<ul>\n<li>r\u00e9seau \u00e9lectrique<\/li>\n<li>C\u00e2ble \u00e9lectrique<\/li>\n<\/ul>\n<\/li>\n<li>Connectivit\u00e9:\n<ul>\n<li>Wi-Fi<\/li>\n<li>Bluetooth<\/li>\n<li>eARC<\/li>\n<\/ul>\n<\/li>\n<li>Couleur: Noir<\/li>\n<li>Caract\u00e9ristiques:\n<ul>\n<li>Arr\u00eat Automatique<\/li>\n<li>Avec t\u00e9l\u00e9commande<\/li>\n<li>\u00c9cran integr\u00e9<\/li>\n<li>Montage mural<\/li>\n<li>Garantie<\/li>\n<li>Guide d&#8217;installation inclus<\/li>\n<li>T\u00e9moin de fonctionnement LED<\/li>\n<li>Apple AirPlay 2<\/li>\n<li>SimpLink<\/li>\n<li>Canal de retour audio (ARC)<\/li>\n<\/ul>\n<\/li>\n<li>Technologie:\n<ul>\n<li>LED<\/li>\n<li>HDR10<\/li>\n<\/ul>\n<\/li>\n<li>Fr\u00e9quence: 50 Hz<\/li>\n<li>Piles incluses: Oui<\/li>\n<li>Inclut:\n<ul>\n<li>T\u00e9l\u00e9commande<\/li>\n<li>HDMI 2.0<\/li>\n<li>Subwoofer<\/li>\n<li>Kit de montage mural<\/li>\n<li>Supports de montage<\/li>\n<\/ul>\n<\/li>\n<li>Volume sonore: 85 dB<\/li>\n<li>Chromecast: Oui<\/li>\n<li>puissance: 400 W<\/li>\n<li>Imp\u00e9dance: 3 \u03a9<\/li>\n<li>C\u00e2ble d\u2019Alimentation: D\u00e9montable<\/li>\n<li>Audio: DTS Digital Surround,DTS-HD HR,DTS-HD Master Audio,DTS:X,Dolby Atmos,Dolby Digital,Dolby Digital Plus,Dolby TrueHD<\/li>\n<\/ul>","protected":false},"excerpt":{"rendered":"<p>Si vous \u00eates passionn\u00e9 d&#8217;informatique et d&#8217;\u00e9lectronique, si vous \u00eates \u00e0 la pointe de la technologie et qu&#8217;aucun d\u00e9tail ne vous \u00e9chappe, achetez Barre audio LG SC9S Noir 400 W au meilleur prix. Connexions: USB HDMI USB 2.0 Optique HDCP HDMI x 2 Produit \u00e0 brancher: Oui Type de prise: Prise EU Type: Haut-parleur Montage [&hellip;]<\/p>\n","protected":false},"featured_media":61073,"comment_status":"open","ping_status":"closed","template":"","meta":[],"product_brand":[662],"product_cat":[1278,755,65],"product_tag":[106],"class_list":{"0":"post-61087","1":"product","2":"type-product","3":"status-publish","4":"has-post-thumbnail","6":"product_brand-brandp_559","7":"product_cat-barres-de-son","8":"product_cat-electronique-son","9":"product_cat-informatique-electronique","10":"product_tag-tag_1295","12":"first","13":"instock","14":"taxable","15":"shipping-taxable","16":"purchasable","17":"product-type-simple"},"_links":{"self":[{"href":"https:\/\/bigbuy.tupique.com\/pt\/wp-json\/wp\/v2\/product\/61087","targetHints":{"allow":["GET"]}}],"collection":[{"href":"https:\/\/bigbuy.tupique.com\/pt\/wp-json\/wp\/v2\/product"}],"about":[{"href":"https:\/\/bigbuy.tupique.com\/pt\/wp-json\/wp\/v2\/types\/product"}],"replies":[{"embeddable":true,"href":"https:\/\/bigbuy.tupique.com\/pt\/wp-json\/wp\/v2\/comments?post=61087"}],"wp:featuredmedia":[{"embeddable":true,"href":"https:\/\/bigbuy.tupique.com\/pt\/wp-json\/wp\/v2\/media\/61073"}],"wp:attachment":[{"href":"https:\/\/bigbuy.tupique.com\/pt\/wp-json\/wp\/v2\/media?parent=61087"}],"wp:term":[{"taxonomy":"product_brand","embeddable":true,"href":"https:\/\/bigbuy.tupique.com\/pt\/wp-json\/wp\/v2\/product_brand?post=61087"},{"taxonomy":"product_cat","embeddable":true,"href":"https:\/\/bigbuy.tupique.com\/pt\/wp-json\/wp\/v2\/product_cat?post=61087"},{"taxonomy":"product_tag","embeddable":true,"href":"https:\/\/bigbuy.tupique.com\/pt\/wp-json\/wp\/v2\/product_tag?post=61087"}],"curies":[{"name":"wp","href":"https:\/\/api.w.org\/{rel}","templated":true}]}}