{"id":60971,"date":"2026-04-01T15:42:28","date_gmt":"2026-04-01T14:42:28","guid":{"rendered":"https:\/\/bigbuy.tupique.com\/produto\/dishwasher-teka-dfi46650-60-cm\/"},"modified":"2026-04-16T16:25:09","modified_gmt":"2026-04-16T15:25:09","slug":"dishwasher-teka-dfi46650-60-cm","status":"publish","type":"product","link":"https:\/\/bigbuy.tupique.com\/pt\/produto\/dishwasher-teka-dfi46650-60-cm\/","title":{"rendered":"Lave-vaisselle Teka DFI46650 60 cm"},"content":{"rendered":"<p>Si vous pensez r\u00e9nover votre cuisine, achetez <b>Lave-vaisselle Teka DFI46650 60 cm<\/b> et d\u00b4autres <b>produits Teka<\/b> !<\/p>\n<p>Le <b>lave-vaisselle Teka DFI46650<\/b> est un appareil encastrable con\u00e7u pour optimiser l\u2019espace dans les cuisines compactes ou int\u00e9gr\u00e9es, avec une <b>largeur r\u00e9elle de 59,8 cm<\/b> facilitant son installation dans des modules standards. Il offre une <b>capacit\u00e9 de 12 couverts<\/b>, adapt\u00e9 aux familles moyennes ou \u00e0 ceux qui doivent laver une quantit\u00e9 importante de vaisselle \u00e0 chaque cycle. Sa <b>classe \u00e9nerg\u00e9tique E<\/b> indique une consommation d\u2019\u00e9nergie responsable, contribuant \u00e0 une utilisation efficace et \u00e0 la r\u00e9duction des co\u00fbts sur la facture \u00e9lectrique. Ce mod\u00e8le se distingue \u00e9galement par sa <b>consommation d\u2019eau de 11 litres par cycle<\/b>, un niveau mod\u00e9r\u00e9 alliant efficacit\u00e9 et respect de l\u2019environnement. Parmi ses fonctions, il int\u00e8gre un <b>\u00e9cran digital<\/b> facilitant la s\u00e9lection et la programmation des diff\u00e9rents modes de lavage, avec des options comme le d\u00e9part diff\u00e9r\u00e9 jusqu\u2019\u00e0 <b>12 heures<\/b>, permettant d\u2019adapter l\u2019utilisation de l\u2019appareil aux besoins quotidiens et de profiter de tarifs \u00e9lectriques plus avantageux. Il comprend aussi l\u2019option de <b>demi-charge<\/b>, optimisant la consommation lorsque la charge est moindre, sans attendre de remplir compl\u00e8tement le lave-vaisselle. La porte pr\u00e9sente une couleur neutre sans particularit\u00e9 de design, mettant l\u2019accent sur la fonctionnalit\u00e9 et l\u2019adaptabilit\u00e9 de l\u2019ensemble. Le mod\u00e8le Teka DFI46650 s\u2019adresse aux utilisateurs recherchant un bon \u00e9quilibre entre capacit\u00e9, consommation et confort dans un lave-vaisselle encastrable qui s\u2019adapte \u00e0 l\u2019espace disponible sans renoncer \u00e0 la technologie essentielle pour un lavage efficace et personnalis\u00e9. C\u2019est une option fonctionnelle et pratique dans le segment moyen, adapt\u00e9e aux foyers cherchant performance et facilit\u00e9 d\u2019usage dans une cuisine int\u00e9gr\u00e9e.<\/p>\n<ul>\n<li>Type: Lave-vaisselle<\/li>\n<li>Produit \u00e0 brancher: Oui<\/li>\n<li>Type de prise: Prise EU<\/li>\n<li>Bloc d\u2019Alimentation: r\u00e9seau \u00e9lectrique<\/li>\n<li>Largeur: 60 cm<\/li>\n<li>Caract\u00e9ristiques:\n<ul>\n<li>\u00c9cran integr\u00e9<\/li>\n<li>Commande tactile<\/li>\n<\/ul>\n<\/li>\n<li>Type d&#8217;installation: Int\u00e9grable<\/li>\n<li>Capacit\u00e9 (Nb de couverts): 12<\/li>\n<li>Classification \u00e9nerg\u00e9tique: E<\/li>\n<li>Capacit\u00e9: 11 L<\/li>\n<\/ul>","protected":false},"excerpt":{"rendered":"<p><span class=\"unit-info\">53.3627 &euro; \/ 1 l<\/span><\/p>","protected":false},"featured_media":60969,"comment_status":"open","ping_status":"closed","template":"","meta":[],"product_brand":[667],"product_cat":[393,60,77],"product_tag":[],"class_list":{"0":"post-60971","1":"product","2":"type-product","3":"status-publish","4":"has-post-thumbnail","6":"product_brand-brandp_1172","7":"product_cat-autres-appareils-de-cuisines","8":"product_cat-cuisine-gourmet","9":"product_cat-petit-electromenager","11":"first","12":"instock","13":"taxable","14":"shipping-taxable","15":"purchasable","16":"product-type-simple"},"_links":{"self":[{"href":"https:\/\/bigbuy.tupique.com\/pt\/wp-json\/wp\/v2\/product\/60971","targetHints":{"allow":["GET"]}}],"collection":[{"href":"https:\/\/bigbuy.tupique.com\/pt\/wp-json\/wp\/v2\/product"}],"about":[{"href":"https:\/\/bigbuy.tupique.com\/pt\/wp-json\/wp\/v2\/types\/product"}],"replies":[{"embeddable":true,"href":"https:\/\/bigbuy.tupique.com\/pt\/wp-json\/wp\/v2\/comments?post=60971"}],"wp:featuredmedia":[{"embeddable":true,"href":"https:\/\/bigbuy.tupique.com\/pt\/wp-json\/wp\/v2\/media\/60969"}],"wp:attachment":[{"href":"https:\/\/bigbuy.tupique.com\/pt\/wp-json\/wp\/v2\/media?parent=60971"}],"wp:term":[{"taxonomy":"product_brand","embeddable":true,"href":"https:\/\/bigbuy.tupique.com\/pt\/wp-json\/wp\/v2\/product_brand?post=60971"},{"taxonomy":"product_cat","embeddable":true,"href":"https:\/\/bigbuy.tupique.com\/pt\/wp-json\/wp\/v2\/product_cat?post=60971"},{"taxonomy":"product_tag","embeddable":true,"href":"https:\/\/bigbuy.tupique.com\/pt\/wp-json\/wp\/v2\/product_tag?post=60971"}],"curies":[{"name":"wp","href":"https:\/\/api.w.org\/{rel}","templated":true}]}}