{"id":60915,"date":"2026-04-01T15:40:40","date_gmt":"2026-04-01T14:40:40","guid":{"rendered":"https:\/\/bigbuy.tupique.com\/produto\/oven-balay-3hb4131x3-71-l\/"},"modified":"2026-05-11T19:56:46","modified_gmt":"2026-05-11T17:56:46","slug":"oven-balay-3hb4131x3-71-l","status":"publish","type":"product","link":"https:\/\/bigbuy.tupique.com\/pt\/produto\/oven-balay-3hb4131x3-71-l\/","title":{"rendered":"Four Balay 3HB4131X3 71 L"},"content":{"rendered":"<p>Si vous pensez r\u00e9nover votre cuisine, achetez <b>Four Balay 3HB4131X3 71 L<\/b> et d\u00b4autres <b>produits Balay<\/b> !<\/p>\n<p>Le <b>four Balay 3HB4131X3<\/b> est un appareil \u00e9lectrom\u00e9nager con\u00e7u pour offrir efficacit\u00e9 et confort en cuisine, se distinguant par sa <b>classe \u00e9nerg\u00e9tique A+<\/b>, garantissant une consommation r\u00e9duite et une performance respectueuse de l\u2019environnement. Sa <b>capacit\u00e9 int\u00e9rieure de 71 litres<\/b> offre suffisamment d\u2019espace pour pr\u00e9parer des plats quotidiens comme des pr\u00e9parations plus volumineuses, id\u00e9al pour les familles ou les amateurs de cuisine \u00e0 domicile. Il pr\u00e9sente un design en <b>acier inoxydable<\/b>, qui apporte \u00e9l\u00e9gance et modernit\u00e9 tout en facilitant le nettoyage et en maintenant le four en parfait \u00e9tat avec un usage quotidien. Ce mod\u00e8le int\u00e8gre <b>10 programmes automatiques<\/b> simplifiant le choix du mode de cuisson adapt\u00e9 \u00e0 chaque recette, pour des r\u00e9sultats optimaux sans complication. L\u2019interface combine un <b>syst\u00e8me de contr\u00f4le rotatif et tactile<\/b>, permettant une manipulation intuitive et pr\u00e9cise des fonctions. Parmi ses caract\u00e9ristiques de s\u00e9curit\u00e9, on trouve le <b>verrouillage enfant<\/b>, une fonction essentielle pour pr\u00e9venir les accidents dans les foyers avec des enfants. De plus, il dispose d\u2019une <b>lumi\u00e8re int\u00e9rieure<\/b> facilitant la surveillance de la cuisson sans ouvrir la porte, contribuant \u00e0 maintenir une temp\u00e9rature constante. Avec une <b>largeur de 59,4 cm<\/b>, il est con\u00e7u pour s\u2019int\u00e9grer facilement dans la plupart des cuisines standards. En r\u00e9sum\u00e9, le four Balay 3HB4131X3 se positionne comme une solution pratique et fiable pour les utilisateurs recherchant un \u00e9quilibre entre fonctionnalit\u00e9 avanc\u00e9e, efficacit\u00e9 \u00e9nerg\u00e9tique et s\u00e9curit\u00e9.<\/p>\n<ul>\n<li>Type de four: Four<\/li>\n<li>Produit \u00e0 brancher: Oui<\/li>\n<li>Type de prise: Prise EU<\/li>\n<li>Type: Four \u00e0 convection<\/li>\n<li>Type de commande: Plaque Tournante<\/li>\n<li>Programmes: 10<\/li>\n<li>Bloc d\u2019Alimentation: r\u00e9seau \u00e9lectrique<\/li>\n<li>Inclut: Plateau<\/li>\n<li>Classification \u00e9nerg\u00e9tique: A+<\/li>\n<li>Caract\u00e9ristiques:\n<ul>\n<li>Verrouillage pour enfants<\/li>\n<li>Lumi\u00e8re int\u00e9rieure<\/li>\n<li>\u00c9cran integr\u00e9<\/li>\n<li>Int\u00e9gr\u00e9<\/li>\n<\/ul>\n<\/li>\n<li>Largeur: 59,4 cm<\/li>\n<li>Couleur: Acier<\/li>\n<li>Capacit\u00e9: 71 L<\/li>\n<\/ul>","protected":false},"excerpt":{"rendered":"<p><span class=\"unit-info\">6.2111 &euro; \/ 1 l<\/span><\/p>","protected":false},"featured_media":60913,"comment_status":"open","ping_status":"closed","template":"","meta":[],"product_brand":[114],"product_cat":[60,747,77],"product_tag":[55],"class_list":{"0":"post-60915","1":"product","2":"type-product","3":"status-publish","4":"has-post-thumbnail","6":"product_brand-brandp_1251","7":"product_cat-cuisine-gourmet","8":"product_cat-fours","9":"product_cat-petit-electromenager","10":"product_tag-tag_926","12":"first","13":"instock","14":"taxable","15":"shipping-taxable","16":"purchasable","17":"product-type-simple"},"_links":{"self":[{"href":"https:\/\/bigbuy.tupique.com\/pt\/wp-json\/wp\/v2\/product\/60915","targetHints":{"allow":["GET"]}}],"collection":[{"href":"https:\/\/bigbuy.tupique.com\/pt\/wp-json\/wp\/v2\/product"}],"about":[{"href":"https:\/\/bigbuy.tupique.com\/pt\/wp-json\/wp\/v2\/types\/product"}],"replies":[{"embeddable":true,"href":"https:\/\/bigbuy.tupique.com\/pt\/wp-json\/wp\/v2\/comments?post=60915"}],"wp:featuredmedia":[{"embeddable":true,"href":"https:\/\/bigbuy.tupique.com\/pt\/wp-json\/wp\/v2\/media\/60913"}],"wp:attachment":[{"href":"https:\/\/bigbuy.tupique.com\/pt\/wp-json\/wp\/v2\/media?parent=60915"}],"wp:term":[{"taxonomy":"product_brand","embeddable":true,"href":"https:\/\/bigbuy.tupique.com\/pt\/wp-json\/wp\/v2\/product_brand?post=60915"},{"taxonomy":"product_cat","embeddable":true,"href":"https:\/\/bigbuy.tupique.com\/pt\/wp-json\/wp\/v2\/product_cat?post=60915"},{"taxonomy":"product_tag","embeddable":true,"href":"https:\/\/bigbuy.tupique.com\/pt\/wp-json\/wp\/v2\/product_tag?post=60915"}],"curies":[{"name":"wp","href":"https:\/\/api.w.org\/{rel}","templated":true}]}}