{"id":60785,"date":"2026-04-01T15:36:14","date_gmt":"2026-04-01T14:36:14","guid":{"rendered":"https:\/\/bigbuy.tupique.com\/produto\/electric-scooter-b-mov-tramuntana-800-w\/"},"modified":"2026-04-15T02:19:56","modified_gmt":"2026-04-15T01:19:56","slug":"electric-scooter-b-mov-tramuntana-800-w","status":"publish","type":"product","link":"https:\/\/bigbuy.tupique.com\/pt\/produto\/electric-scooter-b-mov-tramuntana-800-w\/","title":{"rendered":"Trottinette \u00c9lectrique B-Mov TRAMUNTANA 800 W"},"content":{"rendered":"<p>Restez en forme et d\u00e9couvrez les derni\u00e8res nouveaut\u00e9s du secteur pour faire du sport avec les meilleures garanties ! Achetez <b>Trottinette \u00c9lectrique B-Mov TRAMUNTANA 800 W<\/b> au meilleur prix et profitez d&#8217;une vie saine !<\/p>\n<p>Le <b>trottinette \u00e9lectrique TRAMUNTANA<\/b> de la marque B-Mov est un v\u00e9hicule urbain con\u00e7u pour offrir une mobilit\u00e9 pratique et efficace avec des caract\u00e9ristiques techniques adapt\u00e9es aux d\u00e9placements quotidiens. Avec une <b>puissance de 800 W<\/b>, il assure une conduite agile et des performances optimales, permettant d\u2019atteindre une <b>vitesse maximale de 25 km\/h<\/b>, conforme \u00e0 la r\u00e9glementation en vigueur pour la circulation en ville. Il est \u00e9quip\u00e9 d\u2019une batterie haute capacit\u00e9 de <b>10000 mAh<\/b> et d\u2019un <b>voltage de 48 V<\/b>, offrant une autonomie d\u2019environ 35 km par charge, id\u00e9ale pour des trajets moyens sans recharge fr\u00e9quente. Son design int\u00e8gre une structure <b>pliable<\/b>, facilitant son transport et son rangement dans des espaces r\u00e9duits, une caract\u00e9ristique essentielle pour les utilisateurs recherchant une mobilit\u00e9 flexible et pratique pour combiner plusieurs modes de transport. Il dispose \u00e9galement de roues <b>antid\u00e9flagrantes de 10 pouces<\/b> \u00e0 l\u2019avant comme \u00e0 l\u2019arri\u00e8re, garantissant une meilleure r\u00e9sistance et s\u00e9curit\u00e9 face aux impr\u00e9vus sur la route. Le syst\u00e8me \u00e9lectrique et la configuration du moteur offrent un \u00e9quilibre entre puissance et efficacit\u00e9 \u00e9nerg\u00e9tique, adapt\u00e9 \u00e0 un usage urbain r\u00e9gulier sur des parcours plats ou l\u00e9g\u00e8rement inclin\u00e9s. Ce mod\u00e8le est fourni avec une prise europ\u00e9enne, adapt\u00e9e \u00e0 une recharge domestique standard. En r\u00e9sum\u00e9, le trottinette \u00e9lectrique B-Mov TRAMUNTANA r\u00e9unit des sp\u00e9cifications techniques r\u00e9pondant aux besoins des utilisateurs cherchant un v\u00e9hicule \u00e9lectrique compact, performant, avec une autonomie suffisante et une grande facilit\u00e9 de maniement pour les d\u00e9placements urbains quotidiens.<\/p>\n<ul>\n<li>Type: Trottinette \u00c9lectrique<\/li>\n<li>Produit \u00e0 brancher: Oui<\/li>\n<li>Type de prise: Prise EU<\/li>\n<li>Bloc d\u2019Alimentation:\n<ul>\n<li>r\u00e9seau \u00e9lectrique<\/li>\n<li>Batterie<\/li>\n<\/ul>\n<\/li>\n<li>Caract\u00e9ristiques: Pliable<\/li>\n<li>puissance: 800 W<\/li>\n<li>Capacit\u00e9 de la batterie: 10000 mAh<\/li>\n<li>Tension: 48 V<\/li>\n<li>Taille: 10&#8243;<\/li>\n<li>vitesse: 25 km\/h<\/li>\n<li>Autonomie approx.: 35 km<\/li>\n<\/ul>\n<p>Informations importantes: Si la marque n&#8217;a pas immatricul\u00e9 la trotinette, le propi\u00e9taire devra passer le ITV ou le T\u00dbV pour obtenir un &#8220;EBE&#8221; ou un permis de circulation individuel.<\/p>","protected":false},"excerpt":{"rendered":"<p>Restez en forme et d\u00e9couvrez les derni\u00e8res nouveaut\u00e9s du secteur pour faire du sport avec les meilleures garanties ! Achetez Trottinette \u00c9lectrique B-Mov TRAMUNTANA 800 W au meilleur prix et profitez d&#8217;une vie saine ! Le trottinette \u00e9lectrique TRAMUNTANA de la marque B-Mov est un v\u00e9hicule urbain con\u00e7u pour offrir une mobilit\u00e9 pratique et efficace [&hellip;]<\/p>\n","protected":false},"featured_media":60784,"comment_status":"open","ping_status":"closed","template":"","meta":[],"product_brand":[1613],"product_cat":[609,65,1146],"product_tag":[163],"class_list":{"0":"post-60785","1":"product","2":"type-product","3":"status-publish","4":"has-post-thumbnail","6":"product_brand-brandp_4741","7":"product_cat-electronique-jouets-electroniques","8":"product_cat-informatique-electronique","9":"product_cat-trottinettes-electriques","10":"product_tag-tag_17","12":"first","13":"instock","14":"taxable","15":"shipping-taxable","16":"purchasable","17":"product-type-simple"},"_links":{"self":[{"href":"https:\/\/bigbuy.tupique.com\/pt\/wp-json\/wp\/v2\/product\/60785","targetHints":{"allow":["GET"]}}],"collection":[{"href":"https:\/\/bigbuy.tupique.com\/pt\/wp-json\/wp\/v2\/product"}],"about":[{"href":"https:\/\/bigbuy.tupique.com\/pt\/wp-json\/wp\/v2\/types\/product"}],"replies":[{"embeddable":true,"href":"https:\/\/bigbuy.tupique.com\/pt\/wp-json\/wp\/v2\/comments?post=60785"}],"wp:featuredmedia":[{"embeddable":true,"href":"https:\/\/bigbuy.tupique.com\/pt\/wp-json\/wp\/v2\/media\/60784"}],"wp:attachment":[{"href":"https:\/\/bigbuy.tupique.com\/pt\/wp-json\/wp\/v2\/media?parent=60785"}],"wp:term":[{"taxonomy":"product_brand","embeddable":true,"href":"https:\/\/bigbuy.tupique.com\/pt\/wp-json\/wp\/v2\/product_brand?post=60785"},{"taxonomy":"product_cat","embeddable":true,"href":"https:\/\/bigbuy.tupique.com\/pt\/wp-json\/wp\/v2\/product_cat?post=60785"},{"taxonomy":"product_tag","embeddable":true,"href":"https:\/\/bigbuy.tupique.com\/pt\/wp-json\/wp\/v2\/product_tag?post=60785"}],"curies":[{"name":"wp","href":"https:\/\/api.w.org\/{rel}","templated":true}]}}