{"id":60748,"date":"2026-04-01T15:35:24","date_gmt":"2026-04-01T14:35:24","guid":{"rendered":"https:\/\/bigbuy.tupique.com\/produto\/conventional-hood-mepamsa-eden-90-steel\/"},"modified":"2026-04-15T02:19:14","modified_gmt":"2026-04-15T01:19:14","slug":"conventional-hood-mepamsa-eden-90-steel","status":"publish","type":"product","link":"https:\/\/bigbuy.tupique.com\/pt\/produto\/conventional-hood-mepamsa-eden-90-steel\/","title":{"rendered":"Hotte standard Mepamsa EDEN 90 Acier"},"content":{"rendered":"<p>Si vous pensez r\u00e9nover votre cuisine, achetez <b>Hotte standard Mepamsa EDEN 90 Acier<\/b> et d\u00b4autres <b>produits Mepamsa<\/b> !<\/p>\n<p>Le <b>EDEN 90<\/b> de Mepamsa est une <b>hotte conventionnelle<\/b> con\u00e7ue pour assurer une extraction efficace des fum\u00e9es et vapeurs dans les cuisines domestiques, avec un <b>largeur de 90 cm<\/b> adapt\u00e9e aux cuisines de taille moyenne. Sa <b>puissance de 250 W<\/b> garantit une performance optimale, atteignant une <b>capacit\u00e9 maximale d\u2019extraction de 590 m\u00b3\/h<\/b>, facilitant un environnement plus propre et sans odeurs pendant la cuisson. Cette hotte dispose de <b>trois vitesses<\/b>, permettant de r\u00e9gler son intensit\u00e9 selon les besoins culinaires et d\u2019am\u00e9liorer l\u2019exp\u00e9rience d\u2019utilisation. Elle est \u00e9quip\u00e9e d\u2019un filtre \u00e0 graisse en <b>aluminium<\/b>, un mat\u00e9riau durable et facile \u00e0 nettoyer, contribuant \u00e0 maintenir la propret\u00e9 interne et \u00e0 prolonger la dur\u00e9e de vie de l\u2019appareil. Le design int\u00e8gre une finition en <b>acier<\/b>, apportant robustesse et un aspect moderne et \u00e9l\u00e9gant compatible avec diverses d\u00e9corations de cuisine. De plus, son faible <b>niveau sonore de 46 dB<\/b> en vitesse basse assure un fonctionnement relativement silencieux, \u00e9vitant les nuisances lors d\u2019une utilisation prolong\u00e9e. Son efficacit\u00e9 est confirm\u00e9e par une <b>classe \u00e9nerg\u00e9tique A<\/b>, indiquant une consommation ma\u00eetris\u00e9e et respectueuse de l\u2019environnement. Gr\u00e2ce \u00e0 sa technologie LED int\u00e9gr\u00e9e, elle offre un \u00e9clairage adapt\u00e9 \u00e0 la zone de cuisson, am\u00e9liorant la visibilit\u00e9 sans augmenter la consommation \u00e9nerg\u00e9tique. En r\u00e9sum\u00e9, l\u2019EDEN 90 combine fonctionnalit\u00e9s cl\u00e9s, qualit\u00e9 des mat\u00e9riaux et efficacit\u00e9 \u00e9nerg\u00e9tique, s\u2019adressant aux utilisateurs recherchant une solution pratique et fiable pour l\u2019\u00e9vacuation des fum\u00e9es dans leur cuisine.<\/p>\n<ul>\n<li>Type de prise: Prise EU<\/li>\n<li>Produit \u00e0 brancher: Oui<\/li>\n<li>Type:\n<ul>\n<li>Hotte standard<\/li>\n<li>De toit<\/li>\n<\/ul>\n<\/li>\n<li>Bloc d\u2019Alimentation: r\u00e9seau \u00e9lectrique<\/li>\n<li>Couleur: Acier<\/li>\n<li>Largeur: 90 cm<\/li>\n<li>Classification \u00e9nerg\u00e9tique: A<\/li>\n<li>puissance: 250 W<\/li>\n<li>Type d&#8217;ampoule: LED<\/li>\n<li>Niveau sonore: 46 dB<\/li>\n<li>Filtre: Aluminium<\/li>\n<li>Capacit\u00e9 d\u2019extraction: 590 m3\/h<\/li>\n<li>Poids approx.: 25 kg<\/li>\n<\/ul>","protected":false},"excerpt":{"rendered":"<p>Si vous pensez r\u00e9nover votre cuisine, achetez Hotte standard Mepamsa EDEN 90 Acier et d\u00b4autres produits Mepamsa ! Le EDEN 90 de Mepamsa est une hotte conventionnelle con\u00e7ue pour assurer une extraction efficace des fum\u00e9es et vapeurs dans les cuisines domestiques, avec un largeur de 90 cm adapt\u00e9e aux cuisines de taille moyenne. Sa puissance [&hellip;]<\/p>\n","protected":false},"featured_media":60745,"comment_status":"open","ping_status":"closed","template":"","meta":[],"product_brand":[1540],"product_cat":[60,61,62],"product_tag":[56],"class_list":{"0":"post-60748","1":"product","2":"type-product","3":"status-publish","4":"has-post-thumbnail","6":"product_brand-brandp_1292","7":"product_cat-cuisine-gourmet","8":"product_cat-equipement-de-cuisine","9":"product_cat-hottes-de-cuisine","10":"product_tag-tag_930","12":"first","13":"instock","14":"taxable","15":"shipping-taxable","16":"purchasable","17":"product-type-simple"},"_links":{"self":[{"href":"https:\/\/bigbuy.tupique.com\/pt\/wp-json\/wp\/v2\/product\/60748","targetHints":{"allow":["GET"]}}],"collection":[{"href":"https:\/\/bigbuy.tupique.com\/pt\/wp-json\/wp\/v2\/product"}],"about":[{"href":"https:\/\/bigbuy.tupique.com\/pt\/wp-json\/wp\/v2\/types\/product"}],"replies":[{"embeddable":true,"href":"https:\/\/bigbuy.tupique.com\/pt\/wp-json\/wp\/v2\/comments?post=60748"}],"wp:featuredmedia":[{"embeddable":true,"href":"https:\/\/bigbuy.tupique.com\/pt\/wp-json\/wp\/v2\/media\/60745"}],"wp:attachment":[{"href":"https:\/\/bigbuy.tupique.com\/pt\/wp-json\/wp\/v2\/media?parent=60748"}],"wp:term":[{"taxonomy":"product_brand","embeddable":true,"href":"https:\/\/bigbuy.tupique.com\/pt\/wp-json\/wp\/v2\/product_brand?post=60748"},{"taxonomy":"product_cat","embeddable":true,"href":"https:\/\/bigbuy.tupique.com\/pt\/wp-json\/wp\/v2\/product_cat?post=60748"},{"taxonomy":"product_tag","embeddable":true,"href":"https:\/\/bigbuy.tupique.com\/pt\/wp-json\/wp\/v2\/product_tag?post=60748"}],"curies":[{"name":"wp","href":"https:\/\/api.w.org\/{rel}","templated":true}]}}