{"id":60678,"date":"2026-04-01T15:31:23","date_gmt":"2026-04-01T14:31:23","guid":{"rendered":"https:\/\/bigbuy.tupique.com\/produto\/induction-hot-plate-teka-izc-63320-mps-7200-w\/"},"modified":"2026-04-15T01:26:29","modified_gmt":"2026-04-15T00:26:29","slug":"induction-hot-plate-teka-izc-63320-mps-7200-w","status":"publish","type":"product","link":"https:\/\/bigbuy.tupique.com\/pt\/produto\/induction-hot-plate-teka-izc-63320-mps-7200-w\/","title":{"rendered":"Plaque \u00e0 Induction Teka IZC 63320 MPS 7200 W"},"content":{"rendered":"<p>Si vous pensez r\u00e9nover votre cuisine, achetez <b>Plaque \u00e0 Induction Teka IZC 63320 MPS 7200 W<\/b> et d\u00b4autres <b>produits Teka<\/b> !<\/p>\n<p>La <b>plaque \u00e0 induction<\/b> <b>Teka IZC 63320 MPS<\/b> offre une solution moderne, efficace et s\u00fbre pour \u00e9quiper la cuisine avec une technologie de pointe. Ce mod\u00e8le int\u00e8gre <b>trois zones de cuisson<\/b>, facilitant la pr\u00e9paration simultan\u00e9e de diff\u00e9rents plats et optimisant l\u2019espace gr\u00e2ce \u00e0 sa <b>largeur de 60 cm<\/b>, une dimension standard adapt\u00e9e \u00e0 la plupart des plans de travail. La <b>puissance totale de 7200 W<\/b> garantit un chauffage rapide et pr\u00e9cis, permettant d\u2019atteindre des temp\u00e9ratures \u00e9lev\u00e9es en quelques secondes et offrant une r\u00e9ponse imm\u00e9diate lors du r\u00e9glage des niveaux de chaleur, essentiel pour des cuissons rapides et ma\u00eetris\u00e9es. Sa finition en <b>noir<\/b> apporte une esth\u00e9tique \u00e9l\u00e9gante et minimaliste qui s\u2019int\u00e8gre facilement \u00e0 tout style de cuisine, tout en \u00e9tant <b>facile \u00e0 nettoyer<\/b> gr\u00e2ce \u00e0 la surface plane et r\u00e9sistante en verre vitro-c\u00e9ramique. Pensant \u00e0 la s\u00e9curit\u00e9 familiale, ce mod\u00e8le inclut un <b>verrouillage enfant<\/b>, fonction indispensable dans les foyers avec enfants, \u00e9vitant les allumages involontaires ou les changements accidentels de r\u00e9glages. Le <b>minuteur<\/b> int\u00e9gr\u00e9 permet de programmer le temps de cuisson pour chaque zone, offrant un meilleur contr\u00f4le des pr\u00e9parations et facilitant aussi bien la cuisine quotidienne que les recettes plus \u00e9labor\u00e9es. Comme pour les plaques \u00e0 induction, la chaleur est transmise directement au r\u00e9cipient, am\u00e9liorant l\u2019efficacit\u00e9 \u00e9nerg\u00e9tique et r\u00e9duisant la consommation, tout en maintenant la surface ti\u00e8de pour une protection accrue lors de son utilisation. Le mod\u00e8le Teka IZC 63320 MPS se pr\u00e9sente ainsi comme un choix id\u00e9al pour ceux qui recherchent fonctionnalit\u00e9, s\u00e9curit\u00e9 et design dans leur espace culinaire, offrant une exp\u00e9rience avanc\u00e9e et fiable au quotidien.<\/p>\n<ul>\n<li>Couleur: Noir<\/li>\n<li>Caract\u00e9ristiques:\n<ul>\n<li>Facile \u00e0 nettoyer<\/li>\n<li>Commande tactile<\/li>\n<\/ul>\n<\/li>\n<li>puissance: 7200 W<\/li>\n<li>Zones de cuisson: 3<\/li>\n<li>Type:\n<ul>\n<li>Plaque \u00e0 Induction<\/li>\n<li>Int\u00e9gr\u00e9<\/li>\n<\/ul>\n<\/li>\n<li>Forme: Rond<\/li>\n<li>Type de commande: Tactile<\/li>\n<\/ul>","protected":false},"excerpt":{"rendered":"<p>Si vous pensez r\u00e9nover votre cuisine, achetez Plaque \u00e0 Induction Teka IZC 63320 MPS 7200 W et d\u00b4autres produits Teka ! La plaque \u00e0 induction Teka IZC 63320 MPS offre une solution moderne, efficace et s\u00fbre pour \u00e9quiper la cuisine avec une technologie de pointe. Ce mod\u00e8le int\u00e8gre trois zones de cuisson, facilitant la pr\u00e9paration [&hellip;]<\/p>\n","protected":false},"featured_media":60677,"comment_status":"open","ping_status":"closed","template":"","meta":[],"product_brand":[667],"product_cat":[60,77,78],"product_tag":[55,56],"class_list":{"0":"post-60678","1":"product","2":"type-product","3":"status-publish","4":"has-post-thumbnail","6":"product_brand-brandp_1172","7":"product_cat-cuisine-gourmet","8":"product_cat-petit-electromenager","9":"product_cat-plaques-de-cuisson","10":"product_tag-tag_926","11":"product_tag-tag_930","13":"first","14":"instock","15":"taxable","16":"shipping-taxable","17":"purchasable","18":"product-type-simple"},"_links":{"self":[{"href":"https:\/\/bigbuy.tupique.com\/pt\/wp-json\/wp\/v2\/product\/60678","targetHints":{"allow":["GET"]}}],"collection":[{"href":"https:\/\/bigbuy.tupique.com\/pt\/wp-json\/wp\/v2\/product"}],"about":[{"href":"https:\/\/bigbuy.tupique.com\/pt\/wp-json\/wp\/v2\/types\/product"}],"replies":[{"embeddable":true,"href":"https:\/\/bigbuy.tupique.com\/pt\/wp-json\/wp\/v2\/comments?post=60678"}],"wp:featuredmedia":[{"embeddable":true,"href":"https:\/\/bigbuy.tupique.com\/pt\/wp-json\/wp\/v2\/media\/60677"}],"wp:attachment":[{"href":"https:\/\/bigbuy.tupique.com\/pt\/wp-json\/wp\/v2\/media?parent=60678"}],"wp:term":[{"taxonomy":"product_brand","embeddable":true,"href":"https:\/\/bigbuy.tupique.com\/pt\/wp-json\/wp\/v2\/product_brand?post=60678"},{"taxonomy":"product_cat","embeddable":true,"href":"https:\/\/bigbuy.tupique.com\/pt\/wp-json\/wp\/v2\/product_cat?post=60678"},{"taxonomy":"product_tag","embeddable":true,"href":"https:\/\/bigbuy.tupique.com\/pt\/wp-json\/wp\/v2\/product_tag?post=60678"}],"curies":[{"name":"wp","href":"https:\/\/api.w.org\/{rel}","templated":true}]}}