{"id":60676,"date":"2026-04-01T15:31:20","date_gmt":"2026-04-01T14:31:20","guid":{"rendered":"https:\/\/bigbuy.tupique.com\/produto\/superautomatic-coffee-maker-solac-ce4810-black-1470-w-12-l\/"},"modified":"2026-04-15T01:25:41","modified_gmt":"2026-04-15T00:25:41","slug":"superautomatic-coffee-maker-solac-ce4810-black-1470-w-12-l","status":"publish","type":"product","link":"https:\/\/bigbuy.tupique.com\/pt\/produto\/superautomatic-coffee-maker-solac-ce4810-black-1470-w-12-l\/","title":{"rendered":"Cafeti\u00e8re superautomatique Solac CE4810 Noir 1470 W 1,2 L"},"content":{"rendered":"<p>Si vous recherchez des \u00e9lectrom\u00e9nagers pour votre maison aux meilleurs prix, ne manquez pas <b>Cafeti\u00e8re superautomatique Solac CE4810 Noir 1470 W 1,2 L<\/b> et une large s\u00e9lection de petits \u00e9lectrom\u00e9nagers de qualit\u00e9 !<\/p>\n<p>La <b>cafeti\u00e8re super-automatique Solac CE4810<\/b> allie fonctionnalit\u00e9 avanc\u00e9e et design robuste pour offrir une exp\u00e9rience compl\u00e8te de pr\u00e9paration de caf\u00e9 \u00e0 domicile ou dans de petits espaces de travail. Gr\u00e2ce \u00e0 sa <b>pression maximale de fonctionnement de 19 bars<\/b>, elle garantit une extraction optimale du caf\u00e9, permettant d\u2019obtenir des expressos cors\u00e9s et aromatiques. Sa <b>puissance de 1470 W<\/b> assure un chauffage rapide et efficace, r\u00e9duisant les temps d\u2019attente entre les pr\u00e9parations. Cette cafeti\u00e8re est fabriqu\u00e9e en <b>acier inoxydable<\/b>, ce qui lui conf\u00e8re durabilit\u00e9 et une finition \u00e9l\u00e9gante qui s\u2019harmonise avec toutes les cuisines, mettant en valeur ses tons <b>noir et gris<\/b>. Elle dispose d\u2019une <b>capacit\u00e9 de 1,2 litre<\/b>, id\u00e9ale pour pr\u00e9parer plusieurs tasses sans avoir \u00e0 remplir constamment le r\u00e9servoir, facilitant ainsi son usage quotidien. Parmi ses fonctions, elle permet de pr\u00e9parer des cappuccinos gr\u00e2ce \u00e0 son syst\u00e8me int\u00e9gr\u00e9 qui mousse le lait de fa\u00e7on simple et homog\u00e8ne, \u00e9largissant la vari\u00e9t\u00e9 de boissons r\u00e9alisables. Son design super-automatique simplifie la gestion du processus, de la mouture et du dosage du caf\u00e9 jusqu\u2019au versement, sans n\u00e9cessiter d\u2019intervention manuelle complexe. En r\u00e9sum\u00e9, la Solac CE4810 se pr\u00e9sente comme une cafeti\u00e8re super-automatique aux performances \u00e9quilibr\u00e9es, mat\u00e9riaux de qualit\u00e9 et caract\u00e9ristiques techniques garantissant une pr\u00e9paration constante et professionnelle pour les amateurs de caf\u00e9.<\/p>\n<ul>\n<li>Couleur:\n<ul>\n<li>Noir<\/li>\n<li>Gris<\/li>\n<\/ul>\n<\/li>\n<li>Caract\u00e9ristiques:\n<ul>\n<li>Bac d&#8217;\u00e9gouttage amovible<\/li>\n<li>Broyeur int\u00e9gr\u00e9<\/li>\n<li>Plateau chauffe-tasses<\/li>\n<li>\u00c9cran integr\u00e9<\/li>\n<li>Commande tactile<\/li>\n<li>Commande par boutons<\/li>\n<\/ul>\n<\/li>\n<li>Produit \u00e0 brancher: Oui<\/li>\n<li>Type de prise: Prise EU<\/li>\n<li>Type: Cafeti\u00e8re superautomatique<\/li>\n<li>Bloc d\u2019Alimentation: r\u00e9seau \u00e9lectrique<\/li>\n<li>Largeur: 180<\/li>\n<li>puissance: 1470 W<\/li>\n<li>Pression: 19 bar<\/li>\n<li>Capacit\u00e9: 1,2 L<\/li>\n<li>Mati\u00e8re: Acier inoxydable<\/li>\n<li>Tension: 240 V<\/li>\n<\/ul>","protected":false},"excerpt":{"rendered":"<p>Si vous recherchez des \u00e9lectrom\u00e9nagers pour votre maison aux meilleurs prix, ne manquez pas Cafeti\u00e8re superautomatique Solac CE4810 Noir 1470 W 1,2 L et une large s\u00e9lection de petits \u00e9lectrom\u00e9nagers de qualit\u00e9 ! La cafeti\u00e8re super-automatique Solac CE4810 allie fonctionnalit\u00e9 avanc\u00e9e et design robuste pour offrir une exp\u00e9rience compl\u00e8te de pr\u00e9paration de caf\u00e9 \u00e0 domicile [&hellip;]<\/p>\n","protected":false},"featured_media":60675,"comment_status":"open","ping_status":"closed","template":"","meta":[],"product_brand":[1610],"product_cat":[725,60,77],"product_tag":[56],"class_list":{"0":"post-60676","1":"product","2":"type-product","3":"status-publish","4":"has-post-thumbnail","6":"product_brand-brandp_1049","7":"product_cat-cafetieres","8":"product_cat-cuisine-gourmet","9":"product_cat-petit-electromenager","10":"product_tag-tag_930","12":"first","13":"instock","14":"taxable","15":"shipping-taxable","16":"purchasable","17":"product-type-simple"},"_links":{"self":[{"href":"https:\/\/bigbuy.tupique.com\/pt\/wp-json\/wp\/v2\/product\/60676","targetHints":{"allow":["GET"]}}],"collection":[{"href":"https:\/\/bigbuy.tupique.com\/pt\/wp-json\/wp\/v2\/product"}],"about":[{"href":"https:\/\/bigbuy.tupique.com\/pt\/wp-json\/wp\/v2\/types\/product"}],"replies":[{"embeddable":true,"href":"https:\/\/bigbuy.tupique.com\/pt\/wp-json\/wp\/v2\/comments?post=60676"}],"wp:featuredmedia":[{"embeddable":true,"href":"https:\/\/bigbuy.tupique.com\/pt\/wp-json\/wp\/v2\/media\/60675"}],"wp:attachment":[{"href":"https:\/\/bigbuy.tupique.com\/pt\/wp-json\/wp\/v2\/media?parent=60676"}],"wp:term":[{"taxonomy":"product_brand","embeddable":true,"href":"https:\/\/bigbuy.tupique.com\/pt\/wp-json\/wp\/v2\/product_brand?post=60676"},{"taxonomy":"product_cat","embeddable":true,"href":"https:\/\/bigbuy.tupique.com\/pt\/wp-json\/wp\/v2\/product_cat?post=60676"},{"taxonomy":"product_tag","embeddable":true,"href":"https:\/\/bigbuy.tupique.com\/pt\/wp-json\/wp\/v2\/product_tag?post=60676"}],"curies":[{"name":"wp","href":"https:\/\/api.w.org\/{rel}","templated":true}]}}