{"id":60562,"date":"2026-04-01T15:27:49","date_gmt":"2026-04-01T14:27:49","guid":{"rendered":"https:\/\/bigbuy.tupique.com\/produto\/duct-air-conditioning-tcl-m24d1w1-a-a-wi-fi-6800-w\/"},"modified":"2026-04-15T05:46:21","modified_gmt":"2026-04-15T04:46:21","slug":"duct-air-conditioning-tcl-m24d1w1-a-a-wi-fi-6800-w","status":"publish","type":"product","link":"https:\/\/bigbuy.tupique.com\/pt\/produto\/duct-air-conditioning-tcl-m24d1w1-a-a-wi-fi-6800-w\/","title":{"rendered":"Air Conditionn\u00e9 pour Conduits TCL M24D1W1 A+ A++ Wi-Fi 6800 W"},"content":{"rendered":"<p>Si vous \u00eates \u00e0 la recherche de nouvelles tendances sur le march\u00e9, nous vous pr\u00e9sentons <b>Air Conditionn\u00e9 pour Conduits TCL M24D1W1 A+ A++ Wi-Fi 6800 W<\/b> !<\/p>\n<ul>\n<li>Couleur: Gris<\/li>\n<li>Classification \u00e9nerg\u00e9tique:\n<ul>\n<li>A+<\/li>\n<li>A++<\/li>\n<\/ul>\n<\/li>\n<li>Gaz: R32<\/li>\n<li>Mati\u00e8re: M\u00e9tal<\/li>\n<li>Connectivit\u00e9: Wi-Fi<\/li>\n<li>Tension: 220 V<\/li>\n<li>puissance: 6800 W<\/li>\n<li>Technologie: Inverter<\/li>\n<li>Puissance frigorifique: 19780 fg\/h<\/li>\n<li>Puissance calorifique: 23220 kcal\/h<\/li>\n<\/ul>","protected":false},"excerpt":{"rendered":"<p>Si vous \u00eates \u00e0 la recherche de nouvelles tendances sur le march\u00e9, nous vous pr\u00e9sentons Air Conditionn\u00e9 pour Conduits TCL M24D1W1 A+ A++ Wi-Fi 6800 W ! Couleur: Gris Classification \u00e9nerg\u00e9tique: A+ A++ Gaz: R32 Mati\u00e8re: M\u00e9tal Connectivit\u00e9: Wi-Fi Tension: 220 V puissance: 6800 W Technologie: Inverter Puissance frigorifique: 19780 fg\/h Puissance calorifique: 23220 kcal\/h<\/p>","protected":false},"featured_media":60561,"comment_status":"open","ping_status":"closed","template":"","meta":[],"product_brand":[1153],"product_cat":[732,1334,239],"product_tag":[721,210],"class_list":{"0":"post-60562","1":"product","2":"type-product","3":"status-publish","4":"has-post-thumbnail","6":"product_brand-brandp_3009","7":"product_cat-climatisation-et-chauffage","8":"product_cat-climatiseurs-et-ventilateurs","9":"product_cat-maison-jardin","10":"product_tag-tag_124","11":"product_tag-tag_25","13":"first","14":"instock","15":"taxable","16":"shipping-taxable","17":"purchasable","18":"product-type-simple"},"_links":{"self":[{"href":"https:\/\/bigbuy.tupique.com\/pt\/wp-json\/wp\/v2\/product\/60562","targetHints":{"allow":["GET"]}}],"collection":[{"href":"https:\/\/bigbuy.tupique.com\/pt\/wp-json\/wp\/v2\/product"}],"about":[{"href":"https:\/\/bigbuy.tupique.com\/pt\/wp-json\/wp\/v2\/types\/product"}],"replies":[{"embeddable":true,"href":"https:\/\/bigbuy.tupique.com\/pt\/wp-json\/wp\/v2\/comments?post=60562"}],"wp:featuredmedia":[{"embeddable":true,"href":"https:\/\/bigbuy.tupique.com\/pt\/wp-json\/wp\/v2\/media\/60561"}],"wp:attachment":[{"href":"https:\/\/bigbuy.tupique.com\/pt\/wp-json\/wp\/v2\/media?parent=60562"}],"wp:term":[{"taxonomy":"product_brand","embeddable":true,"href":"https:\/\/bigbuy.tupique.com\/pt\/wp-json\/wp\/v2\/product_brand?post=60562"},{"taxonomy":"product_cat","embeddable":true,"href":"https:\/\/bigbuy.tupique.com\/pt\/wp-json\/wp\/v2\/product_cat?post=60562"},{"taxonomy":"product_tag","embeddable":true,"href":"https:\/\/bigbuy.tupique.com\/pt\/wp-json\/wp\/v2\/product_tag?post=60562"}],"curies":[{"name":"wp","href":"https:\/\/api.w.org\/{rel}","templated":true}]}}