{"id":60538,"date":"2026-04-01T15:26:45","date_gmt":"2026-04-01T14:26:45","guid":{"rendered":"https:\/\/bigbuy.tupique.com\/produto\/food-processor-kitchenaid-5ksm125eac-300-w-48-l\/"},"modified":"2026-04-15T03:32:14","modified_gmt":"2026-04-15T02:32:14","slug":"food-processor-kitchenaid-5ksm125eac-300-w-48-l","status":"publish","type":"product","link":"https:\/\/bigbuy.tupique.com\/pt\/produto\/food-processor-kitchenaid-5ksm125eac-300-w-48-l\/","title":{"rendered":"Robot culinaire KitchenAid 5KSM125EAC 300 W 4,8 L"},"content":{"rendered":"<p>Si vous recherchez des \u00e9lectrom\u00e9nagers pour votre maison aux meilleurs prix, ne manquez pas <b>Robot culinaire KitchenAid 5KSM125EAC 300 W 4,8 L<\/b> et une large s\u00e9lection de petits \u00e9lectrom\u00e9nagers de qualit\u00e9 !<\/p>\n<p>Le <b>robot de cuisine KitchenAid 5KSM125EAC<\/b> est un outil polyvalent et robuste con\u00e7u pour faciliter les t\u00e2ches culinaires avec efficacit\u00e9. Il dispose d\u2019une <b>puissance de 300 W<\/b> garantissant une performance constante et puissante pour diverses pr\u00e9parations, des smoothies aux p\u00e2tes plus \u00e9paisses. Sa <b>capacit\u00e9 de 4,8 litres<\/b> est id\u00e9ale pour r\u00e9aliser des recettes familiales ou pour petits groupes, permettant de m\u00e9langer les ingr\u00e9dients en quantit\u00e9 sans compromettre la qualit\u00e9. Fabriqu\u00e9 en <b>acier inoxydable<\/b>, ce robot offre une durabilit\u00e9 sup\u00e9rieure et un nettoyage facile, tout en apportant un design \u00e9l\u00e9gant et professionnel \u00e0 toute cuisine. Il inclut des accessoires essentiels comme des fouets et des crochets p\u00e9trisseurs, facilitant la pr\u00e9paration de m\u00e9langes l\u00e9gers comme de p\u00e2tes plus lourdes, s\u2019adaptant \u00e0 diff\u00e9rentes textures et besoins culinaires. Il dispose \u00e9galement d\u2019un syst\u00e8me \u00e0 <b>vitesses variables<\/b> pour un contr\u00f4le pr\u00e9cis durant le processus, \u00e9largissant son usage et son adaptabilit\u00e9 \u00e0 diverses recettes. Son alimentation <b>type C, 50 &#8211; 60 Hz<\/b> assure la compatibilit\u00e9 avec les r\u00e9seaux \u00e9lectriques europ\u00e9ens standards, s\u2019int\u00e9grant facilement dans tout foyer. Ce mod\u00e8le repr\u00e9sente une solution pratique et fonctionnelle pour ceux qui recherchent un appareil fiable et durable, offrant qualit\u00e9 et polyvalence dans la pr\u00e9paration quotidienne des aliments. En r\u00e9sum\u00e9, le <b>KitchenAid 5KSM125EAC<\/b> combine mat\u00e9riaux r\u00e9sistants, puissance adapt\u00e9e et accessoires essentiels, s\u2019imposant comme un choix \u00e9quilibr\u00e9 pour amateurs et professionnels valorisant pr\u00e9cision et efficacit\u00e9 en cuisine.<\/p>\n<ul>\n<li>Produit \u00e0 brancher: Oui<\/li>\n<li>Type de prise:\n<ul>\n<li>Prise EU<\/li>\n<li>Type C<\/li>\n<\/ul>\n<\/li>\n<li>Bloc d\u2019Alimentation: r\u00e9seau \u00e9lectrique<\/li>\n<li>Type: Fouet<\/li>\n<li>Mati\u00e8re: Acier inoxydable<\/li>\n<li>Caract\u00e9ristiques: Diff\u00e9rentes vitesses<\/li>\n<li>Fr\u00e9quence: 50 &#8211; 60 Hz<\/li>\n<li>Inclut:\n<ul>\n<li>Tiges de m\u00e9lange<\/li>\n<li>Tiges de p\u00e9trissage<\/li>\n<\/ul>\n<\/li>\n<li>Tension: 220-240 V<\/li>\n<li>puissance: 300 W<\/li>\n<li>\u00c9cran integr\u00e9: Non<\/li>\n<li>Capacit\u00e9: 4,8 L<\/li>\n<li>Vitesse: 10 vitesses<\/li>\n<\/ul>","protected":false},"excerpt":{"rendered":"<p>Si vous recherchez des \u00e9lectrom\u00e9nagers pour votre maison aux meilleurs prix, ne manquez pas Robot culinaire KitchenAid 5KSM125EAC 300 W 4,8 L et une large s\u00e9lection de petits \u00e9lectrom\u00e9nagers de qualit\u00e9 ! Le robot de cuisine KitchenAid 5KSM125EAC est un outil polyvalent et robuste con\u00e7u pour faciliter les t\u00e2ches culinaires avec efficacit\u00e9. Il dispose d\u2019une [&hellip;]<\/p>\n","protected":false},"featured_media":60537,"comment_status":"open","ping_status":"closed","template":"","meta":[],"product_brand":[1572],"product_cat":[60,77,724],"product_tag":[55,56],"class_list":{"0":"post-60538","1":"product","2":"type-product","3":"status-publish","4":"has-post-thumbnail","6":"product_brand-brandp_5419","7":"product_cat-cuisine-gourmet","8":"product_cat-petit-electromenager","9":"product_cat-robots-de-cuisine","10":"product_tag-tag_926","11":"product_tag-tag_930","13":"first","14":"instock","15":"taxable","16":"shipping-taxable","17":"purchasable","18":"product-type-simple"},"_links":{"self":[{"href":"https:\/\/bigbuy.tupique.com\/pt\/wp-json\/wp\/v2\/product\/60538","targetHints":{"allow":["GET"]}}],"collection":[{"href":"https:\/\/bigbuy.tupique.com\/pt\/wp-json\/wp\/v2\/product"}],"about":[{"href":"https:\/\/bigbuy.tupique.com\/pt\/wp-json\/wp\/v2\/types\/product"}],"replies":[{"embeddable":true,"href":"https:\/\/bigbuy.tupique.com\/pt\/wp-json\/wp\/v2\/comments?post=60538"}],"wp:featuredmedia":[{"embeddable":true,"href":"https:\/\/bigbuy.tupique.com\/pt\/wp-json\/wp\/v2\/media\/60537"}],"wp:attachment":[{"href":"https:\/\/bigbuy.tupique.com\/pt\/wp-json\/wp\/v2\/media?parent=60538"}],"wp:term":[{"taxonomy":"product_brand","embeddable":true,"href":"https:\/\/bigbuy.tupique.com\/pt\/wp-json\/wp\/v2\/product_brand?post=60538"},{"taxonomy":"product_cat","embeddable":true,"href":"https:\/\/bigbuy.tupique.com\/pt\/wp-json\/wp\/v2\/product_cat?post=60538"},{"taxonomy":"product_tag","embeddable":true,"href":"https:\/\/bigbuy.tupique.com\/pt\/wp-json\/wp\/v2\/product_tag?post=60538"}],"curies":[{"name":"wp","href":"https:\/\/api.w.org\/{rel}","templated":true}]}}