{"id":60510,"date":"2026-04-01T15:26:12","date_gmt":"2026-04-01T14:26:12","guid":{"rendered":"https:\/\/bigbuy.tupique.com\/produto\/smartwatch-polar-vantage-v3-2\/"},"modified":"2026-04-15T02:20:24","modified_gmt":"2026-04-15T01:20:24","slug":"smartwatch-polar-vantage-v3-2","status":"publish","type":"product","link":"https:\/\/bigbuy.tupique.com\/pt\/produto\/smartwatch-polar-vantage-v3-2\/","title":{"rendered":"Montre intelligente Polar VANTAGE V3"},"content":{"rendered":"<p>Si vous \u00eates passionn\u00e9 d&#8217;<b>informatique et d&#8217;\u00e9lectronique<\/b>, si vous \u00eates \u00e0 la pointe de la technologie et qu&#8217;aucun d\u00e9tail ne vous \u00e9chappe, achetez <b>Montre intelligente Polar VANTAGE V3<\/b> au meilleur prix.<\/p>\n<p>Le <b>Polar VANTAGE V3<\/b> est une <b>montre connect\u00e9e<\/b> con\u00e7ue pour offrir un suivi pr\u00e9cis et avanc\u00e9 de l\u2019activit\u00e9 physique et de la sant\u00e9, \u00e9quip\u00e9e d\u2019une connectivit\u00e9 <b>Bluetooth<\/b> permettant une synchronisation simple et rapide avec les appareils mobiles. Cette montre de sport pr\u00e9sente un <b>bracelet en silicone<\/b> aux couleurs <b>bleu et gris<\/b>, garantissant confort et r\u00e9sistance au quotidien, id\u00e9ale pour les entra\u00eenements intensifs ou les activit\u00e9s en plein air. Son \u00e9cran tactile r\u00e9tro\u00e9clair\u00e9 facilite la lecture et la navigation m\u00eame en faible luminosit\u00e9, offrant une interaction intuitive avec les fonctions de l\u2019appareil. De plus, elle int\u00e8gre un <b>capteur de fr\u00e9quence cardiaque<\/b> qui permet de surveiller en temps r\u00e9el le rythme cardiaque, aidant \u00e0 optimiser la performance et \u00e0 contr\u00f4ler la sant\u00e9 cardiovasculaire pendant l\u2019exercice ou au quotidien. La batterie, con\u00e7ue pour une autonomie fiable, assure que la montre accompagne sur de longues p\u00e9riodes sans recharges fr\u00e9quentes. Gr\u00e2ce \u00e0 son port USB, la charge est pratique et rapide, facilitant une utilisation continue. Ce mod\u00e8le allie avec succ\u00e8s technologie avanc\u00e9e et mat\u00e9riaux fonctionnels pour les utilisateurs recherchant une montre intelligente capable de s\u2019adapter \u00e0 un style de vie actif et connect\u00e9. Le Polar VANTAGE V3 se distingue par son \u00e9quilibre entre design, pr\u00e9cision et connectivit\u00e9, se positionnant comme une option solide pour ceux qui veulent une montre connect\u00e9e polyvalente et fiable.<\/p>\n<ul>\n<li>Type de montre: Montre intelligente<\/li>\n<li>Produit \u00e0 brancher: Oui<\/li>\n<li>Type de prise: Prise EU<\/li>\n<li>Bloc d\u2019Alimentation: r\u00e9seau \u00e9lectrique<\/li>\n<li>Caract\u00e9ristiques:\n<ul>\n<li>Ecran tactile<\/li>\n<li>Port USB<\/li>\n<li>R\u00e9tro-\u00e9clair\u00e9<\/li>\n<\/ul>\n<\/li>\n<li>Fonctions: Moniteur de Sommeil<\/li>\n<li>Connectivit\u00e9: Bluetooth<\/li>\n<li>Ecran: 1,39&#8243;<\/li>\n<li>Mat\u00e9riau du bracelet: Silicone<\/li>\n<li>Podom\u00e8tre: Oui<\/li>\n<li>Inclut: Batterie<\/li>\n<\/ul>","protected":false},"excerpt":{"rendered":"<p>Si vous \u00eates passionn\u00e9 d&#8217;informatique et d&#8217;\u00e9lectronique, si vous \u00eates \u00e0 la pointe de la technologie et qu&#8217;aucun d\u00e9tail ne vous \u00e9chappe, achetez Montre intelligente Polar VANTAGE V3 au meilleur prix. Le Polar VANTAGE V3 est une montre connect\u00e9e con\u00e7ue pour offrir un suivi pr\u00e9cis et avanc\u00e9 de l\u2019activit\u00e9 physique et de la sant\u00e9, \u00e9quip\u00e9e [&hellip;]<\/p>\n","protected":false},"featured_media":60509,"comment_status":"open","ping_status":"closed","template":"","meta":[],"product_brand":[178],"product_cat":[575,65,748],"product_tag":[103,104,566,106],"class_list":{"0":"post-60510","1":"product","2":"type-product","3":"status-publish","4":"has-post-thumbnail","6":"product_brand-brandp_5019","7":"product_cat-electronique-telephonie-et-tablettes","8":"product_cat-informatique-electronique","9":"product_cat-smartwatches","10":"product_tag-tag_1261","11":"product_tag-tag_1279","12":"product_tag-tag_547","13":"product_tag-tag_1295","15":"first","16":"instock","17":"taxable","18":"shipping-taxable","19":"purchasable","20":"product-type-simple"},"_links":{"self":[{"href":"https:\/\/bigbuy.tupique.com\/pt\/wp-json\/wp\/v2\/product\/60510","targetHints":{"allow":["GET"]}}],"collection":[{"href":"https:\/\/bigbuy.tupique.com\/pt\/wp-json\/wp\/v2\/product"}],"about":[{"href":"https:\/\/bigbuy.tupique.com\/pt\/wp-json\/wp\/v2\/types\/product"}],"replies":[{"embeddable":true,"href":"https:\/\/bigbuy.tupique.com\/pt\/wp-json\/wp\/v2\/comments?post=60510"}],"wp:featuredmedia":[{"embeddable":true,"href":"https:\/\/bigbuy.tupique.com\/pt\/wp-json\/wp\/v2\/media\/60509"}],"wp:attachment":[{"href":"https:\/\/bigbuy.tupique.com\/pt\/wp-json\/wp\/v2\/media?parent=60510"}],"wp:term":[{"taxonomy":"product_brand","embeddable":true,"href":"https:\/\/bigbuy.tupique.com\/pt\/wp-json\/wp\/v2\/product_brand?post=60510"},{"taxonomy":"product_cat","embeddable":true,"href":"https:\/\/bigbuy.tupique.com\/pt\/wp-json\/wp\/v2\/product_cat?post=60510"},{"taxonomy":"product_tag","embeddable":true,"href":"https:\/\/bigbuy.tupique.com\/pt\/wp-json\/wp\/v2\/product_tag?post=60510"}],"curies":[{"name":"wp","href":"https:\/\/api.w.org\/{rel}","templated":true}]}}