{"id":60502,"date":"2026-04-01T15:26:04","date_gmt":"2026-04-01T14:26:04","guid":{"rendered":"https:\/\/bigbuy.tupique.com\/produto\/electric-scooter-smartgyro-k2-pro-xl-black-900-w\/"},"modified":"2026-04-15T02:19:55","modified_gmt":"2026-04-15T01:19:55","slug":"electric-scooter-smartgyro-k2-pro-xl-black-900-w","status":"publish","type":"product","link":"https:\/\/bigbuy.tupique.com\/pt\/produto\/electric-scooter-smartgyro-k2-pro-xl-black-900-w\/","title":{"rendered":"Trottinette \u00c9lectrique Smartgyro K2 PRO XL Noir 900 W"},"content":{"rendered":"<p>Restez en forme et d\u00e9couvrez les derni\u00e8res nouveaut\u00e9s du secteur pour faire du sport avec les meilleures garanties ! Achetez <b>Trottinette \u00c9lectrique Smartgyro K2 PRO XL Noir 900 W<\/b> au meilleur prix et profitez d&#8217;une vie saine !<\/p>\n<p>Le <b>Smartgyro K2 Pro XL<\/b> est une <b>trottinette \u00e9lectrique<\/b> qui allie puissance et fonctionnalit\u00e9 pour offrir une exp\u00e9rience de mobilit\u00e9 urbaine efficace et confortable. Son moteur de <b>900 W<\/b> lui permet d\u2019atteindre une <b>vitesse maximale de 25 km\/h<\/b>, adapt\u00e9e aux d\u00e9placements rapides en ville. Elle est \u00e9quip\u00e9e d\u2019une batterie haute capacit\u00e9, pr\u00e9cis\u00e9ment une <b>de 15000 mAh (48V 15Ah)<\/b>, offrant une autonomie allant jusqu\u2019\u00e0 <b>60 km par charge<\/b>, id\u00e9ale pour les trajets longs sans recharges fr\u00e9quentes. Ses roues avant et arri\u00e8re de <b>12 pouces<\/b> garantissent stabilit\u00e9 et bonne performance sur diff\u00e9rents types de rev\u00eatement. Le design du K2 Pro XL est un autre atout, car elle est <b>pliable<\/b> pour faciliter son transport et rangement, avec un syst\u00e8me <b>r\u00e9glable<\/b> permettant d\u2019adapter la hauteur du guidon aux besoins de l\u2019utilisateur, am\u00e9liorant l\u2019ergonomie pendant l\u2019usage. Sa finition en <b>noir<\/b> lui conf\u00e8re un aspect moderne et sobre, adapt\u00e9 \u00e0 tout environnement urbain. De plus, elle int\u00e8gre un <b>\u00e9cran int\u00e9gr\u00e9<\/b> affichant des informations essentielles comme la vitesse et l\u2019\u00e9tat de la batterie, facilitant le contr\u00f4le en temps r\u00e9el. En r\u00e9sum\u00e9, le Smartgyro K2 Pro XL est une solution avanc\u00e9e pour ceux qui recherchent un v\u00e9hicule \u00e9lectrique personnel puissant, autonome et pratique, combinant des caract\u00e9ristiques techniques solides \u00e0 un design pens\u00e9 pour la mobilit\u00e9 quotidienne.<\/p>\n<ul>\n<li>Produit \u00e0 brancher: Oui<\/li>\n<li>Type de prise: Prise EU<\/li>\n<li>Type: Trottinette \u00c9lectrique<\/li>\n<li>Bloc d\u2019Alimentation:\n<ul>\n<li>r\u00e9seau \u00e9lectrique<\/li>\n<li>Batterie<\/li>\n<\/ul>\n<\/li>\n<li>Couleur: Noir<\/li>\n<li>Caract\u00e9ristiques:\n<ul>\n<li>Pliable<\/li>\n<li>\u00c9cran integr\u00e9<\/li>\n<li>R\u00e9glable<\/li>\n<\/ul>\n<\/li>\n<li>puissance: 900 W<\/li>\n<li>Capacit\u00e9 de la batterie: 15000 mAh<\/li>\n<li>Taille: 12&#8243;<\/li>\n<li>vitesse: 25 km\/h<\/li>\n<li>Inclut: Lumi\u00e8re LED<\/li>\n<li>Classification IP: IPX4<\/li>\n<li>Autonomie approx.: 60 km<\/li>\n<li>roues: 2 roues<\/li>\n<li>Piles incluses: Oui<\/li>\n<li>\u00c2ge recommand\u00e9: Adultes<\/li>\n<li>Poids: 15 kg<\/li>\n<li>Fonctionne \u00e0 piles: 1 Litio Ion, incluidas<\/li>\n<\/ul>\n<p>Informations importantes: Si la marque n&#8217;a pas immatricul\u00e9 la trotinette, le propi\u00e9taire devra passer le ITV ou le T\u00dbV pour obtenir un &#8220;EBE&#8221; ou un permis de circulation individuel.<\/p>","protected":false},"excerpt":{"rendered":"<p>Restez en forme et d\u00e9couvrez les derni\u00e8res nouveaut\u00e9s du secteur pour faire du sport avec les meilleures garanties ! Achetez Trottinette \u00c9lectrique Smartgyro K2 PRO XL Noir 900 W au meilleur prix et profitez d&#8217;une vie saine ! Le Smartgyro K2 Pro XL est une trottinette \u00e9lectrique qui allie puissance et fonctionnalit\u00e9 pour offrir une [&hellip;]<\/p>\n","protected":false},"featured_media":60500,"comment_status":"open","ping_status":"closed","template":"","meta":[],"product_brand":[1228],"product_cat":[609,65,1146],"product_tag":[163],"class_list":{"0":"post-60502","1":"product","2":"type-product","3":"status-publish","4":"has-post-thumbnail","6":"product_brand-brandp_5033","7":"product_cat-electronique-jouets-electroniques","8":"product_cat-informatique-electronique","9":"product_cat-trottinettes-electriques","10":"product_tag-tag_17","12":"first","13":"instock","14":"taxable","15":"shipping-taxable","16":"purchasable","17":"product-type-simple"},"_links":{"self":[{"href":"https:\/\/bigbuy.tupique.com\/pt\/wp-json\/wp\/v2\/product\/60502","targetHints":{"allow":["GET"]}}],"collection":[{"href":"https:\/\/bigbuy.tupique.com\/pt\/wp-json\/wp\/v2\/product"}],"about":[{"href":"https:\/\/bigbuy.tupique.com\/pt\/wp-json\/wp\/v2\/types\/product"}],"replies":[{"embeddable":true,"href":"https:\/\/bigbuy.tupique.com\/pt\/wp-json\/wp\/v2\/comments?post=60502"}],"wp:featuredmedia":[{"embeddable":true,"href":"https:\/\/bigbuy.tupique.com\/pt\/wp-json\/wp\/v2\/media\/60500"}],"wp:attachment":[{"href":"https:\/\/bigbuy.tupique.com\/pt\/wp-json\/wp\/v2\/media?parent=60502"}],"wp:term":[{"taxonomy":"product_brand","embeddable":true,"href":"https:\/\/bigbuy.tupique.com\/pt\/wp-json\/wp\/v2\/product_brand?post=60502"},{"taxonomy":"product_cat","embeddable":true,"href":"https:\/\/bigbuy.tupique.com\/pt\/wp-json\/wp\/v2\/product_cat?post=60502"},{"taxonomy":"product_tag","embeddable":true,"href":"https:\/\/bigbuy.tupique.com\/pt\/wp-json\/wp\/v2\/product_tag?post=60502"}],"curies":[{"name":"wp","href":"https:\/\/api.w.org\/{rel}","templated":true}]}}