{"id":60485,"date":"2026-04-01T15:25:44","date_gmt":"2026-04-01T14:25:44","guid":{"rendered":"https:\/\/bigbuy.tupique.com\/produto\/oven-samsung-nv7b41301as-u1-3500-w-76-l\/"},"modified":"2026-04-15T02:18:36","modified_gmt":"2026-04-15T01:18:36","slug":"oven-samsung-nv7b41301as-u1-3500-w-76-l","status":"publish","type":"product","link":"https:\/\/bigbuy.tupique.com\/pt\/produto\/oven-samsung-nv7b41301as-u1-3500-w-76-l\/","title":{"rendered":"Four Samsung NV7B41301AS\/U1 3500 W 76 L"},"content":{"rendered":"<p>Si vous pensez r\u00e9nover votre cuisine, achetez <b>Four Samsung NV7B41301AS\/U1 3500 W 76 L<\/b> et d\u00b4autres <b>produits Samsung<\/b> !<\/p>\n<p>Le <b>four<\/b> <b>Samsung NV7B41301AS<\/b> est une solution avanc\u00e9e pour ceux qui recherchent efficacit\u00e9, capacit\u00e9 et s\u00e9curit\u00e9 dans la cuisine moderne. Ce mod\u00e8le, fabriqu\u00e9 avec une \u00e9l\u00e9gante finition en <b>acier inoxydable<\/b>, s\u2019int\u00e8gre parfaitement dans les espaces contemporains gr\u00e2ce \u00e0 sa <b>largeur standard de 60 cm<\/b>, id\u00e9ale pour les meubles encastr\u00e9s typiques de la plupart des cuisines europ\u00e9ennes. Il se distingue par sa <b>capacit\u00e9 int\u00e9rieure de 76 litres<\/b>, permettant de pr\u00e9parer facilement de grandes quantit\u00e9s d\u2019aliments ou des pi\u00e8ces volumineuses, ce qui en fait un excellent choix tant pour les familles nombreuses que pour les amateurs de p\u00e2tisserie ou de cuisine \u00e9labor\u00e9e. Il int\u00e8gre une <b>puissance efficace de 3500 W<\/b>, assurant un chauffage rapide et uniforme, essentiel pour obtenir des r\u00e9sultats de cuisson optimaux sur tous les niveaux. Ce four privil\u00e9gie l\u2019efficacit\u00e9 \u00e9nerg\u00e9tique, offrant une double r\u00e9f\u00e9rence avec une <b>classe \u00e9nerg\u00e9tique A+<\/b> et la possibilit\u00e9 d\u2019atteindre la <b>plus haute efficacit\u00e9 A+++<\/b> selon le mode d\u2019utilisation, ce qui repr\u00e9sente une \u00e9conomie consid\u00e9rable d\u2019\u00e9lectricit\u00e9 et une option plus durable pour le foyer. De plus, il comprend un <b>verrouillage enfant<\/b>, apportant une couche suppl\u00e9mentaire de s\u00e9curit\u00e9 indispensable dans un environnement familial. Son design robuste et ses mat\u00e9riaux de qualit\u00e9 garantissent durabilit\u00e9 et facilit\u00e9 de nettoyage, tandis que sa fonctionnalit\u00e9 et sa polyvalence en font un appareil \u00e9lectrom\u00e9nager essentiel tant pour un usage quotidien intensif que pour des occasions sp\u00e9ciales. Con\u00e7u pour le march\u00e9 espagnol, ce four Samsung r\u00e9pond aux exigences les plus strictes, alliant technologie, s\u00e9curit\u00e9 et efficacit\u00e9 dans une proposition unique ax\u00e9e sur le confort et l\u2019excellence culinaire.<\/p>\n<ul>\n<li>Produit \u00e0 brancher: Oui<\/li>\n<li>Type de prise: Prise EU<\/li>\n<li>Type de four: Four<\/li>\n<li>Type:\n<ul>\n<li>Four \u00e0 convection<\/li>\n<li>Int\u00e9gr\u00e9<\/li>\n<\/ul>\n<\/li>\n<li>Programmes: 20<\/li>\n<li>Bloc d\u2019Alimentation: r\u00e9seau \u00e9lectrique<\/li>\n<li>puissance: 3500 W<\/li>\n<li>Classification \u00e9nerg\u00e9tique:\n<ul>\n<li>A+<\/li>\n<li>A+++<\/li>\n<\/ul>\n<\/li>\n<li>Connectivit\u00e9: Wi-Fi<\/li>\n<li>Caract\u00e9ristiques:\n<ul>\n<li>Grand<\/li>\n<li>Verrouillage pour enfants<\/li>\n<li>Lumi\u00e8re int\u00e9rieure<\/li>\n<li>\u00c9cran integr\u00e9<\/li>\n<li>Facile \u00e0 nettoyer<\/li>\n<\/ul>\n<\/li>\n<li>Largeur:\n<ul>\n<li>60 cm<\/li>\n<li>59,5 cm<\/li>\n<\/ul>\n<\/li>\n<li>Couleur:\n<ul>\n<li>Acier<\/li>\n<li>Jaune<\/li>\n<\/ul>\n<\/li>\n<li>Inclut:\n<ul>\n<li>Plateau<\/li>\n<li>Plateau pour Four<\/li>\n<li>Montre<\/li>\n<\/ul>\n<\/li>\n<li>Capacit\u00e9: 76 L<\/li>\n<li>Mati\u00e8re: Acier inoxydable<\/li>\n<li>Technologie: LED<\/li>\n<li>Fr\u00e9quence: 50 Hz<\/li>\n<li>Tension: 230-240 V<\/li>\n<\/ul>","protected":false},"excerpt":{"rendered":"<p><span class=\"unit-info\">6.9078 &euro; \/ 1 l<\/span><\/p>","protected":false},"featured_media":178360,"comment_status":"open","ping_status":"closed","template":"","meta":[],"product_brand":[183],"product_cat":[60,747,77],"product_tag":[55],"class_list":{"0":"post-60485","1":"product","2":"type-product","3":"status-publish","4":"has-post-thumbnail","6":"product_brand-brandp_576","7":"product_cat-cuisine-gourmet","8":"product_cat-fours","9":"product_cat-petit-electromenager","10":"product_tag-tag_926","12":"first","13":"instock","14":"taxable","15":"shipping-taxable","16":"purchasable","17":"product-type-simple"},"_links":{"self":[{"href":"https:\/\/bigbuy.tupique.com\/pt\/wp-json\/wp\/v2\/product\/60485","targetHints":{"allow":["GET"]}}],"collection":[{"href":"https:\/\/bigbuy.tupique.com\/pt\/wp-json\/wp\/v2\/product"}],"about":[{"href":"https:\/\/bigbuy.tupique.com\/pt\/wp-json\/wp\/v2\/types\/product"}],"replies":[{"embeddable":true,"href":"https:\/\/bigbuy.tupique.com\/pt\/wp-json\/wp\/v2\/comments?post=60485"}],"wp:featuredmedia":[{"embeddable":true,"href":"https:\/\/bigbuy.tupique.com\/pt\/wp-json\/wp\/v2\/media\/178360"}],"wp:attachment":[{"href":"https:\/\/bigbuy.tupique.com\/pt\/wp-json\/wp\/v2\/media?parent=60485"}],"wp:term":[{"taxonomy":"product_brand","embeddable":true,"href":"https:\/\/bigbuy.tupique.com\/pt\/wp-json\/wp\/v2\/product_brand?post=60485"},{"taxonomy":"product_cat","embeddable":true,"href":"https:\/\/bigbuy.tupique.com\/pt\/wp-json\/wp\/v2\/product_cat?post=60485"},{"taxonomy":"product_tag","embeddable":true,"href":"https:\/\/bigbuy.tupique.com\/pt\/wp-json\/wp\/v2\/product_tag?post=60485"}],"curies":[{"name":"wp","href":"https:\/\/api.w.org\/{rel}","templated":true}]}}