{"id":60465,"date":"2026-04-01T15:25:19","date_gmt":"2026-04-01T14:25:19","guid":{"rendered":"https:\/\/bigbuy.tupique.com\/produto\/dishwasher-balay-3vf5012np-60-cm\/"},"modified":"2026-04-15T02:18:21","modified_gmt":"2026-04-15T01:18:21","slug":"dishwasher-balay-3vf5012np-60-cm","status":"publish","type":"product","link":"https:\/\/bigbuy.tupique.com\/pt\/produto\/dishwasher-balay-3vf5012np-60-cm\/","title":{"rendered":"Lave-vaisselle Balay 3VF5012NP 60 cm"},"content":{"rendered":"<p>Si vous pensez r\u00e9nover votre cuisine, achetez <b>Lave-vaisselle Balay 3VF5012NP 60 cm<\/b> et d\u00b4autres <b>produits Balay<\/b> !<\/p>\n<p>Le <b>lave-vaisselle Balay mod\u00e8le 3VF5012NP<\/b> est une solution pratique et int\u00e9grable con\u00e7ue pour les cuisines modernes recherchant efficacit\u00e9 et fonctionnalit\u00e9. Il mesure <b>59,8 cm de largeur r\u00e9elle<\/b>, s\u2019adaptant parfaitement aux espaces standards de 60 cm, et pr\u00e9sente un design en <b>blanc<\/b> personnalisable pour s\u2019harmoniser avec tout style de cuisine. Sa capacit\u00e9 de <b>12 couverts<\/b> en fait une option adapt\u00e9e aux familles moyennes ou \u00e0 ceux qui lavent r\u00e9guli\u00e8rement une grande quantit\u00e9 de vaisselle. Ce mod\u00e8le consomme <b>10,5 litres d\u2019eau par cycle<\/b>, assurant un bon rendement tout en ma\u00eetrisant la consommation. C\u00f4t\u00e9 programmes, il offre une gamme vari\u00e9e : cycle rapide de <b>60 minutes \u00e0 65\u00b0C<\/b> pour salissures mod\u00e9r\u00e9es, programmes automatiques ajustant le lavage selon le degr\u00e9 de salet\u00e9, options \u00e9cologiques pour \u00e9conomiser l\u2019\u00e9nergie, programme favori pour m\u00e9moriser les r\u00e9glages habituels, et cycle intensif pour pi\u00e8ces tr\u00e8s sales. Il int\u00e8gre aussi la fonction <b>demi-charge<\/b>, id\u00e9ale pour optimiser la consommation quand la vaisselle est partielle. La s\u00e9curit\u00e9 est renforc\u00e9e par un <b>verrouillage enfant<\/b> qui emp\u00eache toute modification accidentelle pendant le fonctionnement. Son int\u00e9gration totale est facilit\u00e9e gr\u00e2ce \u00e0 l\u2019installation encastr\u00e9e avec panneaux personnalis\u00e9s et une <b>interface int\u00e9gr\u00e9e<\/b> permettant un contr\u00f4le simple des cycles. Bien que sa <b>classe \u00e9nerg\u00e9tique soit E<\/b>, ses performances \u00e9quilibr\u00e9es conviennent aux utilisateurs recherchant confort et polyvalence au quotidien. En r\u00e9sum\u00e9, ce mod\u00e8le offre un bon compromis entre capacit\u00e9, diversit\u00e9 de programmes et fonctions pratiques, destin\u00e9 \u00e0 ceux qui veulent un lave-vaisselle int\u00e9grable avec des fonctions adapt\u00e9es \u00e0 divers besoins sans complexit\u00e9 technique.<\/p>\n<ul>\n<li>Produit \u00e0 brancher: Oui<\/li>\n<li>Type: Lave-vaisselle<\/li>\n<li>Type de prise: Prise EU<\/li>\n<li>Bloc d\u2019Alimentation: r\u00e9seau \u00e9lectrique<\/li>\n<li>Couleur:\n<ul>\n<li>Blanc<\/li>\n<li>Personnalisable<\/li>\n<\/ul>\n<\/li>\n<li>Largeur: 60 cm<\/li>\n<li>Caract\u00e9ristiques:\n<ul>\n<li>Verrouillage pour enfants<\/li>\n<li>\u00c9cran integr\u00e9<\/li>\n<\/ul>\n<\/li>\n<li>Type d&#8217;installation:\n<ul>\n<li>Int\u00e9grable<\/li>\n<li>Sous le plan de travail<\/li>\n<\/ul>\n<\/li>\n<li>Capacit\u00e9 (Nb de couverts): 12<\/li>\n<li>Classification \u00e9nerg\u00e9tique: E<\/li>\n<li>Programmes: 5<\/li>\n<li>Niveau sonore: 48 dB<\/li>\n<li>Capacit\u00e9: 13 L<\/li>\n<\/ul>","protected":false},"excerpt":{"rendered":"<p><span class=\"unit-info\">45.6915 &euro; \/ 1 l<\/span><\/p>","protected":false},"featured_media":60463,"comment_status":"open","ping_status":"closed","template":"","meta":[],"product_brand":[114],"product_cat":[393,60,77],"product_tag":[],"class_list":{"0":"post-60465","1":"product","2":"type-product","3":"status-publish","4":"has-post-thumbnail","6":"product_brand-brandp_1251","7":"product_cat-autres-appareils-de-cuisines","8":"product_cat-cuisine-gourmet","9":"product_cat-petit-electromenager","11":"first","12":"instock","13":"taxable","14":"shipping-taxable","15":"purchasable","16":"product-type-simple"},"_links":{"self":[{"href":"https:\/\/bigbuy.tupique.com\/pt\/wp-json\/wp\/v2\/product\/60465","targetHints":{"allow":["GET"]}}],"collection":[{"href":"https:\/\/bigbuy.tupique.com\/pt\/wp-json\/wp\/v2\/product"}],"about":[{"href":"https:\/\/bigbuy.tupique.com\/pt\/wp-json\/wp\/v2\/types\/product"}],"replies":[{"embeddable":true,"href":"https:\/\/bigbuy.tupique.com\/pt\/wp-json\/wp\/v2\/comments?post=60465"}],"wp:featuredmedia":[{"embeddable":true,"href":"https:\/\/bigbuy.tupique.com\/pt\/wp-json\/wp\/v2\/media\/60463"}],"wp:attachment":[{"href":"https:\/\/bigbuy.tupique.com\/pt\/wp-json\/wp\/v2\/media?parent=60465"}],"wp:term":[{"taxonomy":"product_brand","embeddable":true,"href":"https:\/\/bigbuy.tupique.com\/pt\/wp-json\/wp\/v2\/product_brand?post=60465"},{"taxonomy":"product_cat","embeddable":true,"href":"https:\/\/bigbuy.tupique.com\/pt\/wp-json\/wp\/v2\/product_cat?post=60465"},{"taxonomy":"product_tag","embeddable":true,"href":"https:\/\/bigbuy.tupique.com\/pt\/wp-json\/wp\/v2\/product_tag?post=60465"}],"curies":[{"name":"wp","href":"https:\/\/api.w.org\/{rel}","templated":true}]}}