{"id":60355,"date":"2026-04-01T15:19:46","date_gmt":"2026-04-01T14:19:46","guid":{"rendered":"https:\/\/bigbuy.tupique.com\/produto\/induction-hot-plate-balay-3eb864fr-60-cm\/"},"modified":"2026-04-15T00:12:24","modified_gmt":"2026-04-14T23:12:24","slug":"induction-hot-plate-balay-3eb864fr-60-cm","status":"publish","type":"product","link":"https:\/\/bigbuy.tupique.com\/pt\/produto\/induction-hot-plate-balay-3eb864fr-60-cm\/","title":{"rendered":"Plaque \u00e0 Induction Balay 3EB864FR 60 cm"},"content":{"rendered":"<p>Si vous pensez r\u00e9nover votre cuisine, achetez <b>Plaque \u00e0 Induction Balay 3EB864FR 60 cm<\/b> et d\u00b4autres <b>produits Balay<\/b> !<\/p>\n<p>La <b>plaque \u00e0 induction<\/b> <b>Balay 3EB864FR<\/b> est con\u00e7ue pour apporter efficacit\u00e9 et modernit\u00e9 \u00e0 toute cuisine, int\u00e9grant des technologies qui optimisent la s\u00e9curit\u00e9 et la facilit\u00e9 d\u2019utilisation. Avec une <b>largeur standard de 60 cm<\/b>, adaptable \u00e0 la plupart des plans de travail et espaces, cette plaque pr\u00e9sente une finition \u00e9l\u00e9gante en <b>noir<\/b> qui s\u2019int\u00e8gre facilement dans les environnements contemporains. Elle dispose de <b>trois zones de cuisson<\/b> permettant de pr\u00e9parer plusieurs plats simultan\u00e9ment, r\u00e9pondant aux besoins quotidiens tant des familles que des utilisateurs individuels. Elle se distingue par une <b>puissance maximale de 4600 W<\/b>, garantissant un chauffage rapide et pr\u00e9cis, assurant une cuisson efficace et un gain de temps \u00e0 chaque utilisation. Le syst\u00e8me de <b>verrouillage enfant<\/b> ajoute un niveau de s\u00e9curit\u00e9, tr\u00e8s utile dans les foyers avec enfants ou pour plus de tranquillit\u00e9 lors de la manipulation du panneau de contr\u00f4le. Fabriqu\u00e9e en <b>plastique r\u00e9sistant et verre c\u00e9ramique<\/b>, la plaque facilite le nettoyage et offre une durabilit\u00e9 face \u00e0 l\u2019usage quotidien. De plus, son montage et ses dimensions (59,2 cm de largeur selon la sp\u00e9cification d\u00e9taill\u00e9e) permettent de remplacer les mod\u00e8les anciens sans difficult\u00e9 dans la plupart des installations standards en Espagne. Comme \u00e0 l\u2019habitude chez Balay, ce mod\u00e8le \u00e9quilibre fiabilit\u00e9, fonctionnalit\u00e9 et design sobre, devenant une option adapt\u00e9e pour ceux qui recherchent performance et s\u00e9curit\u00e9 en cuisine.<\/p>\n<ul>\n<li>Couleur: Noir<\/li>\n<li>Caract\u00e9ristiques:\n<ul>\n<li>Verrouillage pour enfants<\/li>\n<li>\u00c9cran integr\u00e9<\/li>\n<li>Commande tactile<\/li>\n<\/ul>\n<\/li>\n<li>Zones de cuisson: 3<\/li>\n<li>Type: Plaque \u00e0 Induction<\/li>\n<li>Largeur: 60 cm<\/li>\n<li>Type d&#8217;installation: Int\u00e9grable<\/li>\n<li>Niveaux de puissance: 10<\/li>\n<li>Mat\u00e9riel:\n<ul>\n<li>Vere biseaut\u00e9<\/li>\n<li>Vitroc\u00e9ramique<\/li>\n<\/ul>\n<\/li>\n<li>Produit \u00e0 brancher: Oui<\/li>\n<li>Type de prise: Prise EU<\/li>\n<\/ul>","protected":false},"excerpt":{"rendered":"<p>Si vous pensez r\u00e9nover votre cuisine, achetez Plaque \u00e0 Induction Balay 3EB864FR 60 cm et d\u00b4autres produits Balay ! La plaque \u00e0 induction Balay 3EB864FR est con\u00e7ue pour apporter efficacit\u00e9 et modernit\u00e9 \u00e0 toute cuisine, int\u00e9grant des technologies qui optimisent la s\u00e9curit\u00e9 et la facilit\u00e9 d\u2019utilisation. Avec une largeur standard de 60 cm, adaptable \u00e0 [&hellip;]<\/p>\n","protected":false},"featured_media":60354,"comment_status":"open","ping_status":"closed","template":"","meta":[],"product_brand":[114],"product_cat":[60,77,78],"product_tag":[55,56],"class_list":{"0":"post-60355","1":"product","2":"type-product","3":"status-publish","4":"has-post-thumbnail","6":"product_brand-brandp_1251","7":"product_cat-cuisine-gourmet","8":"product_cat-petit-electromenager","9":"product_cat-plaques-de-cuisson","10":"product_tag-tag_926","11":"product_tag-tag_930","13":"first","14":"instock","15":"taxable","16":"shipping-taxable","17":"purchasable","18":"product-type-simple"},"_links":{"self":[{"href":"https:\/\/bigbuy.tupique.com\/pt\/wp-json\/wp\/v2\/product\/60355","targetHints":{"allow":["GET"]}}],"collection":[{"href":"https:\/\/bigbuy.tupique.com\/pt\/wp-json\/wp\/v2\/product"}],"about":[{"href":"https:\/\/bigbuy.tupique.com\/pt\/wp-json\/wp\/v2\/types\/product"}],"replies":[{"embeddable":true,"href":"https:\/\/bigbuy.tupique.com\/pt\/wp-json\/wp\/v2\/comments?post=60355"}],"wp:featuredmedia":[{"embeddable":true,"href":"https:\/\/bigbuy.tupique.com\/pt\/wp-json\/wp\/v2\/media\/60354"}],"wp:attachment":[{"href":"https:\/\/bigbuy.tupique.com\/pt\/wp-json\/wp\/v2\/media?parent=60355"}],"wp:term":[{"taxonomy":"product_brand","embeddable":true,"href":"https:\/\/bigbuy.tupique.com\/pt\/wp-json\/wp\/v2\/product_brand?post=60355"},{"taxonomy":"product_cat","embeddable":true,"href":"https:\/\/bigbuy.tupique.com\/pt\/wp-json\/wp\/v2\/product_cat?post=60355"},{"taxonomy":"product_tag","embeddable":true,"href":"https:\/\/bigbuy.tupique.com\/pt\/wp-json\/wp\/v2\/product_tag?post=60355"}],"curies":[{"name":"wp","href":"https:\/\/api.w.org\/{rel}","templated":true}]}}