{"id":60344,"date":"2026-04-01T15:19:32","date_gmt":"2026-04-01T14:19:32","guid":{"rendered":"https:\/\/bigbuy.tupique.com\/produto\/gas-hob-teka-10205083-60-cm-59-cm-7500-w\/"},"modified":"2026-04-14T23:38:13","modified_gmt":"2026-04-14T22:38:13","slug":"gas-hob-teka-10205083-60-cm-59-cm-7500-w","status":"publish","type":"product","link":"https:\/\/bigbuy.tupique.com\/pt\/produto\/gas-hob-teka-10205083-60-cm-59-cm-7500-w\/","title":{"rendered":"Plaque au gaz Teka 10205083 60 cm 59 cm 7500 W"},"content":{"rendered":"<p>Si vous pensez r\u00e9nover votre cuisine, achetez <b>Plaque au gaz Teka 10205083 60 cm 59 cm 7500 W<\/b> et d\u00b4autres <b>produits Teka<\/b> !<\/p>\n<ul>\n<li>Zones de cuisson: 4<\/li>\n<li>puissance: 7500 W<\/li>\n<li>Informations importantes: En ce qui concerne le raccordement au gaz, il convient de respecter les r\u00e9glementations nationales en vigueur.<\/li>\n<li>Type:\n<ul>\n<li>Plaque au gaz<\/li>\n<li>Int\u00e9gr\u00e9<\/li>\n<\/ul>\n<\/li>\n<li>Largeur:\n<ul>\n<li>59 cm<\/li>\n<li>60 cm<\/li>\n<\/ul>\n<\/li>\n<li>Couleur: Noir<\/li>\n<li>Pays \/ r\u00e9gion de fabrication: Espagne<\/li>\n<li>Mat\u00e9riel: Fonte<\/li>\n<li>Poids: 10 kg<\/li>\n<li>Type de carburant: Gaz<\/li>\n<li>Type de commande: T\u00e9l\u00e9commande<\/li>\n<li>Produit fragile: Oui<\/li>\n<li>Bloc d\u2019Alimentation: Gaz<\/li>\n<\/ul>","protected":false},"excerpt":{"rendered":"<p>Si vous pensez r\u00e9nover votre cuisine, achetez Plaque au gaz Teka 10205083 60 cm 59 cm 7500 W et d\u00b4autres produits Teka ! Zones de cuisson: 4 puissance: 7500 W Informations importantes: En ce qui concerne le raccordement au gaz, il convient de respecter les r\u00e9glementations nationales en vigueur. Type: Plaque au gaz Int\u00e9gr\u00e9 Largeur: [&hellip;]<\/p>\n","protected":false},"featured_media":60343,"comment_status":"open","ping_status":"closed","template":"","meta":[],"product_brand":[667],"product_cat":[60,77,78],"product_tag":[55,56],"class_list":{"0":"post-60344","1":"product","2":"type-product","3":"status-publish","4":"has-post-thumbnail","6":"product_brand-brandp_1172","7":"product_cat-cuisine-gourmet","8":"product_cat-petit-electromenager","9":"product_cat-plaques-de-cuisson","10":"product_tag-tag_926","11":"product_tag-tag_930","13":"first","14":"instock","15":"taxable","16":"shipping-taxable","17":"purchasable","18":"product-type-simple"},"_links":{"self":[{"href":"https:\/\/bigbuy.tupique.com\/pt\/wp-json\/wp\/v2\/product\/60344","targetHints":{"allow":["GET"]}}],"collection":[{"href":"https:\/\/bigbuy.tupique.com\/pt\/wp-json\/wp\/v2\/product"}],"about":[{"href":"https:\/\/bigbuy.tupique.com\/pt\/wp-json\/wp\/v2\/types\/product"}],"replies":[{"embeddable":true,"href":"https:\/\/bigbuy.tupique.com\/pt\/wp-json\/wp\/v2\/comments?post=60344"}],"wp:featuredmedia":[{"embeddable":true,"href":"https:\/\/bigbuy.tupique.com\/pt\/wp-json\/wp\/v2\/media\/60343"}],"wp:attachment":[{"href":"https:\/\/bigbuy.tupique.com\/pt\/wp-json\/wp\/v2\/media?parent=60344"}],"wp:term":[{"taxonomy":"product_brand","embeddable":true,"href":"https:\/\/bigbuy.tupique.com\/pt\/wp-json\/wp\/v2\/product_brand?post=60344"},{"taxonomy":"product_cat","embeddable":true,"href":"https:\/\/bigbuy.tupique.com\/pt\/wp-json\/wp\/v2\/product_cat?post=60344"},{"taxonomy":"product_tag","embeddable":true,"href":"https:\/\/bigbuy.tupique.com\/pt\/wp-json\/wp\/v2\/product_tag?post=60344"}],"curies":[{"name":"wp","href":"https:\/\/api.w.org\/{rel}","templated":true}]}}