{"id":60335,"date":"2026-04-01T15:19:23","date_gmt":"2026-04-01T14:19:23","guid":{"rendered":"https:\/\/bigbuy.tupique.com\/produto\/combined-refrigerator-whirlpool-corporation-wq9-b2l-steel\/"},"modified":"2026-04-15T07:03:19","modified_gmt":"2026-04-15T06:03:19","slug":"combined-refrigerator-whirlpool-corporation-wq9-b2l-steel","status":"publish","type":"product","link":"https:\/\/bigbuy.tupique.com\/pt\/produto\/combined-refrigerator-whirlpool-corporation-wq9-b2l-steel\/","title":{"rendered":"R\u00e9frig\u00e9rateur Combin\u00e9 Whirlpool Corporation WQ9 B2L Acier"},"content":{"rendered":"<p>Si vous pensez r\u00e9nover votre cuisine, achetez <b>R\u00e9frig\u00e9rateur Combin\u00e9 Whirlpool Corporation WQ9 B2L Acier<\/b> et d\u00b4autres <b>produits Whirlpool Corporation<\/b> !<\/p>\n<ul>\n<li>Produit \u00e0 brancher: Oui<\/li>\n<li>Type de prise:\n<ul>\n<li>Prise EU<\/li>\n<li>Type F<\/li>\n<\/ul>\n<\/li>\n<li>Bloc d\u2019Alimentation: r\u00e9seau \u00e9lectrique<\/li>\n<li>Couleur: Acier<\/li>\n<li>Caract\u00e9ristiques: \u00c9cran integr\u00e9<\/li>\n<li>Classification \u00e9nerg\u00e9tique: E<\/li>\n<li>Longueur du c\u00e2ble: 1,8 m<\/li>\n<li>Niveau sonore: 37 dB<\/li>\n<li>Fr\u00e9quence d&#8217;entr\u00e9e AC: 50-60 Hz<\/li>\n<li>Tension: 220-240 V<\/li>\n<li>Capacit\u00e9 du r\u00e9frig\u00e9rateur: 384 L<\/li>\n<\/ul>","protected":false},"excerpt":{"rendered":"<p>Si vous pensez r\u00e9nover votre cuisine, achetez R\u00e9frig\u00e9rateur Combin\u00e9 Whirlpool Corporation WQ9 B2L Acier et d\u00b4autres produits Whirlpool Corporation ! Produit \u00e0 brancher: Oui Type de prise: Prise EU Type F Bloc d\u2019Alimentation: r\u00e9seau \u00e9lectrique Couleur: Acier Caract\u00e9ristiques: \u00c9cran integr\u00e9 Classification \u00e9nerg\u00e9tique: E Longueur du c\u00e2ble: 1,8 m Niveau sonore: 37 dB Fr\u00e9quence d&#8217;entr\u00e9e AC: [&hellip;]<\/p>\n","protected":false},"featured_media":60334,"comment_status":"open","ping_status":"closed","template":"","meta":[],"product_brand":[814],"product_cat":[60,77,226],"product_tag":[56],"class_list":{"0":"post-60335","1":"product","2":"type-product","3":"status-publish","4":"has-post-thumbnail","6":"product_brand-brandp_921","7":"product_cat-cuisine-gourmet","8":"product_cat-petit-electromenager","9":"product_cat-refrigerateurs-et-congelateurs","10":"product_tag-tag_930","12":"first","13":"instock","14":"taxable","15":"shipping-taxable","16":"purchasable","17":"product-type-simple"},"_links":{"self":[{"href":"https:\/\/bigbuy.tupique.com\/pt\/wp-json\/wp\/v2\/product\/60335","targetHints":{"allow":["GET"]}}],"collection":[{"href":"https:\/\/bigbuy.tupique.com\/pt\/wp-json\/wp\/v2\/product"}],"about":[{"href":"https:\/\/bigbuy.tupique.com\/pt\/wp-json\/wp\/v2\/types\/product"}],"replies":[{"embeddable":true,"href":"https:\/\/bigbuy.tupique.com\/pt\/wp-json\/wp\/v2\/comments?post=60335"}],"wp:featuredmedia":[{"embeddable":true,"href":"https:\/\/bigbuy.tupique.com\/pt\/wp-json\/wp\/v2\/media\/60334"}],"wp:attachment":[{"href":"https:\/\/bigbuy.tupique.com\/pt\/wp-json\/wp\/v2\/media?parent=60335"}],"wp:term":[{"taxonomy":"product_brand","embeddable":true,"href":"https:\/\/bigbuy.tupique.com\/pt\/wp-json\/wp\/v2\/product_brand?post=60335"},{"taxonomy":"product_cat","embeddable":true,"href":"https:\/\/bigbuy.tupique.com\/pt\/wp-json\/wp\/v2\/product_cat?post=60335"},{"taxonomy":"product_tag","embeddable":true,"href":"https:\/\/bigbuy.tupique.com\/pt\/wp-json\/wp\/v2\/product_tag?post=60335"}],"curies":[{"name":"wp","href":"https:\/\/api.w.org\/{rel}","templated":true}]}}