{"id":60251,"date":"2026-04-01T15:15:48","date_gmt":"2026-04-01T14:15:48","guid":{"rendered":"https:\/\/bigbuy.tupique.com\/produto\/thermos-ariston-thermo-group-80-l\/"},"modified":"2026-04-16T14:38:49","modified_gmt":"2026-04-16T13:38:49","slug":"thermos-ariston-thermo-group-80-l","status":"publish","type":"product","link":"https:\/\/bigbuy.tupique.com\/pt\/produto\/thermos-ariston-thermo-group-80-l\/","title":{"rendered":"Thermos Ariston Thermo Group 80 L"},"content":{"rendered":"<p>Si vous aimez prendre soin de chaque d\u00e9tail de votre maison et d&#8217;\u00eatre \u00e0 la derni\u00e8re mode en mati\u00e8re de produits qui vous rendront la vie plus facile, achetez <b>Thermos Ariston Thermo Group 80 L<\/b> au meilleur prix.<\/p>\n<ul>\n<li>Type:\n<ul>\n<li>Chauffage<\/li>\n<li>Thermos<\/li>\n<li>\u00c9lectrique<\/li>\n<\/ul>\n<\/li>\n<li>Caract\u00e9ristiques:\n<ul>\n<li>\u00c9cran integr\u00e9<\/li>\n<li>Temp\u00e9rature r\u00e9glable<\/li>\n<li>Commande tactile<\/li>\n<\/ul>\n<\/li>\n<li>Capacit\u00e9: 80 L<\/li>\n<li>Couleur: Blanc<\/li>\n<li>Classification \u00e9nerg\u00e9tique: B<\/li>\n<li>Inclut:\n<ul>\n<li>Ecran<\/li>\n<li>Thermom\u00e8tre<\/li>\n<\/ul>\n<\/li>\n<li>Double orientation: Horizontal-vertical<\/li>\n<li>Niveau sonore: 15 dB<\/li>\n<li>Classification IP: IPX4<\/li>\n<li>Tension d&#8217;entr\u00e9e AC: 230 V<\/li>\n<\/ul>","protected":false},"excerpt":{"rendered":"<p><span class=\"unit-info\">8.0249 &euro; \/ 1 l<\/span><\/p>","protected":false},"featured_media":60250,"comment_status":"open","ping_status":"closed","template":"","meta":[],"product_brand":[1547],"product_cat":[613,239],"product_tag":[210],"class_list":{"0":"post-60251","1":"product","2":"type-product","3":"status-publish","4":"has-post-thumbnail","6":"product_brand-brandp_1171","7":"product_cat-bricolage-et-materiel","8":"product_cat-maison-jardin","9":"product_tag-tag_25","11":"first","12":"instock","13":"taxable","14":"shipping-taxable","15":"purchasable","16":"product-type-simple"},"_links":{"self":[{"href":"https:\/\/bigbuy.tupique.com\/pt\/wp-json\/wp\/v2\/product\/60251","targetHints":{"allow":["GET"]}}],"collection":[{"href":"https:\/\/bigbuy.tupique.com\/pt\/wp-json\/wp\/v2\/product"}],"about":[{"href":"https:\/\/bigbuy.tupique.com\/pt\/wp-json\/wp\/v2\/types\/product"}],"replies":[{"embeddable":true,"href":"https:\/\/bigbuy.tupique.com\/pt\/wp-json\/wp\/v2\/comments?post=60251"}],"wp:featuredmedia":[{"embeddable":true,"href":"https:\/\/bigbuy.tupique.com\/pt\/wp-json\/wp\/v2\/media\/60250"}],"wp:attachment":[{"href":"https:\/\/bigbuy.tupique.com\/pt\/wp-json\/wp\/v2\/media?parent=60251"}],"wp:term":[{"taxonomy":"product_brand","embeddable":true,"href":"https:\/\/bigbuy.tupique.com\/pt\/wp-json\/wp\/v2\/product_brand?post=60251"},{"taxonomy":"product_cat","embeddable":true,"href":"https:\/\/bigbuy.tupique.com\/pt\/wp-json\/wp\/v2\/product_cat?post=60251"},{"taxonomy":"product_tag","embeddable":true,"href":"https:\/\/bigbuy.tupique.com\/pt\/wp-json\/wp\/v2\/product_tag?post=60251"}],"curies":[{"name":"wp","href":"https:\/\/api.w.org\/{rel}","templated":true}]}}