{"id":60146,"date":"2026-04-01T15:11:46","date_gmt":"2026-04-01T14:11:46","guid":{"rendered":"https:\/\/bigbuy.tupique.com\/produto\/induction-hot-plate-bosch-puc611bb5e-60-cm-4600-w\/"},"modified":"2026-04-15T00:12:24","modified_gmt":"2026-04-14T23:12:24","slug":"induction-hot-plate-bosch-puc611bb5e-60-cm-4600-w","status":"publish","type":"product","link":"https:\/\/bigbuy.tupique.com\/pt\/produto\/induction-hot-plate-bosch-puc611bb5e-60-cm-4600-w\/","title":{"rendered":"Plaque \u00e0 Induction BOSCH PUC611BB5E 60 cm 4600 W"},"content":{"rendered":"<p>Si vous pensez r\u00e9nover votre cuisine, achetez <b>Plaque \u00e0 Induction BOSCH PUC611BB5E 60 cm 4600 W<\/b> et d\u00b4autres <b>produits BOSCH<\/b> !<\/p>\n<p>La <b>plaque \u00e0 induction<\/b> Bosch mod\u00e8le <b>PUC611BB5E<\/b> est une solution efficace et moderne pour la cuisine domestique, alliant fonctionnalit\u00e9 et design minimaliste dans un espace compact de <b>60 cm de largeur<\/b>, s\u2019adaptant parfaitement aux cuisines standards. Elle dispose de <b>3 zones de cuisson<\/b> permettant une r\u00e9partition optimale de la puissance, avec une capacit\u00e9 maximale de <b>4600 W<\/b>, id\u00e9ale pour pr\u00e9parer tout type de recette rapidement et pr\u00e9cis\u00e9ment. Son syst\u00e8me de commande tactile facilite une utilisation intuitive, offrant jusqu\u2019\u00e0 <b>17 niveaux de puissance<\/b> pour un contr\u00f4le pr\u00e9cis de la chaleur, apportant polyvalence pour les cuissons lentes comme pour les plus intenses. De plus, elle int\u00e8gre un <b>minuteur int\u00e9gr\u00e9<\/b> permettant de programmer le temps de cuisson sur chaque zone, augmentant confort et s\u00e9curit\u00e9 lors de l\u2019usage. La plaque est \u00e9quip\u00e9e d\u2019un pratique <b>verrouillage enfant<\/b>, une fonction essentielle pour les foyers avec enfants, \u00e9vitant toute activation accidentelle et garantissant un environnement s\u00fbr. Sa finition en <b>noir<\/b> et sa surface en verre vitroc\u00e9ramique en font un \u00e9l\u00e9ment facile \u00e0 nettoyer et esth\u00e9tiquement \u00e9l\u00e9gant, id\u00e9al pour s\u2019harmoniser avec diff\u00e9rents styles de cuisine. Ce mod\u00e8le Bosch offre la fiabilit\u00e9 et la qualit\u00e9 reconnues de la marque, combinant efficacit\u00e9 \u00e9nerg\u00e9tique et technologie d\u2019induction avanc\u00e9e pour une performance optimale au quotidien. Con\u00e7ue pour maximiser l\u2019espace et la fonctionnalit\u00e9, la <b>PUC611BB5E<\/b> se positionne comme une option solide pour ceux qui recherchent une plaque \u00e0 induction pratique, s\u00fbre et technologiquement avanc\u00e9e pour leur domicile.<\/p>\n<ul>\n<li>Type:\n<ul>\n<li>Plaque \u00e0 Induction<\/li>\n<li>Int\u00e9gr\u00e9<\/li>\n<\/ul>\n<\/li>\n<li>Largeur:\n<ul>\n<li>60 cm<\/li>\n<li>59,2 cm<\/li>\n<\/ul>\n<\/li>\n<li>Type d&#8217;installation: Int\u00e9grable<\/li>\n<li>Zones de cuisson: 3<\/li>\n<li>puissance: 4600 W<\/li>\n<li>Mati\u00e8re: Vitroc\u00e9ramique<\/li>\n<li>Produit \u00e0 brancher: Oui<\/li>\n<li>Type de prise: Prise EU<\/li>\n<li>Bloc d\u2019Alimentation:\n<ul>\n<li>r\u00e9seau \u00e9lectrique<\/li>\n<li>C\u00e2ble \u00e9lectrique<\/li>\n<\/ul>\n<\/li>\n<li>Couleur: Noir<\/li>\n<li>Caract\u00e9ristiques:\n<ul>\n<li>Minuterie<\/li>\n<li>Verrouillage pour enfants<\/li>\n<li>\u00c9cran integr\u00e9<\/li>\n<li>Commande tactile<\/li>\n<\/ul>\n<\/li>\n<li>Niveaux de puissance: 17<\/li>\n<li>Fonctions: Minuterie<\/li>\n<li>Langue: Fran\u00e7ais<\/li>\n<li>Forme: Rond<\/li>\n<li>Inclut: Ecran<\/li>\n<li>Type de commande: Tactile<\/li>\n<li>Tension: 220-240 V<\/li>\n<li>Design: Sans cadre<\/li>\n<\/ul>","protected":false},"excerpt":{"rendered":"<p>Si vous pensez r\u00e9nover votre cuisine, achetez Plaque \u00e0 Induction BOSCH PUC611BB5E 60 cm 4600 W et d\u00b4autres produits BOSCH ! La plaque \u00e0 induction Bosch mod\u00e8le PUC611BB5E est une solution efficace et moderne pour la cuisine domestique, alliant fonctionnalit\u00e9 et design minimaliste dans un espace compact de 60 cm de largeur, s\u2019adaptant parfaitement aux [&hellip;]<\/p>\n","protected":false},"featured_media":60144,"comment_status":"open","ping_status":"closed","template":"","meta":[],"product_brand":[162],"product_cat":[60,77,78],"product_tag":[55,104,56],"class_list":{"0":"post-60146","1":"product","2":"type-product","3":"status-publish","4":"has-post-thumbnail","6":"product_brand-brandp_959","7":"product_cat-cuisine-gourmet","8":"product_cat-petit-electromenager","9":"product_cat-plaques-de-cuisson","10":"product_tag-tag_926","11":"product_tag-tag_1279","12":"product_tag-tag_930","14":"first","15":"instock","16":"taxable","17":"shipping-taxable","18":"purchasable","19":"product-type-simple"},"_links":{"self":[{"href":"https:\/\/bigbuy.tupique.com\/pt\/wp-json\/wp\/v2\/product\/60146","targetHints":{"allow":["GET"]}}],"collection":[{"href":"https:\/\/bigbuy.tupique.com\/pt\/wp-json\/wp\/v2\/product"}],"about":[{"href":"https:\/\/bigbuy.tupique.com\/pt\/wp-json\/wp\/v2\/types\/product"}],"replies":[{"embeddable":true,"href":"https:\/\/bigbuy.tupique.com\/pt\/wp-json\/wp\/v2\/comments?post=60146"}],"wp:featuredmedia":[{"embeddable":true,"href":"https:\/\/bigbuy.tupique.com\/pt\/wp-json\/wp\/v2\/media\/60144"}],"wp:attachment":[{"href":"https:\/\/bigbuy.tupique.com\/pt\/wp-json\/wp\/v2\/media?parent=60146"}],"wp:term":[{"taxonomy":"product_brand","embeddable":true,"href":"https:\/\/bigbuy.tupique.com\/pt\/wp-json\/wp\/v2\/product_brand?post=60146"},{"taxonomy":"product_cat","embeddable":true,"href":"https:\/\/bigbuy.tupique.com\/pt\/wp-json\/wp\/v2\/product_cat?post=60146"},{"taxonomy":"product_tag","embeddable":true,"href":"https:\/\/bigbuy.tupique.com\/pt\/wp-json\/wp\/v2\/product_tag?post=60146"}],"curies":[{"name":"wp","href":"https:\/\/api.w.org\/{rel}","templated":true}]}}