{"id":60114,"date":"2026-04-01T15:11:11","date_gmt":"2026-04-01T14:11:11","guid":{"rendered":"https:\/\/bigbuy.tupique.com\/produto\/conventional-hood-balay-3bc076mx-75-cm-590-m3-h-70-db-220w-steel\/"},"modified":"2026-04-14T23:38:10","modified_gmt":"2026-04-14T22:38:10","slug":"conventional-hood-balay-3bc076mx-75-cm-590-m3-h-70-db-220w-steel","status":"publish","type":"product","link":"https:\/\/bigbuy.tupique.com\/pt\/produto\/conventional-hood-balay-3bc076mx-75-cm-590-m3-h-70-db-220w-steel\/","title":{"rendered":"Hotte standard Balay 3BC076MX 75 cm 590 m3\/h 70 dB 220W Acier"},"content":{"rendered":"<p>Si vous pensez r\u00e9nover votre cuisine, achetez <b>Hotte standard Balay 3BC076MX 75 cm 590 m3\/h 70 dB 220W Acier<\/b> et d\u00b4autres <b>produits Balay<\/b> !<\/p>\n<p>La <b>hotte classique 3BC076MX<\/b> de la c\u00e9l\u00e8bre marque Balay est un mod\u00e8le con\u00e7u pour une installation <b>murale<\/b> qui allie fonctionnalit\u00e9 et design <b>d\u00e9coratif<\/b> en <b>acier inoxydable et acier<\/b>, des mat\u00e9riaux durables et faciles \u00e0 entretenir apportant une finition \u00e9l\u00e9gante et r\u00e9sistante \u00e0 toute cuisine. Avec une <b>largeur de 75 cm<\/b>, cette hotte offre une couverture adapt\u00e9e aux foyers et cuisines de taille moyenne, assurant une extraction efficace de l\u2019air. Elle dispose d\u2019une <b>capacit\u00e9 maximale d\u2019extraction de 590 m\u00b3\/h<\/b>, facilitant l\u2019\u00e9limination rapide des fum\u00e9es, odeurs et vapeurs de cuisson, contribuant \u00e0 maintenir un environnement propre et sain. Gr\u00e2ce \u00e0 sa <b>classe d\u2019efficacit\u00e9 \u00e9nerg\u00e9tique A<\/b>, elle garantit une consommation responsable d\u2019\u00e9nergie, optimisant les performances sans augmenter la facture \u00e9lectrique. Elle propose <b>trois vitesses de fonctionnement<\/b> permettant d\u2019adapter la puissance selon l\u2019intensit\u00e9 de la cuisson, \u00e9quilibrant efficacit\u00e9 et confort acoustique, avec un <b>niveau sonore de seulement 49 dB en basse vitesse<\/b>, un atout important pour pr\u00e9server un cadre calme. Son syst\u00e8me comprend <b>deux filtres \u00e0 graisse en aluminium lavables, compatibles lave-vaisselle<\/b>, facilitant le nettoyage et prolongeant la dur\u00e9e de vie du produit tout en maintenant l\u2019efficacit\u00e9 face aux accumulations normales de graisse. En r\u00e9sum\u00e9, la hotte Balay 3BC076MX est une solution pratique et esth\u00e9tique pour ceux qui recherchent une extraction puissante et efficace avec des mat\u00e9riaux de qualit\u00e9 et un design s\u2019int\u00e9grant dans toute cuisine moderne.<\/p>\n<ul>\n<li>Dimensions approx.: 75 x 50 x 36,7 cm<\/li>\n<li>diam\u00e8tre approx.: \u00d8 12-15 cm<\/li>\n<li>Type:\n<ul>\n<li>D\u00e9corative<\/li>\n<li>Hotte standard<\/li>\n<li>Mural<\/li>\n<\/ul>\n<\/li>\n<li>puissance:\n<ul>\n<li>220 W<\/li>\n<li>215 W<\/li>\n<\/ul>\n<\/li>\n<li>Longueur du c\u00e2ble: 1,3 m<\/li>\n<li>Type d&#8217;installation: Montage mural<\/li>\n<li>Classification \u00e9nerg\u00e9tique: A<\/li>\n<li>Largeur: 75 cm<\/li>\n<li>Couleur: Acier<\/li>\n<li>Produit \u00e0 brancher: Oui<\/li>\n<li>Mati\u00e8re:\n<ul>\n<li>Acier inoxydable<\/li>\n<li>Acier<\/li>\n<\/ul>\n<\/li>\n<li>Type de prise: Prise EU<\/li>\n<li>Capacit\u00e9 d\u2019extraction: 590 m3\/h<\/li>\n<li>Bloc d\u2019Alimentation: r\u00e9seau \u00e9lectrique<\/li>\n<li>Filtres: 2<\/li>\n<li>Filtre:\n<ul>\n<li>Aluminium<\/li>\n<li>Lavable<\/li>\n<\/ul>\n<\/li>\n<li>Niveau sonore:\n<ul>\n<li>49 dB<\/li>\n<li>14 dB<\/li>\n<\/ul>\n<\/li>\n<li>Type de commande: Boutons<\/li>\n<li>Moteur: 1<\/li>\n<li>Type d&#8217;ampoule: LED<\/li>\n<li>Profondeur: 50 cm<\/li>\n<li>Poids: 10 kg<\/li>\n<li>Fr\u00e9quence: 50 &#8211; 60 Hz<\/li>\n<li>Tension: 220-240 V<\/li>\n<li>\u00c9cran integr\u00e9: Non<\/li>\n<li>Amp\u00e9rage: 10 A<\/li>\n<li>Vitesse: 3 vitesses<\/li>\n<\/ul>\n<p><\/p>\n<p>Balay 3BC076MX. Puissance d&#8217;extraction maximum: 590 m\u00b3\/h, Type d&#8217;extraction: Conduit \/ Recirculation, Classe d&#8217;efficacit\u00e9 dynamique du fluide: A. Type: Mont\u00e9 au mur, Couleur du produit: Acier inoxydable, Mat\u00e9riau du bo\u00eetier\/corps: Acier inoxydable. Type de filtre \u00e0 graisse: Aluminium, Nombre de filtres: 2 pi\u00e8ce(s). Classe d&#8217;efficacit\u00e9 \u00e9nerg\u00e9tique: A, Puissance du moteur: 215 W, Consommation annuelle d&#8217;\u00e9nergie: 43,4 kWh. Largeur: 750 mm, Profondeur: 500 mm, Hauteur (min): 63,5 cm<\/p>\n<p><\/p>\n<ul>\n<li>Puissance d&#8217;extraction maximum: 590 m\u00b3\/h<\/li>\n<li>Type d&#8217;extraction: Conduit \/ Recirculation<\/li>\n<li>Classe d&#8217;efficacit\u00e9 dynamique du fluide: A<\/li>\n<li>Classe d&#8217;efficacit\u00e9 de l&#8217;\u00e9clairage: A<\/li>\n<li>Classe d&#8217;efficacit\u00e9 du filtrage de la graisse: C<\/li>\n<li>Nombre de vitesses: 3<\/li>\n<li>Niveau sonore: 70 dB<\/li>\n<li>La puissance maximale de recirculation: 350 m\u00b3\/h<\/li>\n<li>Vitesse intensive: Non<\/li>\n<li>Niveau de son (vitesse lente): 49 dB<\/li>\n<li>Niveau de son (vitesse rapide): 70 dB<\/li>\n<li>Distance minimale d&#8217;une plaque \u00e9lectrique: 55 cm<\/li>\n<li>Distance minimale d&#8217;une plaque \u00e0 gaz: 65 cm<\/li>\n<li>Type: Mont\u00e9 au mur<\/li>\n<li>Couleur du produit: Acier inoxydable<\/li>\n<li>\u00c9cran integr\u00e9: Non<\/li>\n<li>Mat\u00e9riau du bo\u00eetier\/corps: Acier inoxydable<\/li>\n<li>Nombre d&#8217;ampoules: 2 ampoule(s)<\/li>\n<li>Type d&#8217;ampoule: LED<\/li>\n<li>Type de commande: Boutons<\/li>\n<li>Longueur du c\u00e2ble: 1,3 m<\/li>\n<li>lieu d&#8217;\u00e9chappement: Haut<\/li>\n<li>Diam\u00e8tre du conduit d&#8217;\u00e9vacuation: 15 cm<\/li>\n<li>Clapet de retour: Oui<\/li>\n<li>Nombre de moteurs: 1<\/li>\n<li>Moteur inclus: Oui<\/li>\n<li>Certification: CE, VDE<\/li>\n<li>Type de filtre \u00e0 graisse: Aluminium<\/li>\n<li>Filtre \u00e9tanche de lave-vaisselle: Oui<\/li>\n<li>Filtre d\u00e9montable: Oui<\/li>\n<li>Nombre de filtres: 2 pi\u00e8ce(s)<\/li>\n<li>Filtre lavable: Oui<\/li>\n<li>Classe d&#8217;efficacit\u00e9 \u00e9nerg\u00e9tique: A<\/li>\n<li>Puissance du moteur: 215 W<\/li>\n<li>Consommation annuelle d&#8217;\u00e9nergie: 43,4 kWh<\/li>\n<li>Charge connect\u00e9e: 220 W<\/li>\n<li>Tension d&#8217;entr\u00e9e AC: 220 &#8211; 240 V<\/li>\n<li>Fr\u00e9quence d&#8217;entr\u00e9e AC: 50 &#8211; 60 Hz<\/li>\n<li>Actuel: 10 A<\/li>\n<li>Largeur: 750 mm<\/li>\n<li>Profondeur: 500 mm<\/li>\n<li>Hauteur (min): 63,5 cm<\/li>\n<li>Hauteur (max): 107,5 cm<\/li>\n<li>Poids: 9 kg<\/li>\n<\/ul>","protected":false},"excerpt":{"rendered":"<p>Si vous pensez r\u00e9nover votre cuisine, achetez Hotte standard Balay 3BC076MX 75 cm 590 m3\/h 70 dB 220W Acier et d\u00b4autres produits Balay ! La hotte classique 3BC076MX de la c\u00e9l\u00e8bre marque Balay est un mod\u00e8le con\u00e7u pour une installation murale qui allie fonctionnalit\u00e9 et design d\u00e9coratif en acier inoxydable et acier, des mat\u00e9riaux durables [&hellip;]<\/p>\n","protected":false},"featured_media":60112,"comment_status":"open","ping_status":"closed","template":"","meta":[],"product_brand":[114],"product_cat":[60,61,62],"product_tag":[56],"class_list":{"0":"post-60114","1":"product","2":"type-product","3":"status-publish","4":"has-post-thumbnail","6":"product_brand-brandp_1251","7":"product_cat-cuisine-gourmet","8":"product_cat-equipement-de-cuisine","9":"product_cat-hottes-de-cuisine","10":"product_tag-tag_930","12":"first","13":"instock","14":"taxable","15":"shipping-taxable","16":"purchasable","17":"product-type-simple"},"_links":{"self":[{"href":"https:\/\/bigbuy.tupique.com\/pt\/wp-json\/wp\/v2\/product\/60114","targetHints":{"allow":["GET"]}}],"collection":[{"href":"https:\/\/bigbuy.tupique.com\/pt\/wp-json\/wp\/v2\/product"}],"about":[{"href":"https:\/\/bigbuy.tupique.com\/pt\/wp-json\/wp\/v2\/types\/product"}],"replies":[{"embeddable":true,"href":"https:\/\/bigbuy.tupique.com\/pt\/wp-json\/wp\/v2\/comments?post=60114"}],"wp:featuredmedia":[{"embeddable":true,"href":"https:\/\/bigbuy.tupique.com\/pt\/wp-json\/wp\/v2\/media\/60112"}],"wp:attachment":[{"href":"https:\/\/bigbuy.tupique.com\/pt\/wp-json\/wp\/v2\/media?parent=60114"}],"wp:term":[{"taxonomy":"product_brand","embeddable":true,"href":"https:\/\/bigbuy.tupique.com\/pt\/wp-json\/wp\/v2\/product_brand?post=60114"},{"taxonomy":"product_cat","embeddable":true,"href":"https:\/\/bigbuy.tupique.com\/pt\/wp-json\/wp\/v2\/product_cat?post=60114"},{"taxonomy":"product_tag","embeddable":true,"href":"https:\/\/bigbuy.tupique.com\/pt\/wp-json\/wp\/v2\/product_tag?post=60114"}],"curies":[{"name":"wp","href":"https:\/\/api.w.org\/{rel}","templated":true}]}}