{"id":60079,"date":"2026-04-01T15:08:49","date_gmt":"2026-04-01T14:08:49","guid":{"rendered":"https:\/\/bigbuy.tupique.com\/produto\/air-conditioning-daitsu-electric-3nda01710-a-white\/"},"modified":"2026-04-15T07:38:58","modified_gmt":"2026-04-15T06:38:58","slug":"air-conditioning-daitsu-electric-3nda01710-a-white","status":"publish","type":"product","link":"https:\/\/bigbuy.tupique.com\/pt\/produto\/air-conditioning-daitsu-electric-3nda01710-a-white\/","title":{"rendered":"Air Conditionn\u00e9 DAITSU ELECTRIC 3NDA01710 A+++ Blanc"},"content":{"rendered":"<p>Si vous \u00eates \u00e0 la recherche de nouvelles tendances sur le march\u00e9, nous vous pr\u00e9sentons <b>Air Conditionn\u00e9 DAITSU ELECTRIC 3NDA01710 A+++ Blanc<\/b> !<\/p>\n<ul>\n<li>Classification \u00e9nerg\u00e9tique: A+++<\/li>\n<li>Couleur: Blanc<\/li>\n<li>Mati\u00e8re: Plastique<\/li>\n<li>Caract\u00e9ristiques:\n<ul>\n<li>Connectivit\u00e9 des applications mobiles<\/li>\n<li>Int\u00e9rieur<\/li>\n<li>Facilit\u00e9 d&#8217;utilisation<\/li>\n<li>Amazon Alexa, Google Assistant<\/li>\n<\/ul>\n<\/li>\n<li>Connectivit\u00e9: Wi-Fi<\/li>\n<li>Port\u00e9e: 30 m\u00b2<\/li>\n<li>Technologie: Split Inverter 1&#215;1<\/li>\n<li>Gaz: R32<\/li>\n<li>R\u00e9frig\u00e9rant: R-410<\/li>\n<\/ul>","protected":false},"excerpt":{"rendered":"<p>Si vous \u00eates \u00e0 la recherche de nouvelles tendances sur le march\u00e9, nous vous pr\u00e9sentons Air Conditionn\u00e9 DAITSU ELECTRIC 3NDA01710 A+++ Blanc ! Classification \u00e9nerg\u00e9tique: A+++ Couleur: Blanc Mati\u00e8re: Plastique Caract\u00e9ristiques: Connectivit\u00e9 des applications mobiles Int\u00e9rieur Facilit\u00e9 d&#8217;utilisation Amazon Alexa, Google Assistant Connectivit\u00e9: Wi-Fi Port\u00e9e: 30 m\u00b2 Technologie: Split Inverter 1&#215;1 Gaz: R32 R\u00e9frig\u00e9rant: R-410<\/p>","protected":false},"featured_media":60078,"comment_status":"open","ping_status":"closed","template":"","meta":[],"product_brand":[1548],"product_cat":[732,1334,239],"product_tag":[721,210],"class_list":{"0":"post-60079","1":"product","2":"type-product","3":"status-publish","4":"has-post-thumbnail","6":"product_brand-brandp_1177","7":"product_cat-climatisation-et-chauffage","8":"product_cat-climatiseurs-et-ventilateurs","9":"product_cat-maison-jardin","10":"product_tag-tag_124","11":"product_tag-tag_25","13":"first","14":"instock","15":"taxable","16":"shipping-taxable","17":"purchasable","18":"product-type-simple"},"_links":{"self":[{"href":"https:\/\/bigbuy.tupique.com\/pt\/wp-json\/wp\/v2\/product\/60079","targetHints":{"allow":["GET"]}}],"collection":[{"href":"https:\/\/bigbuy.tupique.com\/pt\/wp-json\/wp\/v2\/product"}],"about":[{"href":"https:\/\/bigbuy.tupique.com\/pt\/wp-json\/wp\/v2\/types\/product"}],"replies":[{"embeddable":true,"href":"https:\/\/bigbuy.tupique.com\/pt\/wp-json\/wp\/v2\/comments?post=60079"}],"wp:featuredmedia":[{"embeddable":true,"href":"https:\/\/bigbuy.tupique.com\/pt\/wp-json\/wp\/v2\/media\/60078"}],"wp:attachment":[{"href":"https:\/\/bigbuy.tupique.com\/pt\/wp-json\/wp\/v2\/media?parent=60079"}],"wp:term":[{"taxonomy":"product_brand","embeddable":true,"href":"https:\/\/bigbuy.tupique.com\/pt\/wp-json\/wp\/v2\/product_brand?post=60079"},{"taxonomy":"product_cat","embeddable":true,"href":"https:\/\/bigbuy.tupique.com\/pt\/wp-json\/wp\/v2\/product_cat?post=60079"},{"taxonomy":"product_tag","embeddable":true,"href":"https:\/\/bigbuy.tupique.com\/pt\/wp-json\/wp\/v2\/product_tag?post=60079"}],"curies":[{"name":"wp","href":"https:\/\/api.w.org\/{rel}","templated":true}]}}