{"id":60048,"date":"2026-04-01T15:08:11","date_gmt":"2026-04-01T14:08:11","guid":{"rendered":"https:\/\/bigbuy.tupique.com\/produto\/combined-refrigerator-candy-cce7t618es-silver-341-l\/"},"modified":"2026-04-15T07:03:24","modified_gmt":"2026-04-15T06:03:24","slug":"combined-refrigerator-candy-cce7t618es-silver-341-l","status":"publish","type":"product","link":"https:\/\/bigbuy.tupique.com\/pt\/produto\/combined-refrigerator-candy-cce7t618es-silver-341-l\/","title":{"rendered":"R\u00e9frig\u00e9rateur Combin\u00e9 Candy CCE7T618ES Argent\u00e9 341 L"},"content":{"rendered":"<p>Si vous pensez r\u00e9nover votre cuisine, achetez <b>R\u00e9frig\u00e9rateur Combin\u00e9 Candy CCE7T618ES Argent\u00e9 341 L<\/b> et d\u00b4autres <b>produits Candy<\/b> !<\/p>\n<ul>\n<li>Produit \u00e0 brancher: Oui<\/li>\n<li>Type de prise: Prise EU<\/li>\n<li>Bloc d\u2019Alimentation: r\u00e9seau \u00e9lectrique<\/li>\n<li>Couleur:\n<ul>\n<li>Argent\u00e9<\/li>\n<li>Argent<\/li>\n<\/ul>\n<\/li>\n<li>Largeur:\n<ul>\n<li>60 cm<\/li>\n<li>59,5 cm<\/li>\n<\/ul>\n<\/li>\n<li>Caract\u00e9ristiques:\n<ul>\n<li>\u00c9cran integr\u00e9<\/li>\n<li>Commande tactile<\/li>\n<li>Temp\u00e9rature r\u00e9glable<\/li>\n<\/ul>\n<\/li>\n<li>Connectivit\u00e9: Wi-Fi<\/li>\n<li>Classification \u00e9nerg\u00e9tique: E<\/li>\n<li>\u00c9lev\u00e9: 185 cm<\/li>\n<li>Capacit\u00e9: 341 L<\/li>\n<li>Dimensions approx.:\n<ul>\n<li>85 x 60 cm<\/li>\n<li>185 x 60 cm<\/li>\n<\/ul>\n<\/li>\n<li>Direction d&#8217;ouverture: Droite<\/li>\n<li>Fr\u00e9quence: 50 Hz<\/li>\n<li>Amp\u00e9rage: 1 A<\/li>\n<li>Tension: 220-240 V<\/li>\n<li>Niveau sonore: 39 dB<\/li>\n<\/ul>","protected":false},"excerpt":{"rendered":"<p>Si vous pensez r\u00e9nover votre cuisine, achetez R\u00e9frig\u00e9rateur Combin\u00e9 Candy CCE7T618ES Argent\u00e9 341 L et d\u00b4autres produits Candy ! Produit \u00e0 brancher: Oui Type de prise: Prise EU Bloc d\u2019Alimentation: r\u00e9seau \u00e9lectrique Couleur: Argent\u00e9 Argent Largeur: 60 cm 59,5 cm Caract\u00e9ristiques: \u00c9cran integr\u00e9 Commande tactile Temp\u00e9rature r\u00e9glable Connectivit\u00e9: Wi-Fi Classification \u00e9nerg\u00e9tique: E \u00c9lev\u00e9: 185 cm [&hellip;]<\/p>\n","protected":false},"featured_media":60047,"comment_status":"open","ping_status":"closed","template":"","meta":[],"product_brand":[995],"product_cat":[60,77,226],"product_tag":[56],"class_list":{"0":"post-60048","1":"product","2":"type-product","3":"status-publish","4":"has-post-thumbnail","6":"product_brand-brandp_1688","7":"product_cat-cuisine-gourmet","8":"product_cat-petit-electromenager","9":"product_cat-refrigerateurs-et-congelateurs","10":"product_tag-tag_930","12":"first","13":"instock","14":"taxable","15":"shipping-taxable","16":"purchasable","17":"product-type-simple"},"_links":{"self":[{"href":"https:\/\/bigbuy.tupique.com\/pt\/wp-json\/wp\/v2\/product\/60048","targetHints":{"allow":["GET"]}}],"collection":[{"href":"https:\/\/bigbuy.tupique.com\/pt\/wp-json\/wp\/v2\/product"}],"about":[{"href":"https:\/\/bigbuy.tupique.com\/pt\/wp-json\/wp\/v2\/types\/product"}],"replies":[{"embeddable":true,"href":"https:\/\/bigbuy.tupique.com\/pt\/wp-json\/wp\/v2\/comments?post=60048"}],"wp:featuredmedia":[{"embeddable":true,"href":"https:\/\/bigbuy.tupique.com\/pt\/wp-json\/wp\/v2\/media\/60047"}],"wp:attachment":[{"href":"https:\/\/bigbuy.tupique.com\/pt\/wp-json\/wp\/v2\/media?parent=60048"}],"wp:term":[{"taxonomy":"product_brand","embeddable":true,"href":"https:\/\/bigbuy.tupique.com\/pt\/wp-json\/wp\/v2\/product_brand?post=60048"},{"taxonomy":"product_cat","embeddable":true,"href":"https:\/\/bigbuy.tupique.com\/pt\/wp-json\/wp\/v2\/product_cat?post=60048"},{"taxonomy":"product_tag","embeddable":true,"href":"https:\/\/bigbuy.tupique.com\/pt\/wp-json\/wp\/v2\/product_tag?post=60048"}],"curies":[{"name":"wp","href":"https:\/\/api.w.org\/{rel}","templated":true}]}}