{"id":59976,"date":"2026-04-01T15:06:37","date_gmt":"2026-04-01T14:06:37","guid":{"rendered":"https:\/\/bigbuy.tupique.com\/produto\/vinoteca-teka-rvf-10051-gbk-black\/"},"modified":"2026-04-15T02:56:41","modified_gmt":"2026-04-15T01:56:41","slug":"vinoteca-teka-rvf-10051-gbk-black","status":"publish","type":"product","link":"https:\/\/bigbuy.tupique.com\/pt\/produto\/vinoteca-teka-rvf-10051-gbk-black\/","title":{"rendered":"Bar \u00e0 Vins Teka RVF 10051 GBK Noir"},"content":{"rendered":"<p>Si vous aimez prendre soin de chaque d\u00e9tail de votre maison et d&#8217;\u00eatre \u00e0 la derni\u00e8re mode en mati\u00e8re de produits qui vous rendront la vie plus facile, achetez <b>Bar \u00e0 Vins Teka RVF 10051 GBK Noir<\/b> au meilleur prix.<\/p>\n<ul>\n<li>Couleur: Noir<\/li>\n<li>Classification \u00e9nerg\u00e9tique: G<\/li>\n<li>Direction d&#8217;ouverture: Droite<\/li>\n<li>Fr\u00e9quence: 50 Hz<\/li>\n<li>Niveau sonore: 40 dB<\/li>\n<li>Inclut: Ecran<\/li>\n<li>Type de commande: Boutons<\/li>\n<li>Tension: 220-240 V<\/li>\n<li>Largeur: 48 cm<\/li>\n<li>Pieds: Ajustables<\/li>\n<li>\u00c9lev\u00e9: 126 cm<\/li>\n<li>Capacit\u00e9:\n<ul>\n<li>51<\/li>\n<li>159 l<\/li>\n<\/ul>\n<\/li>\n<\/ul>","protected":false},"excerpt":{"rendered":"<p><span class=\"unit-info\">4.0251 &euro; \/ 1 l<\/span><\/p>","protected":false},"featured_media":59973,"comment_status":"open","ping_status":"closed","template":"","meta":[],"product_brand":[667],"product_cat":[60,109,223],"product_tag":[105],"class_list":{"0":"post-59976","1":"product","2":"type-product","3":"status-publish","4":"has-post-thumbnail","6":"product_brand-brandp_1172","7":"product_cat-cuisine-gourmet","8":"product_cat-gourmet","9":"product_cat-oenologie","10":"product_tag-tag_21","12":"first","13":"instock","14":"taxable","15":"shipping-taxable","16":"purchasable","17":"product-type-simple"},"_links":{"self":[{"href":"https:\/\/bigbuy.tupique.com\/pt\/wp-json\/wp\/v2\/product\/59976","targetHints":{"allow":["GET"]}}],"collection":[{"href":"https:\/\/bigbuy.tupique.com\/pt\/wp-json\/wp\/v2\/product"}],"about":[{"href":"https:\/\/bigbuy.tupique.com\/pt\/wp-json\/wp\/v2\/types\/product"}],"replies":[{"embeddable":true,"href":"https:\/\/bigbuy.tupique.com\/pt\/wp-json\/wp\/v2\/comments?post=59976"}],"wp:featuredmedia":[{"embeddable":true,"href":"https:\/\/bigbuy.tupique.com\/pt\/wp-json\/wp\/v2\/media\/59973"}],"wp:attachment":[{"href":"https:\/\/bigbuy.tupique.com\/pt\/wp-json\/wp\/v2\/media?parent=59976"}],"wp:term":[{"taxonomy":"product_brand","embeddable":true,"href":"https:\/\/bigbuy.tupique.com\/pt\/wp-json\/wp\/v2\/product_brand?post=59976"},{"taxonomy":"product_cat","embeddable":true,"href":"https:\/\/bigbuy.tupique.com\/pt\/wp-json\/wp\/v2\/product_cat?post=59976"},{"taxonomy":"product_tag","embeddable":true,"href":"https:\/\/bigbuy.tupique.com\/pt\/wp-json\/wp\/v2\/product_tag?post=59976"}],"curies":[{"name":"wp","href":"https:\/\/api.w.org\/{rel}","templated":true}]}}