{"id":59953,"date":"2026-04-01T15:06:02","date_gmt":"2026-04-01T14:06:02","guid":{"rendered":"https:\/\/bigbuy.tupique.com\/produto\/smartphone-motorola-motorola-razr-50-ultra-12-gb-ram-512-gb-green\/"},"modified":"2026-05-11T19:56:42","modified_gmt":"2026-05-11T17:56:42","slug":"smartphone-motorola-motorola-razr-50-ultra-12-gb-ram-512-gb-green","status":"publish","type":"product","link":"https:\/\/bigbuy.tupique.com\/pt\/produto\/smartphone-motorola-motorola-razr-50-ultra-12-gb-ram-512-gb-green\/","title":{"rendered":"Smartphone Motorola Motorola Razr 50 Ultra 12 GB RAM 512 GB Vert"},"content":{"rendered":"<p>Si vous \u00eates passionn\u00e9 d&#8217;<b>informatique et d&#8217;\u00e9lectronique<\/b>, si vous \u00eates \u00e0 la pointe de la technologie et qu&#8217;aucun d\u00e9tail ne vous \u00e9chappe, achetez <b>Smartphone Motorola Motorola Razr 50 Ultra 12 GB RAM 512 GB Vert<\/b> au meilleur prix.<\/p>\n<p>Le <b>Motorola Razr 50 Ultra<\/b> est un <b>smartphone<\/b> pliable haut de gamme qui allie un design iconique \u00e0 une technologie avanc\u00e9e pour offrir une exp\u00e9rience compl\u00e8te et polyvalente. Son <b>\u00e9cran pOLED de 6,9 pouces<\/b> avec un taux de rafra\u00eechissement de <b>165 Hz<\/b> offre une image fluide et pr\u00e9cise, id\u00e9ale pour profiter de contenus multim\u00e9dias et de jeux aux graphismes r\u00e9alistes. Ce mod\u00e8le int\u00e8gre une puissante plateforme mobile <b>Snapdragon 8s de 3e g\u00e9n\u00e9ration<\/b>, garantissant des performances remarquables en intelligence artificielle et le support de mod\u00e8les avanc\u00e9s de langage et vision, ainsi qu\u2019une connectivit\u00e9 <b>5G<\/b> pour une r\u00e9ponse rapide et stable sur les r\u00e9seaux mobiles. Il dispose de <b>12 Go de RAM<\/b> et d\u2019une large <b>capacit\u00e9 de stockage de 512 Go<\/b>, offrant un espace g\u00e9n\u00e9reux pour applications, fichiers et multim\u00e9dia. C\u00f4t\u00e9 photo, il se distingue par son appareil principal de <b>50 MP<\/b>, capable de capturer des images nettes et d\u00e9taill\u00e9es en diverses conditions lumineuses, accompagn\u00e9 d\u2019un appareil frontal de <b>32 MP<\/b> avec IA pour des selfies haute d\u00e9finition. De plus, son format pliable innovant permet d\u2019enregistrer des vid\u00e9os en ouvrant l\u2019appareil \u00e0 90 degr\u00e9s, facilitant des fonctions comme le <b>Dual Preview<\/b> pour se voir en temps r\u00e9el sur l\u2019\u00e9cran externe. Ce dernier, en verre <b>Gorilla Glass Victus<\/b>, est le plus grand et intelligent du march\u00e9 des smartphones pliables, avec une certification <b>IPX8<\/b> garantissant une r\u00e9sistance \u00e0 l\u2019eau. La batterie de <b>4000 mAh<\/b> assure une autonomie pour toute la journ\u00e9e, compl\u00e9t\u00e9e par la charge rapide <b>TurboPower 45 W<\/b> et la charge sans fil de <b>15 W<\/b>, permettant une recharge efficace et flexible. C\u00f4t\u00e9 design, il est disponible en \u00e9l\u00e9gant coloris <b>vert<\/b>, qui, associ\u00e9 \u00e0 sa structure r\u00e9tro et fonctionnelle, cr\u00e9e une identit\u00e9 esth\u00e9tique, renforc\u00e9e par une finition soign\u00e9e et une robustesse test\u00e9e pour l\u2019\u00e9cran et la charni\u00e8re. Il inclut aussi des fonctionnalit\u00e9s pratiques comme le <b>GPS<\/b> et l\u2019<b>\u00e9cran tactile<\/b>, optimisant l\u2019exp\u00e9rience d\u2019utilisation quotidienne. En r\u00e9sum\u00e9, le Motorola Razr 50 Ultra repr\u00e9sente une offre technologique avanc\u00e9e qui allie innovation, puissance et design renouvel\u00e9 pour les utilisateurs exigeants recherchant un appareil pliable complet et performant.<\/p>\n<ul>\n<li>Couleur: Vert<\/li>\n<li>Cam\u00e9ra\/Appareil Photo:\n<ul>\n<li>32 MP + 50 MP<\/li>\n<li>Dual<\/li>\n<li>Frontal<\/li>\n<li>32 Mp<\/li>\n<li>50 Mp<\/li>\n<\/ul>\n<\/li>\n<li>R\u00e9solution (px):\n<ul>\n<li>2640 x 1080 px<\/li>\n<li>3840 x 2160 px<\/li>\n<\/ul>\n<\/li>\n<li>M\u00e9moire interne: 512 GB<\/li>\n<li>Connectivit\u00e9:\n<ul>\n<li>5G<\/li>\n<li>NFC<\/li>\n<li>Bluetooth<\/li>\n<li>GPS<\/li>\n<li>Wi-Fi<\/li>\n<li>BeiDou<\/li>\n<li>LTE<\/li>\n<\/ul>\n<\/li>\n<li>Processeur: Octa Core<\/li>\n<li>Ecran:\n<ul>\n<li>6,7&#8243;<\/li>\n<li>6,9&#8243;<\/li>\n<\/ul>\n<\/li>\n<li>M\u00e9moire RAM: 12 GB RAM<\/li>\n<li>Syst\u00e8me d&#8217;exploitation:\n<ul>\n<li>Android<\/li>\n<li>Android 14<\/li>\n<\/ul>\n<\/li>\n<li>Diagonale de l&#8217;\u00e9cran (cm):\n<ul>\n<li>17 cm<\/li>\n<li>17,5 cm<\/li>\n<\/ul>\n<\/li>\n<li>Produit \u00e0 brancher: Oui<\/li>\n<li>Type:\n<ul>\n<li>Smartphone<\/li>\n<li>D\u00e9clenchement de l&#8217;appareil photo<\/li>\n<\/ul>\n<\/li>\n<li>Type de prise: Prise EU<\/li>\n<li>Bloc d\u2019Alimentation: r\u00e9seau \u00e9lectrique<\/li>\n<li>Stabilisateur d&#8217;image: Oui<\/li>\n<li>Inclut:\n<ul>\n<li>Chargeur<\/li>\n<li>\u00c9tui de protection<\/li>\n<\/ul>\n<\/li>\n<li>Capacit\u00e9 de la batterie: 4000 mAh<\/li>\n<li>Facteur de forme: Coquillage<\/li>\n<li>Connexions:\n<ul>\n<li>USB-C<\/li>\n<li>USB<\/li>\n<li>USB 2.0<\/li>\n<li>Dual SIM<\/li>\n<\/ul>\n<\/li>\n<li>Caract\u00e9ristiques:\n<ul>\n<li>GPS<\/li>\n<li>Port USB<\/li>\n<li>Lecteur d&#8217;empreintes<\/li>\n<li>Ecran tactile<\/li>\n<li>Capteur de lumi\u00e8re ambiante<\/li>\n<li>HDR<\/li>\n<li>Activation vocale<\/li>\n<li>Guide d&#8217;installation inclus<\/li>\n<li>Chargement rapide et fiable<\/li>\n<li>Chargeur sans fil<\/li>\n<li>Syst\u00e8me de reconnaissance faciale<\/li>\n<li>Stabilisateur d&#8217;image<\/li>\n<li>Capteur de proximit\u00e9<\/li>\n<li>Gorilla Glass<\/li>\n<\/ul>\n<\/li>\n<li>Mati\u00e8re: Aluminium<\/li>\n<li>Technologie:\n<ul>\n<li>LED<\/li>\n<li>Glonass<\/li>\n<\/ul>\n<\/li>\n<li>Capteurs:\n<ul>\n<li>Acc\u00e9l\u00e9rom\u00e8tre<\/li>\n<li>Gyroscope<\/li>\n<li>Magn\u00e9tom\u00e8tre<\/li>\n<\/ul>\n<\/li>\n<li>Fr\u00e9quence:\n<ul>\n<li>165 Hz<\/li>\n<li>120 Hz<\/li>\n<\/ul>\n<\/li>\n<li>Fonctions: ECO<\/li>\n<li>Non Inclus: Adaptateur AC<\/li>\n<li>Fonctionne \u00e0 piles: 1 Litio Ion, incluidas<\/li>\n<li>Ouverture: F\/1,7<\/li>\n<li>Type de batterie: Batterie au lithium rechargeable<\/li>\n<li>Famille de processeurs: Qualcomm Snapdragon<\/li>\n<li>Classification IP: IPX8<\/li>\n<\/ul>","protected":false},"excerpt":{"rendered":"<p>Si vous \u00eates passionn\u00e9 d&#8217;informatique et d&#8217;\u00e9lectronique, si vous \u00eates \u00e0 la pointe de la technologie et qu&#8217;aucun d\u00e9tail ne vous \u00e9chappe, achetez Smartphone Motorola Motorola Razr 50 Ultra 12 GB RAM 512 GB Vert au meilleur prix. Le Motorola Razr 50 Ultra est un smartphone pliable haut de gamme qui allie un design iconique [&hellip;]<\/p>\n","protected":false},"featured_media":59944,"comment_status":"open","ping_status":"closed","template":"","meta":[],"product_brand":[1151],"product_cat":[575,65,960],"product_tag":[213,566,106],"class_list":{"0":"post-59953","1":"product","2":"type-product","3":"status-publish","4":"has-post-thumbnail","6":"product_brand-brandp_983","7":"product_cat-electronique-telephonie-et-tablettes","8":"product_cat-informatique-electronique","9":"product_cat-telephones-portables","10":"product_tag-tag_933","11":"product_tag-tag_547","12":"product_tag-tag_1295","14":"first","15":"instock","16":"taxable","17":"shipping-taxable","18":"purchasable","19":"product-type-simple"},"_links":{"self":[{"href":"https:\/\/bigbuy.tupique.com\/pt\/wp-json\/wp\/v2\/product\/59953","targetHints":{"allow":["GET"]}}],"collection":[{"href":"https:\/\/bigbuy.tupique.com\/pt\/wp-json\/wp\/v2\/product"}],"about":[{"href":"https:\/\/bigbuy.tupique.com\/pt\/wp-json\/wp\/v2\/types\/product"}],"replies":[{"embeddable":true,"href":"https:\/\/bigbuy.tupique.com\/pt\/wp-json\/wp\/v2\/comments?post=59953"}],"wp:featuredmedia":[{"embeddable":true,"href":"https:\/\/bigbuy.tupique.com\/pt\/wp-json\/wp\/v2\/media\/59944"}],"wp:attachment":[{"href":"https:\/\/bigbuy.tupique.com\/pt\/wp-json\/wp\/v2\/media?parent=59953"}],"wp:term":[{"taxonomy":"product_brand","embeddable":true,"href":"https:\/\/bigbuy.tupique.com\/pt\/wp-json\/wp\/v2\/product_brand?post=59953"},{"taxonomy":"product_cat","embeddable":true,"href":"https:\/\/bigbuy.tupique.com\/pt\/wp-json\/wp\/v2\/product_cat?post=59953"},{"taxonomy":"product_tag","embeddable":true,"href":"https:\/\/bigbuy.tupique.com\/pt\/wp-json\/wp\/v2\/product_tag?post=59953"}],"curies":[{"name":"wp","href":"https:\/\/api.w.org\/{rel}","templated":true}]}}