{"id":59907,"date":"2026-04-01T15:03:17","date_gmt":"2026-04-01T14:03:17","guid":{"rendered":"https:\/\/bigbuy.tupique.com\/produto\/air-conditioning-hisense-ca25yr03-a-a\/"},"modified":"2026-04-15T02:19:50","modified_gmt":"2026-04-15T01:19:50","slug":"air-conditioning-hisense-ca25yr03-a-a","status":"publish","type":"product","link":"https:\/\/bigbuy.tupique.com\/pt\/produto\/air-conditioning-hisense-ca25yr03-a-a\/","title":{"rendered":"Air Conditionn\u00e9 Hisense CA25YR03 A+\/A++"},"content":{"rendered":"<p>Si vous recherchez des \u00e9lectrom\u00e9nagers pour votre maison aux meilleurs prix, ne manquez pas <b>Air Conditionn\u00e9 Hisense CA25YR03 A+\/A++<\/b> et une large s\u00e9lection de petits \u00e9lectrom\u00e9nagers de qualit\u00e9 !<\/p>\n<p>Le <b>Hisense CA25YR03<\/b> est un <b>climatiseur<\/b> split 1&#215;1 qui offre un \u00e9quilibre efficace entre confort et efficacit\u00e9 \u00e9nerg\u00e9tique, id\u00e9al pour climatiser des espaces domestiques ou de bureau. Avec une <b>puissance frigorifique de 2236 frigor\u00edas<\/b> et une capacit\u00e9 calorifique de 2322 calories, il garantit une performance adapt\u00e9e aussi bien pour le refroidissement que pour le chauffage, s\u2019ajustant aux besoins tout au long de l\u2019ann\u00e9e. Ce mod\u00e8le b\u00e9n\u00e9ficie d\u2019une <b>classe \u00e9nerg\u00e9tique A++ en froid et A+ en chaud<\/b>, assurant une consommation r\u00e9duite et une utilisation durable, favorisant des \u00e9conomies sur la facture \u00e9lectrique sans compromettre le confort. Son design en <b>couleur blanche<\/b> facilite son int\u00e9gration dans tout environnement, apportant discr\u00e9tion et modernit\u00e9. De plus, il utilise un <b>gaz r\u00e9frig\u00e9rant R32<\/b>, plus efficace et respectueux de l\u2019environnement compar\u00e9 aux fluides traditionnels. Il est \u00e9quip\u00e9 de la technologie <b>Inverter<\/b>, qui ajuste la vitesse du compresseur pour maintenir la temp\u00e9rature d\u00e9sir\u00e9e constante, r\u00e9duire la consommation d\u2019\u00e9nergie et minimiser le bruit en fonctionnement. Sa configuration split 1&#215;1 offre une installation simple et flexible, avec unit\u00e9s int\u00e9rieure et ext\u00e9rieure ind\u00e9pendantes pour optimiser la distribution de l\u2019air. En r\u00e9sum\u00e9, le Hisense CA25YR03 repr\u00e9sente une option \u00e9quilibr\u00e9e dans sa cat\u00e9gorie, combinant efficacit\u00e9, capacit\u00e9 et technologie moderne pour maintenir un environnement confortable et sain toute l\u2019ann\u00e9e.<\/p>\n<ul>\n<li>Type: Split 1&#215;1<\/li>\n<li>Couleur: Blanc<\/li>\n<li>Classification \u00e9nerg\u00e9tique: A+\/A++<\/li>\n<li>Technologie: Inverter<\/li>\n<li>T\u00e9l\u00e9commande: Oui<\/li>\n<li>Gaz: R32<\/li>\n<li>Puissance frigorifique: 2000 fg\/h<\/li>\n<li>\u00c9cran integr\u00e9: Non<\/li>\n<li>puissance: 2322 kcal\/h<\/li>\n<\/ul>","protected":false},"excerpt":{"rendered":"<p>Si vous recherchez des \u00e9lectrom\u00e9nagers pour votre maison aux meilleurs prix, ne manquez pas Air Conditionn\u00e9 Hisense CA25YR03 A+\/A++ et une large s\u00e9lection de petits \u00e9lectrom\u00e9nagers de qualit\u00e9 ! Le Hisense CA25YR03 est un climatiseur split 1&#215;1 qui offre un \u00e9quilibre efficace entre confort et efficacit\u00e9 \u00e9nerg\u00e9tique, id\u00e9al pour climatiser des espaces domestiques ou de [&hellip;]<\/p>\n","protected":false},"featured_media":59905,"comment_status":"open","ping_status":"closed","template":"","meta":[],"product_brand":[1341],"product_cat":[732,1334,239],"product_tag":[721,210],"class_list":{"0":"post-59907","1":"product","2":"type-product","3":"status-publish","4":"has-post-thumbnail","6":"product_brand-brandp_612","7":"product_cat-climatisation-et-chauffage","8":"product_cat-climatiseurs-et-ventilateurs","9":"product_cat-maison-jardin","10":"product_tag-tag_124","11":"product_tag-tag_25","13":"first","14":"instock","15":"taxable","16":"shipping-taxable","17":"purchasable","18":"product-type-simple"},"_links":{"self":[{"href":"https:\/\/bigbuy.tupique.com\/pt\/wp-json\/wp\/v2\/product\/59907","targetHints":{"allow":["GET"]}}],"collection":[{"href":"https:\/\/bigbuy.tupique.com\/pt\/wp-json\/wp\/v2\/product"}],"about":[{"href":"https:\/\/bigbuy.tupique.com\/pt\/wp-json\/wp\/v2\/types\/product"}],"replies":[{"embeddable":true,"href":"https:\/\/bigbuy.tupique.com\/pt\/wp-json\/wp\/v2\/comments?post=59907"}],"wp:featuredmedia":[{"embeddable":true,"href":"https:\/\/bigbuy.tupique.com\/pt\/wp-json\/wp\/v2\/media\/59905"}],"wp:attachment":[{"href":"https:\/\/bigbuy.tupique.com\/pt\/wp-json\/wp\/v2\/media?parent=59907"}],"wp:term":[{"taxonomy":"product_brand","embeddable":true,"href":"https:\/\/bigbuy.tupique.com\/pt\/wp-json\/wp\/v2\/product_brand?post=59907"},{"taxonomy":"product_cat","embeddable":true,"href":"https:\/\/bigbuy.tupique.com\/pt\/wp-json\/wp\/v2\/product_cat?post=59907"},{"taxonomy":"product_tag","embeddable":true,"href":"https:\/\/bigbuy.tupique.com\/pt\/wp-json\/wp\/v2\/product_tag?post=59907"}],"curies":[{"name":"wp","href":"https:\/\/api.w.org\/{rel}","templated":true}]}}