{"id":59876,"date":"2026-04-01T15:02:31","date_gmt":"2026-04-01T14:02:31","guid":{"rendered":"https:\/\/bigbuy.tupique.com\/produto\/smart-tv-philips-55pus8400-12\/"},"modified":"2026-04-15T07:03:30","modified_gmt":"2026-04-15T06:03:30","slug":"smart-tv-philips-55pus8400-12","status":"publish","type":"product","link":"https:\/\/bigbuy.tupique.com\/pt\/produto\/smart-tv-philips-55pus8400-12\/","title":{"rendered":"TV intelligente Philips 55PUS8400\/12"},"content":{"rendered":"<p>Si vous \u00eates \u00e0 la recherche de nouvelles tendances sur le march\u00e9, nous vous pr\u00e9sentons <b>TV intelligente Philips 55PUS8400\/12<\/b> !<\/p>\n<ul>\n<li>Classification \u00e9nerg\u00e9tique: E<\/li>\n<li>Ecran: 55&#8243;<\/li>\n<li>R\u00e9solution: 4K Ultra HD<\/li>\n<li>Technologie: QLED<\/li>\n<li>Couleur: Noir<\/li>\n<li>Caract\u00e9ristiques:\n<ul>\n<li>TV intelligente<\/li>\n<li>Netflix<\/li>\n<li>Amazon Prime Video<\/li>\n<li>Ambilight<\/li>\n<li>Disney+<\/li>\n<li>2 Haut-parleurs<\/li>\n<li>Haut-parleurs int\u00e9gr\u00e9s<\/li>\n<\/ul>\n<\/li>\n<li>Connexions:\n<ul>\n<li>HDMI<\/li>\n<li>RJ45<\/li>\n<li>Casque<\/li>\n<li>Ethernet LAN<\/li>\n<li>USB-A<\/li>\n<\/ul>\n<\/li>\n<li>Rapport d&#8217;aspect: 16:9<\/li>\n<li>Connectivit\u00e9:\n<ul>\n<li>Bluetooth<\/li>\n<li>Wi-Fi<\/li>\n<li>Interface commune<\/li>\n<\/ul>\n<\/li>\n<li>Format: 16:9<\/li>\n<li>VESA:\n<ul>\n<li>200 x 200 mm<\/li>\n<li>40 x 40 cm<\/li>\n<\/ul>\n<\/li>\n<li>TV intelligente: Oui<\/li>\n<li>Compatible:\n<ul>\n<li>Netflix<\/li>\n<li>YouTube<\/li>\n<li>Amazon Prime Video, BBC iplayer, Disney+, Netflix, YouTube<\/li>\n<li>Amazon Prime Video, Disney+, Netflix, YouTube<\/li>\n<\/ul>\n<\/li>\n<li>Fr\u00e9quence: 50 &#8211; 60 Hz<\/li>\n<li>Formats: Dolby Audio<\/li>\n<li>Non Inclus:\n<ul>\n<li>Cadre<\/li>\n<li>Socle<\/li>\n<\/ul>\n<\/li>\n<li>Montage: VESA<\/li>\n<li>R\u00e9cepteur: DVB-T2\/T\/C\/S2<\/li>\n<li>R\u00e9solution (px): 3840 x 2160 px<\/li>\n<li>Diagonale de l&#8217;\u00e9cran (cm): 139,7 cm<\/li>\n<li>Indice de r\u00e9parabilit\u00e9: 8.1<\/li>\n<\/ul>","protected":false},"excerpt":{"rendered":"<p>Si vous \u00eates \u00e0 la recherche de nouvelles tendances sur le march\u00e9, nous vous pr\u00e9sentons TV intelligente Philips 55PUS8400\/12 ! Classification \u00e9nerg\u00e9tique: E Ecran: 55&#8243; R\u00e9solution: 4K Ultra HD Technologie: QLED Couleur: Noir Caract\u00e9ristiques: TV intelligente Netflix Amazon Prime Video Ambilight Disney+ 2 Haut-parleurs Haut-parleurs int\u00e9gr\u00e9s Connexions: HDMI RJ45 Casque Ethernet LAN USB-A Rapport d&#8217;aspect: [&hellip;]<\/p>\n","protected":false},"featured_media":59874,"comment_status":"open","ping_status":"closed","template":"","meta":[],"product_brand":[315],"product_cat":[589,65,957],"product_tag":[],"class_list":{"0":"post-59876","1":"product","2":"type-product","3":"status-publish","4":"has-post-thumbnail","6":"product_brand-brandp_571","7":"product_cat-electronique-television","8":"product_cat-informatique-electronique","9":"product_cat-televisions-et-smart-tv","11":"first","12":"instock","13":"taxable","14":"shipping-taxable","15":"purchasable","16":"product-type-simple"},"_links":{"self":[{"href":"https:\/\/bigbuy.tupique.com\/pt\/wp-json\/wp\/v2\/product\/59876","targetHints":{"allow":["GET"]}}],"collection":[{"href":"https:\/\/bigbuy.tupique.com\/pt\/wp-json\/wp\/v2\/product"}],"about":[{"href":"https:\/\/bigbuy.tupique.com\/pt\/wp-json\/wp\/v2\/types\/product"}],"replies":[{"embeddable":true,"href":"https:\/\/bigbuy.tupique.com\/pt\/wp-json\/wp\/v2\/comments?post=59876"}],"wp:featuredmedia":[{"embeddable":true,"href":"https:\/\/bigbuy.tupique.com\/pt\/wp-json\/wp\/v2\/media\/59874"}],"wp:attachment":[{"href":"https:\/\/bigbuy.tupique.com\/pt\/wp-json\/wp\/v2\/media?parent=59876"}],"wp:term":[{"taxonomy":"product_brand","embeddable":true,"href":"https:\/\/bigbuy.tupique.com\/pt\/wp-json\/wp\/v2\/product_brand?post=59876"},{"taxonomy":"product_cat","embeddable":true,"href":"https:\/\/bigbuy.tupique.com\/pt\/wp-json\/wp\/v2\/product_cat?post=59876"},{"taxonomy":"product_tag","embeddable":true,"href":"https:\/\/bigbuy.tupique.com\/pt\/wp-json\/wp\/v2\/product_tag?post=59876"}],"curies":[{"name":"wp","href":"https:\/\/api.w.org\/{rel}","templated":true}]}}