{"id":59856,"date":"2026-04-01T15:01:59","date_gmt":"2026-04-01T14:01:59","guid":{"rendered":"https:\/\/bigbuy.tupique.com\/produto\/combined-refrigerator-lg-gtbv20swzjd-white-190-l\/"},"modified":"2026-04-15T07:37:55","modified_gmt":"2026-04-15T06:37:55","slug":"combined-refrigerator-lg-gtbv20swzjd-white-190-l","status":"publish","type":"product","link":"https:\/\/bigbuy.tupique.com\/pt\/produto\/combined-refrigerator-lg-gtbv20swzjd-white-190-l\/","title":{"rendered":"R\u00e9frig\u00e9rateur Combin\u00e9 LG GTBV20SWZJD Blanc 190 L"},"content":{"rendered":"<p>Si vous pensez r\u00e9nover votre cuisine, achetez <b>R\u00e9frig\u00e9rateur Combin\u00e9 LG GTBV20SWZJD Blanc 190 L<\/b> et d\u00b4autres <b>produits LG<\/b> !<\/p>\n<ul>\n<li>Produit \u00e0 brancher: Oui<\/li>\n<li>Type de prise: Prise EU<\/li>\n<li>Bloc d\u2019Alimentation: r\u00e9seau \u00e9lectrique<\/li>\n<li>Couleur: Blanc<\/li>\n<li>Classification \u00e9nerg\u00e9tique: E<\/li>\n<li>Mati\u00e8re:\n<ul>\n<li>Acier<\/li>\n<li>Plastique<\/li>\n<\/ul>\n<\/li>\n<li>Type d&#8217;installation: Auto-assemblage<\/li>\n<li>Capacit\u00e9: 190 L<\/li>\n<li>Technologie: No Frost<\/li>\n<li>Connectivit\u00e9: No<\/li>\n<li>Portes: 2 portes<\/li>\n<li>\u00c9lev\u00e9: 168 cm<\/li>\n<li>Capacit\u00e9 du r\u00e9frig\u00e9rateur: 203 L<\/li>\n<\/ul>","protected":false},"excerpt":{"rendered":"<p>Si vous pensez r\u00e9nover votre cuisine, achetez R\u00e9frig\u00e9rateur Combin\u00e9 LG GTBV20SWZJD Blanc 190 L et d\u00b4autres produits LG ! Produit \u00e0 brancher: Oui Type de prise: Prise EU Bloc d\u2019Alimentation: r\u00e9seau \u00e9lectrique Couleur: Blanc Classification \u00e9nerg\u00e9tique: E Mati\u00e8re: Acier Plastique Type d&#8217;installation: Auto-assemblage Capacit\u00e9: 190 L Technologie: No Frost Connectivit\u00e9: No Portes: 2 portes \u00c9lev\u00e9: [&hellip;]<\/p>\n","protected":false},"featured_media":59854,"comment_status":"open","ping_status":"closed","template":"","meta":[],"product_brand":[662],"product_cat":[60,77,226],"product_tag":[56],"class_list":{"0":"post-59856","1":"product","2":"type-product","3":"status-publish","4":"has-post-thumbnail","6":"product_brand-brandp_559","7":"product_cat-cuisine-gourmet","8":"product_cat-petit-electromenager","9":"product_cat-refrigerateurs-et-congelateurs","10":"product_tag-tag_930","12":"first","13":"instock","14":"taxable","15":"shipping-taxable","16":"purchasable","17":"product-type-simple"},"_links":{"self":[{"href":"https:\/\/bigbuy.tupique.com\/pt\/wp-json\/wp\/v2\/product\/59856","targetHints":{"allow":["GET"]}}],"collection":[{"href":"https:\/\/bigbuy.tupique.com\/pt\/wp-json\/wp\/v2\/product"}],"about":[{"href":"https:\/\/bigbuy.tupique.com\/pt\/wp-json\/wp\/v2\/types\/product"}],"replies":[{"embeddable":true,"href":"https:\/\/bigbuy.tupique.com\/pt\/wp-json\/wp\/v2\/comments?post=59856"}],"wp:featuredmedia":[{"embeddable":true,"href":"https:\/\/bigbuy.tupique.com\/pt\/wp-json\/wp\/v2\/media\/59854"}],"wp:attachment":[{"href":"https:\/\/bigbuy.tupique.com\/pt\/wp-json\/wp\/v2\/media?parent=59856"}],"wp:term":[{"taxonomy":"product_brand","embeddable":true,"href":"https:\/\/bigbuy.tupique.com\/pt\/wp-json\/wp\/v2\/product_brand?post=59856"},{"taxonomy":"product_cat","embeddable":true,"href":"https:\/\/bigbuy.tupique.com\/pt\/wp-json\/wp\/v2\/product_cat?post=59856"},{"taxonomy":"product_tag","embeddable":true,"href":"https:\/\/bigbuy.tupique.com\/pt\/wp-json\/wp\/v2\/product_tag?post=59856"}],"curies":[{"name":"wp","href":"https:\/\/api.w.org\/{rel}","templated":true}]}}