{"id":59791,"date":"2026-04-01T15:00:29","date_gmt":"2026-04-01T14:00:29","guid":{"rendered":"https:\/\/bigbuy.tupique.com\/produto\/electric-scooter-reebok-urban-350-w\/"},"modified":"2026-05-11T19:56:43","modified_gmt":"2026-05-11T17:56:43","slug":"electric-scooter-reebok-urban-350-w","status":"publish","type":"product","link":"https:\/\/bigbuy.tupique.com\/pt\/produto\/electric-scooter-reebok-urban-350-w\/","title":{"rendered":"Trottinette \u00c9lectrique Reebok URBAN 350 W"},"content":{"rendered":"<p>Restez en forme et d\u00e9couvrez les derni\u00e8res nouveaut\u00e9s du secteur pour faire du sport avec les meilleures garanties ! Achetez <b>Trottinette \u00c9lectrique Reebok URBAN 350 W<\/b> au meilleur prix et profitez d&#8217;une vie saine !<\/p>\n<p>La <b>trottinette \u00e9lectrique URBAN<\/b> de Reebok propose une solution moderne et efficace pour la mobilit\u00e9 urbaine, alliant un design robuste et contemporain dans une \u00e9l\u00e9gante <b>couleur bleue<\/b> \u00e0 des fonctionnalit\u00e9s adapt\u00e9es \u00e0 la vie citadine. \u00c9quip\u00e9e d\u2019un <b>moteur de 350 W<\/b>, cette trottinette atteint une <b>vitesse maximale de 25 km\/h<\/b>, facilitant des d\u00e9placements rapides en toute s\u00e9curit\u00e9 et en conformit\u00e9 avec la r\u00e9glementation urbaine. Sa batterie de <b>7800 mAh<\/b> offre une autonomie suffisante pour les trajets quotidiens, permettant de parcourir jusqu\u2019\u00e0 30 km par charge sans souci de recharge fr\u00e9quente. La structure <b>pliable<\/b> facilite le transport et le rangement, id\u00e9ale pour la combiner avec d\u2019autres moyens de transport ou la stocker dans des espaces r\u00e9duits. Elle est dot\u00e9e d\u2019un <b>\u00e9cran int\u00e9gr\u00e9<\/b> permettant de consulter facilement les informations essentielles telles que la vitesse, le niveau de batterie et le mode de conduite, offrant confort et contr\u00f4le \u00e0 l\u2019utilisation. Elle int\u00e8gre un syst\u00e8me de roues de <b>8,5 pouces<\/b> \u00e0 l\u2019avant et \u00e0 l\u2019arri\u00e8re, optimis\u00e9es pour absorber les irr\u00e9gularit\u00e9s de la route et garantir une conduite plus douce et stable. La recharge s\u2019effectue facilement via le <b>secteur<\/b>, assurant un fonctionnement fiable au quotidien. Ce mod\u00e8le \u00e9quilibre performance, praticit\u00e9 et design attractif, se positionnant comme une alternative polyvalente et fonctionnelle pour ceux qui souhaitent se d\u00e9placer efficacement en ville.<\/p>\n<ul>\n<li>Produit \u00e0 brancher: Oui<\/li>\n<li>Type de prise: Prise EU<\/li>\n<li>Type: Trottinette \u00c9lectrique<\/li>\n<li>Couleur: Bleu<\/li>\n<li>Bloc d\u2019Alimentation:\n<ul>\n<li>r\u00e9seau \u00e9lectrique<\/li>\n<li>Batterie<\/li>\n<\/ul>\n<\/li>\n<li>Caract\u00e9ristiques:\n<ul>\n<li>Pliable<\/li>\n<li>\u00c9cran integr\u00e9<\/li>\n<\/ul>\n<\/li>\n<li>puissance: 350 W<\/li>\n<li>Capacit\u00e9 de la batterie: 7800 mAh<\/li>\n<li>Taille: 8,5&#8243;<\/li>\n<li>vitesse: 25 km\/h<\/li>\n<li>Inclut: Lumi\u00e8re LED<\/li>\n<li>Classification IP: IPX4<\/li>\n<li>Autonomie approx.: 30 km<\/li>\n<li>roues: 2 roues<\/li>\n<\/ul>\n<p>Informations importantes: Si la marque n&#8217;a pas immatricul\u00e9 la trotinette, le propi\u00e9taire devra passer le ITV ou le T\u00dbV pour obtenir un &#8220;EBE&#8221; ou un permis de circulation individuel.<\/p>","protected":false},"excerpt":{"rendered":"<p>Restez en forme et d\u00e9couvrez les derni\u00e8res nouveaut\u00e9s du secteur pour faire du sport avec les meilleures garanties ! Achetez Trottinette \u00c9lectrique Reebok URBAN 350 W au meilleur prix et profitez d&#8217;une vie saine ! La trottinette \u00e9lectrique URBAN de Reebok propose une solution moderne et efficace pour la mobilit\u00e9 urbaine, alliant un design robuste [&hellip;]<\/p>\n","protected":false},"featured_media":59790,"comment_status":"open","ping_status":"closed","template":"","meta":[],"product_brand":[1588],"product_cat":[609,65,1146],"product_tag":[163],"class_list":{"0":"post-59791","1":"product","2":"type-product","3":"status-publish","4":"has-post-thumbnail","6":"product_brand-brandp_2630","7":"product_cat-electronique-jouets-electroniques","8":"product_cat-informatique-electronique","9":"product_cat-trottinettes-electriques","10":"product_tag-tag_17","12":"first","13":"instock","14":"taxable","15":"shipping-taxable","16":"purchasable","17":"product-type-simple"},"_links":{"self":[{"href":"https:\/\/bigbuy.tupique.com\/pt\/wp-json\/wp\/v2\/product\/59791","targetHints":{"allow":["GET"]}}],"collection":[{"href":"https:\/\/bigbuy.tupique.com\/pt\/wp-json\/wp\/v2\/product"}],"about":[{"href":"https:\/\/bigbuy.tupique.com\/pt\/wp-json\/wp\/v2\/types\/product"}],"replies":[{"embeddable":true,"href":"https:\/\/bigbuy.tupique.com\/pt\/wp-json\/wp\/v2\/comments?post=59791"}],"wp:featuredmedia":[{"embeddable":true,"href":"https:\/\/bigbuy.tupique.com\/pt\/wp-json\/wp\/v2\/media\/59790"}],"wp:attachment":[{"href":"https:\/\/bigbuy.tupique.com\/pt\/wp-json\/wp\/v2\/media?parent=59791"}],"wp:term":[{"taxonomy":"product_brand","embeddable":true,"href":"https:\/\/bigbuy.tupique.com\/pt\/wp-json\/wp\/v2\/product_brand?post=59791"},{"taxonomy":"product_cat","embeddable":true,"href":"https:\/\/bigbuy.tupique.com\/pt\/wp-json\/wp\/v2\/product_cat?post=59791"},{"taxonomy":"product_tag","embeddable":true,"href":"https:\/\/bigbuy.tupique.com\/pt\/wp-json\/wp\/v2\/product_tag?post=59791"}],"curies":[{"name":"wp","href":"https:\/\/api.w.org\/{rel}","templated":true}]}}