{"id":59786,"date":"2026-04-01T15:00:22","date_gmt":"2026-04-01T14:00:22","guid":{"rendered":"https:\/\/bigbuy.tupique.com\/produto\/dishwasher-beko-dvs05024w-white-45-cm-45-cm\/"},"modified":"2026-04-15T00:12:42","modified_gmt":"2026-04-14T23:12:42","slug":"dishwasher-beko-dvs05024w-white-45-cm-45-cm","status":"publish","type":"product","link":"https:\/\/bigbuy.tupique.com\/pt\/produto\/dishwasher-beko-dvs05024w-white-45-cm-45-cm\/","title":{"rendered":"Lave-vaisselle BEKO DVS05024W Blanc 45 cm (45 cm)"},"content":{"rendered":"<p>Si vous pensez r\u00e9nover votre cuisine, achetez <b>Lave-vaisselle BEKO DVS05024W Blanc 45 cm (45 cm)<\/b> et d\u00b4autres <b>produits BEKO<\/b> !<\/p>\n<ul>\n<li>Couleur: Blanc<\/li>\n<li>Largeur: 45 cm<\/li>\n<li>Caract\u00e9ristiques:\n<ul>\n<li>Verrouillage pour enfants<\/li>\n<li>\u00c9cran integr\u00e9<\/li>\n<li>Minuterie<\/li>\n<\/ul>\n<\/li>\n<li>Classification \u00e9nerg\u00e9tique: E<\/li>\n<li>Bloc d\u2019Alimentation: r\u00e9seau \u00e9lectrique<\/li>\n<li>Langue: Espagnol<\/li>\n<li>Produit \u00e0 brancher: Oui<\/li>\n<li>Type: Lave-vaisselle<\/li>\n<li>Type de prise: Prise EU<\/li>\n<li>Mat\u00e9riel: Acier inoxydable<\/li>\n<li>Technologie: LED<\/li>\n<li>Fr\u00e9quence: 50 Hz<\/li>\n<li>Tension: 220-240 V<\/li>\n<li>Niveau sonore: 49 dB<\/li>\n<\/ul>","protected":false},"excerpt":{"rendered":"<p>Si vous pensez r\u00e9nover votre cuisine, achetez Lave-vaisselle BEKO DVS05024W Blanc 45 cm (45 cm) et d\u00b4autres produits BEKO ! Couleur: Blanc Largeur: 45 cm Caract\u00e9ristiques: Verrouillage pour enfants \u00c9cran integr\u00e9 Minuterie Classification \u00e9nerg\u00e9tique: E Bloc d\u2019Alimentation: r\u00e9seau \u00e9lectrique Langue: Espagnol Produit \u00e0 brancher: Oui Type: Lave-vaisselle Type de prise: Prise EU Mat\u00e9riel: Acier inoxydable [&hellip;]<\/p>\n","protected":false},"featured_media":59783,"comment_status":"open","ping_status":"closed","template":"","meta":[],"product_brand":[825],"product_cat":[393,60,77],"product_tag":[],"class_list":{"0":"post-59786","1":"product","2":"type-product","3":"status-publish","4":"has-post-thumbnail","6":"product_brand-brandp_1255","7":"product_cat-autres-appareils-de-cuisines","8":"product_cat-cuisine-gourmet","9":"product_cat-petit-electromenager","11":"first","12":"instock","13":"taxable","14":"shipping-taxable","15":"purchasable","16":"product-type-simple"},"_links":{"self":[{"href":"https:\/\/bigbuy.tupique.com\/pt\/wp-json\/wp\/v2\/product\/59786","targetHints":{"allow":["GET"]}}],"collection":[{"href":"https:\/\/bigbuy.tupique.com\/pt\/wp-json\/wp\/v2\/product"}],"about":[{"href":"https:\/\/bigbuy.tupique.com\/pt\/wp-json\/wp\/v2\/types\/product"}],"replies":[{"embeddable":true,"href":"https:\/\/bigbuy.tupique.com\/pt\/wp-json\/wp\/v2\/comments?post=59786"}],"wp:featuredmedia":[{"embeddable":true,"href":"https:\/\/bigbuy.tupique.com\/pt\/wp-json\/wp\/v2\/media\/59783"}],"wp:attachment":[{"href":"https:\/\/bigbuy.tupique.com\/pt\/wp-json\/wp\/v2\/media?parent=59786"}],"wp:term":[{"taxonomy":"product_brand","embeddable":true,"href":"https:\/\/bigbuy.tupique.com\/pt\/wp-json\/wp\/v2\/product_brand?post=59786"},{"taxonomy":"product_cat","embeddable":true,"href":"https:\/\/bigbuy.tupique.com\/pt\/wp-json\/wp\/v2\/product_cat?post=59786"},{"taxonomy":"product_tag","embeddable":true,"href":"https:\/\/bigbuy.tupique.com\/pt\/wp-json\/wp\/v2\/product_tag?post=59786"}],"curies":[{"name":"wp","href":"https:\/\/api.w.org\/{rel}","templated":true}]}}