{"id":59779,"date":"2026-04-01T15:00:12","date_gmt":"2026-04-01T14:00:12","guid":{"rendered":"https:\/\/bigbuy.tupique.com\/produto\/dishwasher-beko-dvn05320w-white-60-cm\/"},"modified":"2026-04-15T21:10:45","modified_gmt":"2026-04-15T20:10:45","slug":"dishwasher-beko-dvn05320w-white-60-cm","status":"publish","type":"product","link":"https:\/\/bigbuy.tupique.com\/pt\/produto\/dishwasher-beko-dvn05320w-white-60-cm\/","title":{"rendered":"Lave-vaisselle BEKO DVN05320W Blanc 60 cm"},"content":{"rendered":"<p>Si vous pensez r\u00e9nover votre cuisine, achetez <b>Lave-vaisselle BEKO DVN05320W Blanc 60 cm<\/b> et d\u00b4autres <b>produits BEKO<\/b> !<\/p>\n<ul>\n<li>Langue:\n<ul>\n<li>Espagnol<\/li>\n<li>Anglais<\/li>\n<\/ul>\n<\/li>\n<li>Bloc d\u2019Alimentation: r\u00e9seau \u00e9lectrique<\/li>\n<li>Largeur: 60 cm<\/li>\n<li>Classification \u00e9nerg\u00e9tique: E<\/li>\n<li>Couleur:\n<ul>\n<li>Blanc<\/li>\n<li>Noir<\/li>\n<li>Argent\u00e9<\/li>\n<\/ul>\n<\/li>\n<li>Produit \u00e0 brancher: Oui<\/li>\n<li>Type: Lave-vaisselle<\/li>\n<li>Pi\u00e8ces: 13<\/li>\n<li>Type de prise: Prise EU<\/li>\n<li>Caract\u00e9ristiques:\n<ul>\n<li>Verrouillage pour enfants<\/li>\n<li>\u00c9cran integr\u00e9<\/li>\n<\/ul>\n<\/li>\n<li>Niveau sonore: 49 dB<\/li>\n<li>Tension: 220 V<\/li>\n<li>Technologie: LED<\/li>\n<li>Type de commande: Plaque Tournante<\/li>\n<\/ul>","protected":false},"excerpt":{"rendered":"<p>Si vous pensez r\u00e9nover votre cuisine, achetez Lave-vaisselle BEKO DVN05320W Blanc 60 cm et d\u00b4autres produits BEKO ! Langue: Espagnol Anglais Bloc d\u2019Alimentation: r\u00e9seau \u00e9lectrique Largeur: 60 cm Classification \u00e9nerg\u00e9tique: E Couleur: Blanc Noir Argent\u00e9 Produit \u00e0 brancher: Oui Type: Lave-vaisselle Pi\u00e8ces: 13 Type de prise: Prise EU Caract\u00e9ristiques: Verrouillage pour enfants \u00c9cran integr\u00e9 Niveau [&hellip;]<\/p>\n","protected":false},"featured_media":59775,"comment_status":"open","ping_status":"closed","template":"","meta":[],"product_brand":[825],"product_cat":[393,60,77],"product_tag":[104],"class_list":{"0":"post-59779","1":"product","2":"type-product","3":"status-publish","4":"has-post-thumbnail","6":"product_brand-brandp_1255","7":"product_cat-autres-appareils-de-cuisines","8":"product_cat-cuisine-gourmet","9":"product_cat-petit-electromenager","10":"product_tag-tag_1279","12":"first","13":"instock","14":"taxable","15":"shipping-taxable","16":"purchasable","17":"product-type-simple"},"_links":{"self":[{"href":"https:\/\/bigbuy.tupique.com\/pt\/wp-json\/wp\/v2\/product\/59779","targetHints":{"allow":["GET"]}}],"collection":[{"href":"https:\/\/bigbuy.tupique.com\/pt\/wp-json\/wp\/v2\/product"}],"about":[{"href":"https:\/\/bigbuy.tupique.com\/pt\/wp-json\/wp\/v2\/types\/product"}],"replies":[{"embeddable":true,"href":"https:\/\/bigbuy.tupique.com\/pt\/wp-json\/wp\/v2\/comments?post=59779"}],"wp:featuredmedia":[{"embeddable":true,"href":"https:\/\/bigbuy.tupique.com\/pt\/wp-json\/wp\/v2\/media\/59775"}],"wp:attachment":[{"href":"https:\/\/bigbuy.tupique.com\/pt\/wp-json\/wp\/v2\/media?parent=59779"}],"wp:term":[{"taxonomy":"product_brand","embeddable":true,"href":"https:\/\/bigbuy.tupique.com\/pt\/wp-json\/wp\/v2\/product_brand?post=59779"},{"taxonomy":"product_cat","embeddable":true,"href":"https:\/\/bigbuy.tupique.com\/pt\/wp-json\/wp\/v2\/product_cat?post=59779"},{"taxonomy":"product_tag","embeddable":true,"href":"https:\/\/bigbuy.tupique.com\/pt\/wp-json\/wp\/v2\/product_tag?post=59779"}],"curies":[{"name":"wp","href":"https:\/\/api.w.org\/{rel}","templated":true}]}}