{"id":59770,"date":"2026-04-01T14:59:56","date_gmt":"2026-04-01T13:59:56","guid":{"rendered":"https:\/\/bigbuy.tupique.com\/produto\/dishwasher-teka-dfs-24610-white-45-cm\/"},"modified":"2026-04-16T16:14:50","modified_gmt":"2026-04-16T15:14:50","slug":"dishwasher-teka-dfs-24610-white-45-cm","status":"publish","type":"product","link":"https:\/\/bigbuy.tupique.com\/pt\/produto\/dishwasher-teka-dfs-24610-white-45-cm\/","title":{"rendered":"Lave-vaisselle Teka DFS 24610 Blanc 45 cm"},"content":{"rendered":"<p>Si vous pensez r\u00e9nover votre cuisine, achetez <b>Lave-vaisselle Teka DFS 24610 Blanc 45 cm<\/b> et d\u00b4autres <b>produits Teka<\/b> !<\/p>\n<p>Le <b>lave-vaisselle DFS 24610<\/b> de <b>Teka<\/b> est un mod\u00e8le compact et polyvalent con\u00e7u pour les espaces r\u00e9duits, avec une <b>largeur r\u00e9elle de 45 cm<\/b> facilitant son installation dans les petites cuisines ou appartements. Il offre une <b>capacit\u00e9 de 9 couverts<\/b>, id\u00e9al pour les petites familles ou ceux qui souhaitent optimiser l\u2019espace sans sacrifier une bonne charge. Sa consommation d\u2019eau est efficace, utilisant <b>9,5 litres par cycle de lavage<\/b>, contribuant \u00e0 une utilisation responsable des ressources. Ce lave-vaisselle dispose d\u2019une <b>classe \u00e9nerg\u00e9tique F<\/b>, un \u00e9l\u00e9ment important pour les utilisateurs soucieux de la consommation \u00e9lectrique, et propose plusieurs programmes adapt\u00e9s \u00e0 divers besoins, incluant des cycles automatiques, \u00e9conomiques, pour verre et d\u00e9licats, intensifs et silencieux, garantissant un soin adapt\u00e9 \u00e0 chaque type de vaisselle. Il int\u00e8gre aussi des fonctions pratiques et de s\u00e9curit\u00e9, comme le <b>verrouillage enfant<\/b>, qui pr\u00e9vient les accidents en emp\u00eachant toute manipulation ind\u00e9sirable pendant le fonctionnement, ainsi qu\u2019un <b>\u00e9cran int\u00e9gr\u00e9<\/b> facilitant le contr\u00f4le et la consultation de l\u2019\u00e9tat des programmes. Parmi ses caract\u00e9ristiques suppl\u00e9mentaires, le lave-vaisselle permet un <b>d\u00e9marrage diff\u00e9r\u00e9 jusqu\u2019\u00e0 24 heures<\/b> et est compatible avec une <b>demi-charge<\/b>, optimisant la consommation quand un cycle complet n\u2019est pas n\u00e9cessaire. Il est con\u00e7u pour une <b>installation libre<\/b>, avec une finition en <b>blanc<\/b> qui s\u2019harmonise avec diff\u00e9rents styles de cuisine. En r\u00e9sum\u00e9, le <b>lave-vaisselle Teka DFS 24610<\/b> allie fonctionnalit\u00e9 et compacit\u00e9, r\u00e9pondant aux besoins essentiels de lavage avec des options vari\u00e9es et un syst\u00e8me de s\u00e9curit\u00e9 pens\u00e9 pour le foyer familial.<\/p>\n<ul>\n<li>Langue: Espagnol<\/li>\n<li>Couleur: Blanc<\/li>\n<li>Largeur: 45 cm<\/li>\n<li>Classification \u00e9nerg\u00e9tique: F<\/li>\n<li>Type: Lave-vaisselle<\/li>\n<li>Produit \u00e0 brancher: Oui<\/li>\n<li>Type de prise: Prise EU<\/li>\n<li>Type d&#8217;installation: Auto-assemblage<\/li>\n<li>Finition: Semi-brillant<\/li>\n<li>Programmes: 6<\/li>\n<li>Connectivit\u00e9: No<\/li>\n<li>Bloc d\u2019Alimentation: r\u00e9seau \u00e9lectrique<\/li>\n<li>Caract\u00e9ristiques:\n<ul>\n<li>Verrouillage pour enfants<\/li>\n<li>\u00c9cran integr\u00e9<\/li>\n<li>Commande tactile<\/li>\n<\/ul>\n<\/li>\n<li>Capacit\u00e9 (Nb de couverts):\n<ul>\n<li>6<\/li>\n<li>9<\/li>\n<\/ul>\n<\/li>\n<li>Niveau sonore: 49 dB<\/li>\n<li>Tension: 220 V<\/li>\n<li>Technologie: LED<\/li>\n<li>Fr\u00e9quence: 50 Hz<\/li>\n<li>Capacit\u00e9: 9 L<\/li>\n<li>Consommation d&#8217;eau: 9,5 L<\/li>\n<\/ul>","protected":false},"excerpt":{"rendered":"<p><span class=\"unit-info\">44.2211 &euro; \/ 1 l<\/span><\/p>","protected":false},"featured_media":59763,"comment_status":"open","ping_status":"closed","template":"","meta":[],"product_brand":[667],"product_cat":[393,60,77],"product_tag":[],"class_list":{"0":"post-59770","1":"product","2":"type-product","3":"status-publish","4":"has-post-thumbnail","6":"product_brand-brandp_1172","7":"product_cat-autres-appareils-de-cuisines","8":"product_cat-cuisine-gourmet","9":"product_cat-petit-electromenager","11":"first","12":"instock","13":"taxable","14":"shipping-taxable","15":"purchasable","16":"product-type-simple"},"_links":{"self":[{"href":"https:\/\/bigbuy.tupique.com\/pt\/wp-json\/wp\/v2\/product\/59770","targetHints":{"allow":["GET"]}}],"collection":[{"href":"https:\/\/bigbuy.tupique.com\/pt\/wp-json\/wp\/v2\/product"}],"about":[{"href":"https:\/\/bigbuy.tupique.com\/pt\/wp-json\/wp\/v2\/types\/product"}],"replies":[{"embeddable":true,"href":"https:\/\/bigbuy.tupique.com\/pt\/wp-json\/wp\/v2\/comments?post=59770"}],"wp:featuredmedia":[{"embeddable":true,"href":"https:\/\/bigbuy.tupique.com\/pt\/wp-json\/wp\/v2\/media\/59763"}],"wp:attachment":[{"href":"https:\/\/bigbuy.tupique.com\/pt\/wp-json\/wp\/v2\/media?parent=59770"}],"wp:term":[{"taxonomy":"product_brand","embeddable":true,"href":"https:\/\/bigbuy.tupique.com\/pt\/wp-json\/wp\/v2\/product_brand?post=59770"},{"taxonomy":"product_cat","embeddable":true,"href":"https:\/\/bigbuy.tupique.com\/pt\/wp-json\/wp\/v2\/product_cat?post=59770"},{"taxonomy":"product_tag","embeddable":true,"href":"https:\/\/bigbuy.tupique.com\/pt\/wp-json\/wp\/v2\/product_tag?post=59770"}],"curies":[{"name":"wp","href":"https:\/\/api.w.org\/{rel}","templated":true}]}}