{"id":59647,"date":"2026-04-01T14:52:56","date_gmt":"2026-04-01T13:52:56","guid":{"rendered":"https:\/\/bigbuy.tupique.com\/produto\/island-range-hood-cata-isla-moon\/"},"modified":"2026-04-15T06:25:40","modified_gmt":"2026-04-15T05:25:40","slug":"island-range-hood-cata-isla-moon","status":"publish","type":"product","link":"https:\/\/bigbuy.tupique.com\/pt\/produto\/island-range-hood-cata-isla-moon\/","title":{"rendered":"Hotte \u00eelot Cata ISLA MOON"},"content":{"rendered":"<p>Si vous aimez prendre soin de chaque d\u00e9tail de votre maison et d&#8217;\u00eatre \u00e0 la derni\u00e8re mode en mati\u00e8re de produits qui vous rendront la vie plus facile, achetez <b>Hotte \u00eelot Cata ISLA MOON<\/b> au meilleur prix.<\/p>\n<ul>\n<li>Capacit\u00e9 d\u2019extraction: 600 m3\/h<\/li>\n<li>Produit \u00e0 brancher: Oui<\/li>\n<li>Type de prise: Prise EU<\/li>\n<li>Type:\n<ul>\n<li>Hotte standard<\/li>\n<li>\u00cele<\/li>\n<\/ul>\n<\/li>\n<li>Bloc d\u2019Alimentation: r\u00e9seau \u00e9lectrique<\/li>\n<li>Couleur:\n<ul>\n<li>Acier<\/li>\n<li>Argent\u00e9<\/li>\n<\/ul>\n<\/li>\n<li>Largeur: 40 cm<\/li>\n<li>Caract\u00e9ristiques:\n<ul>\n<li>Commande tactile<\/li>\n<li>Arr\u00eat Automatique<\/li>\n<\/ul>\n<\/li>\n<li>Classification \u00e9nerg\u00e9tique: C<\/li>\n<li>puissance: 200 W<\/li>\n<li>Mati\u00e8re: Acier inoxydable<\/li>\n<li>Profondeur: 40 cm<\/li>\n<li>Tension: 240 V<\/li>\n<li>Niveau sonore: 63 dB<\/li>\n<li>Vitesse: 3 vitesses<\/li>\n<\/ul>\n<p><\/p>\n<p>CATA ISLA MOON. Puissance d&#8217;extraction maximum: 600 m\u00b3\/h, Type d&#8217;extraction: Conduit, Classe d&#8217;efficacit\u00e9 dynamique du fluide: D. Type: \u00celot, Couleur du produit: Acier inoxydable, Nombre d&#8217;ampoules: 3 ampoule(s). Nombre de filtres: 1 pi\u00e8ce(s). Classe d&#8217;efficacit\u00e9 \u00e9nerg\u00e9tique: C, Puissance du moteur: 200 W, Consommation annuelle d&#8217;\u00e9nergie: 97 kWh. Largeur: 400 mm, Profondeur: 400 mm, Hauteur (min): 86 cm<\/p>\n<p><\/p>\n<ul>\n<li>Puissance d&#8217;extraction maximum: 600 m\u00b3\/h<\/li>\n<li>Type d&#8217;extraction: Conduit<\/li>\n<li>Classe d&#8217;efficacit\u00e9 dynamique du fluide: D<\/li>\n<li>Classe d&#8217;efficacit\u00e9 de l&#8217;\u00e9clairage: D<\/li>\n<li>Classe d&#8217;efficacit\u00e9 du filtrage de la graisse: B<\/li>\n<li>Nombre de vitesses: 3<\/li>\n<li>Niveau sonore: 63 dB<\/li>\n<li>Niveau de son (vitesse lente): 48 dB<\/li>\n<li>Pression (Pa): 400<\/li>\n<li>Distance minimale d&#8217;une plaque \u00e9lectrique: 65 cm<\/li>\n<li>Distance minimale d&#8217;une plaque \u00e0 gaz: 65 cm<\/li>\n<li>Type: \u00celot<\/li>\n<li>Couleur du produit: Acier inoxydable<\/li>\n<li>Nombre d&#8217;ampoules: 3 ampoule(s)<\/li>\n<li>Type d&#8217;ampoule: LED<\/li>\n<li>Type de commande: Tactile<\/li>\n<li>Nombre de moteurs: 1<\/li>\n<li>Moteur inclus: Oui<\/li>\n<li>Indicateur de propret\u00e9 du filtre: Oui<\/li>\n<li>Nombre de filtres: 1 pi\u00e8ce(s)<\/li>\n<li>Classe d&#8217;efficacit\u00e9 \u00e9nerg\u00e9tique: C<\/li>\n<li>Puissance du moteur: 200 W<\/li>\n<li>Consommation annuelle d&#8217;\u00e9nergie: 97 kWh<\/li>\n<li>Coupure automatique de l&#8217;alimentation: Oui<\/li>\n<li>Largeur: 400 mm<\/li>\n<li>Profondeur: 400 mm<\/li>\n<li>Hauteur (min): 86 cm<\/li>\n<li>Hauteur (max): 170 cm<\/li>\n<li>Hauteur sans la chemin\u00e9e: 41 cm<\/li>\n<\/ul>","protected":false},"excerpt":{"rendered":"<p>Si vous aimez prendre soin de chaque d\u00e9tail de votre maison et d&#8217;\u00eatre \u00e0 la derni\u00e8re mode en mati\u00e8re de produits qui vous rendront la vie plus facile, achetez Hotte \u00eelot Cata ISLA MOON au meilleur prix. Capacit\u00e9 d\u2019extraction: 600 m3\/h Produit \u00e0 brancher: Oui Type de prise: Prise EU Type: Hotte standard \u00cele Bloc [&hellip;]<\/p>\n","protected":false},"featured_media":59644,"comment_status":"open","ping_status":"closed","template":"","meta":[],"product_brand":[155],"product_cat":[60,61,62],"product_tag":[],"class_list":{"0":"post-59647","1":"product","2":"type-product","3":"status-publish","4":"has-post-thumbnail","6":"product_brand-brandp_1208","7":"product_cat-cuisine-gourmet","8":"product_cat-equipement-de-cuisine","9":"product_cat-hottes-de-cuisine","11":"first","12":"instock","13":"taxable","14":"shipping-taxable","15":"purchasable","16":"product-type-simple"},"_links":{"self":[{"href":"https:\/\/bigbuy.tupique.com\/pt\/wp-json\/wp\/v2\/product\/59647","targetHints":{"allow":["GET"]}}],"collection":[{"href":"https:\/\/bigbuy.tupique.com\/pt\/wp-json\/wp\/v2\/product"}],"about":[{"href":"https:\/\/bigbuy.tupique.com\/pt\/wp-json\/wp\/v2\/types\/product"}],"replies":[{"embeddable":true,"href":"https:\/\/bigbuy.tupique.com\/pt\/wp-json\/wp\/v2\/comments?post=59647"}],"wp:featuredmedia":[{"embeddable":true,"href":"https:\/\/bigbuy.tupique.com\/pt\/wp-json\/wp\/v2\/media\/59644"}],"wp:attachment":[{"href":"https:\/\/bigbuy.tupique.com\/pt\/wp-json\/wp\/v2\/media?parent=59647"}],"wp:term":[{"taxonomy":"product_brand","embeddable":true,"href":"https:\/\/bigbuy.tupique.com\/pt\/wp-json\/wp\/v2\/product_brand?post=59647"},{"taxonomy":"product_cat","embeddable":true,"href":"https:\/\/bigbuy.tupique.com\/pt\/wp-json\/wp\/v2\/product_cat?post=59647"},{"taxonomy":"product_tag","embeddable":true,"href":"https:\/\/bigbuy.tupique.com\/pt\/wp-json\/wp\/v2\/product_tag?post=59647"}],"curies":[{"name":"wp","href":"https:\/\/api.w.org\/{rel}","templated":true}]}}