{"id":59643,"date":"2026-04-01T14:52:51","date_gmt":"2026-04-01T13:52:51","guid":{"rendered":"https:\/\/bigbuy.tupique.com\/produto\/extension-chimney-for-extractor-hood-balay-dhz1233-15-m\/"},"modified":"2026-04-15T06:24:27","modified_gmt":"2026-04-15T05:24:27","slug":"extension-chimney-for-extractor-hood-balay-dhz1233-15-m","status":"publish","type":"product","link":"https:\/\/bigbuy.tupique.com\/pt\/produto\/extension-chimney-for-extractor-hood-balay-dhz1233-15-m\/","title":{"rendered":"Extension de Chemin\u00e9e pour Hotte Aspirante Balay DHZ1233 1,5 m"},"content":{"rendered":"<p>Si vous aimez prendre soin de chaque d\u00e9tail de votre maison et d&#8217;\u00eatre \u00e0 la derni\u00e8re mode en mati\u00e8re de produits qui vous rendront la vie plus facile, achetez <b>Extension de Chemin\u00e9e pour Hotte Aspirante Balay DHZ1233 1,5 m<\/b> au meilleur prix.<\/p>\n<ul>\n<li>Mati\u00e8re:\n<ul>\n<li>M\u00e9tal<\/li>\n<li>Acier<\/li>\n<\/ul>\n<\/li>\n<li>Compatible: Bosch<\/li>\n<li>Type: Extension de Chemin\u00e9e pour Hotte Aspirante<\/li>\n<li>Couleur:\n<ul>\n<li>m\u00e9tallique<\/li>\n<li>M\u00e9tallis\u00e9<\/li>\n<\/ul>\n<\/li>\n<li>Longueur: 1,5 m<\/li>\n<\/ul>","protected":false},"excerpt":{"rendered":"<p>Si vous aimez prendre soin de chaque d\u00e9tail de votre maison et d&#8217;\u00eatre \u00e0 la derni\u00e8re mode en mati\u00e8re de produits qui vous rendront la vie plus facile, achetez Extension de Chemin\u00e9e pour Hotte Aspirante Balay DHZ1233 1,5 m au meilleur prix. Mati\u00e8re: M\u00e9tal Acier Compatible: Bosch Type: Extension de Chemin\u00e9e pour Hotte Aspirante Couleur: [&hellip;]<\/p>\n","protected":false},"featured_media":59637,"comment_status":"open","ping_status":"closed","template":"","meta":[],"product_brand":[114],"product_cat":[60,61,62],"product_tag":[],"class_list":{"0":"post-59643","1":"product","2":"type-product","3":"status-publish","4":"has-post-thumbnail","6":"product_brand-brandp_1251","7":"product_cat-cuisine-gourmet","8":"product_cat-equipement-de-cuisine","9":"product_cat-hottes-de-cuisine","11":"first","12":"instock","13":"taxable","14":"shipping-taxable","15":"purchasable","16":"product-type-simple"},"_links":{"self":[{"href":"https:\/\/bigbuy.tupique.com\/pt\/wp-json\/wp\/v2\/product\/59643","targetHints":{"allow":["GET"]}}],"collection":[{"href":"https:\/\/bigbuy.tupique.com\/pt\/wp-json\/wp\/v2\/product"}],"about":[{"href":"https:\/\/bigbuy.tupique.com\/pt\/wp-json\/wp\/v2\/types\/product"}],"replies":[{"embeddable":true,"href":"https:\/\/bigbuy.tupique.com\/pt\/wp-json\/wp\/v2\/comments?post=59643"}],"wp:featuredmedia":[{"embeddable":true,"href":"https:\/\/bigbuy.tupique.com\/pt\/wp-json\/wp\/v2\/media\/59637"}],"wp:attachment":[{"href":"https:\/\/bigbuy.tupique.com\/pt\/wp-json\/wp\/v2\/media?parent=59643"}],"wp:term":[{"taxonomy":"product_brand","embeddable":true,"href":"https:\/\/bigbuy.tupique.com\/pt\/wp-json\/wp\/v2\/product_brand?post=59643"},{"taxonomy":"product_cat","embeddable":true,"href":"https:\/\/bigbuy.tupique.com\/pt\/wp-json\/wp\/v2\/product_cat?post=59643"},{"taxonomy":"product_tag","embeddable":true,"href":"https:\/\/bigbuy.tupique.com\/pt\/wp-json\/wp\/v2\/product_tag?post=59643"}],"curies":[{"name":"wp","href":"https:\/\/api.w.org\/{rel}","templated":true}]}}