{"id":59544,"date":"2026-04-01T14:50:24","date_gmt":"2026-04-01T13:50:24","guid":{"rendered":"https:\/\/bigbuy.tupique.com\/produto\/record-player-teac-280bt\/"},"modified":"2026-05-11T19:56:54","modified_gmt":"2026-05-11T17:56:54","slug":"record-player-teac-280bt","status":"publish","type":"product","link":"https:\/\/bigbuy.tupique.com\/pt\/produto\/record-player-teac-280bt\/","title":{"rendered":"Tourne-disques Teac 280BT"},"content":{"rendered":"<p>Si vous \u00eates \u00e0 la recherche de nouvelles tendances sur le march\u00e9, nous vous pr\u00e9sentons <b>Tourne-disques Teac 280BT<\/b> !<\/p>\n<ul>\n<li>Type: Plateau tournant<\/li>\n<li>Couleur: Noir<\/li>\n<li>Connectivit\u00e9:\n<ul>\n<li>Bluetooth<\/li>\n<li>Bluetooth 4.2<\/li>\n<\/ul>\n<\/li>\n<li>Sortie audio: Oui<\/li>\n<\/ul>","protected":false},"excerpt":{"rendered":"<p>Si vous \u00eates \u00e0 la recherche de nouvelles tendances sur le march\u00e9, nous vous pr\u00e9sentons Tourne-disques Teac 280BT ! Type: Plateau tournant Couleur: Noir Connectivit\u00e9: Bluetooth Bluetooth 4.2 Sortie audio: Oui<\/p>","protected":false},"featured_media":59543,"comment_status":"open","ping_status":"closed","template":"","meta":[],"product_brand":[1573],"product_cat":[1569,1570,65],"product_tag":[],"class_list":{"0":"post-59544","1":"product","2":"type-product","3":"status-publish","4":"has-post-thumbnail","6":"product_brand-brandp_10329","7":"product_cat-audio-et-hi-fi","8":"product_cat-composants-et-accessoires","9":"product_cat-informatique-electronique","11":"first","12":"instock","13":"taxable","14":"shipping-taxable","15":"purchasable","16":"product-type-simple"},"_links":{"self":[{"href":"https:\/\/bigbuy.tupique.com\/pt\/wp-json\/wp\/v2\/product\/59544","targetHints":{"allow":["GET"]}}],"collection":[{"href":"https:\/\/bigbuy.tupique.com\/pt\/wp-json\/wp\/v2\/product"}],"about":[{"href":"https:\/\/bigbuy.tupique.com\/pt\/wp-json\/wp\/v2\/types\/product"}],"replies":[{"embeddable":true,"href":"https:\/\/bigbuy.tupique.com\/pt\/wp-json\/wp\/v2\/comments?post=59544"}],"wp:featuredmedia":[{"embeddable":true,"href":"https:\/\/bigbuy.tupique.com\/pt\/wp-json\/wp\/v2\/media\/59543"}],"wp:attachment":[{"href":"https:\/\/bigbuy.tupique.com\/pt\/wp-json\/wp\/v2\/media?parent=59544"}],"wp:term":[{"taxonomy":"product_brand","embeddable":true,"href":"https:\/\/bigbuy.tupique.com\/pt\/wp-json\/wp\/v2\/product_brand?post=59544"},{"taxonomy":"product_cat","embeddable":true,"href":"https:\/\/bigbuy.tupique.com\/pt\/wp-json\/wp\/v2\/product_cat?post=59544"},{"taxonomy":"product_tag","embeddable":true,"href":"https:\/\/bigbuy.tupique.com\/pt\/wp-json\/wp\/v2\/product_tag?post=59544"}],"curies":[{"name":"wp","href":"https:\/\/api.w.org\/{rel}","templated":true}]}}