{"id":59529,"date":"2026-04-01T14:50:05","date_gmt":"2026-04-01T13:50:05","guid":{"rendered":"https:\/\/bigbuy.tupique.com\/produto\/dishwasher-balay-3vf6360sa-60-cm\/"},"modified":"2026-04-15T02:57:28","modified_gmt":"2026-04-15T01:57:28","slug":"dishwasher-balay-3vf6360sa-60-cm","status":"publish","type":"product","link":"https:\/\/bigbuy.tupique.com\/pt\/produto\/dishwasher-balay-3vf6360sa-60-cm\/","title":{"rendered":"Lave-vaisselle Balay 3VF6360SA 60 cm"},"content":{"rendered":"<p>Si vous pensez r\u00e9nover votre cuisine, achetez <b>Lave-vaisselle Balay 3VF6360SA 60 cm<\/b> et d\u00b4autres <b>produits Balay<\/b> !<\/p>\n<ul>\n<li>Produit \u00e0 brancher: Oui<\/li>\n<li>Type: Lave-vaisselle<\/li>\n<li>Type de prise: Prise EU<\/li>\n<li>Bloc d\u2019Alimentation: r\u00e9seau \u00e9lectrique<\/li>\n<li>Largeur: 60 cm<\/li>\n<li>Caract\u00e9ristiques: \u00c9cran integr\u00e9<\/li>\n<li>Type d&#8217;installation: Int\u00e9grable<\/li>\n<li>Capacit\u00e9 (Nb de couverts): 14<\/li>\n<li>Classification \u00e9nerg\u00e9tique: A<\/li>\n<li>Programmes: 6<\/li>\n<\/ul>","protected":false},"excerpt":{"rendered":"<p>Si vous pensez r\u00e9nover votre cuisine, achetez Lave-vaisselle Balay 3VF6360SA 60 cm et d\u00b4autres produits Balay ! Produit \u00e0 brancher: Oui Type: Lave-vaisselle Type de prise: Prise EU Bloc d\u2019Alimentation: r\u00e9seau \u00e9lectrique Largeur: 60 cm Caract\u00e9ristiques: \u00c9cran integr\u00e9 Type d&#8217;installation: Int\u00e9grable Capacit\u00e9 (Nb de couverts): 14 Classification \u00e9nerg\u00e9tique: A Programmes: 6<\/p>","protected":false},"featured_media":59523,"comment_status":"open","ping_status":"closed","template":"","meta":[],"product_brand":[114],"product_cat":[393,60,77],"product_tag":[],"class_list":{"0":"post-59529","1":"product","2":"type-product","3":"status-publish","4":"has-post-thumbnail","6":"product_brand-brandp_1251","7":"product_cat-autres-appareils-de-cuisines","8":"product_cat-cuisine-gourmet","9":"product_cat-petit-electromenager","11":"first","12":"instock","13":"taxable","14":"shipping-taxable","15":"purchasable","16":"product-type-simple"},"_links":{"self":[{"href":"https:\/\/bigbuy.tupique.com\/pt\/wp-json\/wp\/v2\/product\/59529","targetHints":{"allow":["GET"]}}],"collection":[{"href":"https:\/\/bigbuy.tupique.com\/pt\/wp-json\/wp\/v2\/product"}],"about":[{"href":"https:\/\/bigbuy.tupique.com\/pt\/wp-json\/wp\/v2\/types\/product"}],"replies":[{"embeddable":true,"href":"https:\/\/bigbuy.tupique.com\/pt\/wp-json\/wp\/v2\/comments?post=59529"}],"wp:featuredmedia":[{"embeddable":true,"href":"https:\/\/bigbuy.tupique.com\/pt\/wp-json\/wp\/v2\/media\/59523"}],"wp:attachment":[{"href":"https:\/\/bigbuy.tupique.com\/pt\/wp-json\/wp\/v2\/media?parent=59529"}],"wp:term":[{"taxonomy":"product_brand","embeddable":true,"href":"https:\/\/bigbuy.tupique.com\/pt\/wp-json\/wp\/v2\/product_brand?post=59529"},{"taxonomy":"product_cat","embeddable":true,"href":"https:\/\/bigbuy.tupique.com\/pt\/wp-json\/wp\/v2\/product_cat?post=59529"},{"taxonomy":"product_tag","embeddable":true,"href":"https:\/\/bigbuy.tupique.com\/pt\/wp-json\/wp\/v2\/product_tag?post=59529"}],"curies":[{"name":"wp","href":"https:\/\/api.w.org\/{rel}","templated":true}]}}