{"id":59514,"date":"2026-04-01T14:49:45","date_gmt":"2026-04-01T13:49:45","guid":{"rendered":"https:\/\/bigbuy.tupique.com\/produto\/water-filter-osmofilter-eco4000-flujo-d\/"},"modified":"2026-04-15T02:20:15","modified_gmt":"2026-04-15T01:20:15","slug":"water-filter-osmofilter-eco4000-flujo-d","status":"publish","type":"product","link":"https:\/\/bigbuy.tupique.com\/pt\/produto\/water-filter-osmofilter-eco4000-flujo-d\/","title":{"rendered":"Filtre \u00e0 eau Osmofilter ECO4000 FLUJO D"},"content":{"rendered":"<p>Si vous aimez prendre soin de chaque d\u00e9tail de votre maison et d&#8217;\u00eatre \u00e0 la derni\u00e8re mode en mati\u00e8re de produits qui vous rendront la vie plus facile, achetez <b>Filtre \u00e0 eau Osmofilter ECO4000 FLUJO D<\/b> au meilleur prix.<\/p>","protected":false},"excerpt":{"rendered":"<p>Si vous aimez prendre soin de chaque d\u00e9tail de votre maison et d&#8217;\u00eatre \u00e0 la derni\u00e8re mode en mati\u00e8re de produits qui vous rendront la vie plus facile, achetez Filtre \u00e0 eau Osmofilter ECO4000 FLUJO D au meilleur prix.<\/p>","protected":false},"featured_media":59512,"comment_status":"open","ping_status":"closed","template":"","meta":[],"product_brand":[1571],"product_cat":[60,216,217],"product_tag":[210],"class_list":{"0":"post-59514","1":"product","2":"type-product","3":"status-publish","4":"has-post-thumbnail","6":"product_brand-brandp_5859","7":"product_cat-cuisine-gourmet","8":"product_cat-ustensile","9":"product_cat-verres-et-carafes","10":"product_tag-tag_25","12":"first","13":"instock","14":"taxable","15":"shipping-taxable","16":"purchasable","17":"product-type-simple"},"_links":{"self":[{"href":"https:\/\/bigbuy.tupique.com\/pt\/wp-json\/wp\/v2\/product\/59514","targetHints":{"allow":["GET"]}}],"collection":[{"href":"https:\/\/bigbuy.tupique.com\/pt\/wp-json\/wp\/v2\/product"}],"about":[{"href":"https:\/\/bigbuy.tupique.com\/pt\/wp-json\/wp\/v2\/types\/product"}],"replies":[{"embeddable":true,"href":"https:\/\/bigbuy.tupique.com\/pt\/wp-json\/wp\/v2\/comments?post=59514"}],"wp:featuredmedia":[{"embeddable":true,"href":"https:\/\/bigbuy.tupique.com\/pt\/wp-json\/wp\/v2\/media\/59512"}],"wp:attachment":[{"href":"https:\/\/bigbuy.tupique.com\/pt\/wp-json\/wp\/v2\/media?parent=59514"}],"wp:term":[{"taxonomy":"product_brand","embeddable":true,"href":"https:\/\/bigbuy.tupique.com\/pt\/wp-json\/wp\/v2\/product_brand?post=59514"},{"taxonomy":"product_cat","embeddable":true,"href":"https:\/\/bigbuy.tupique.com\/pt\/wp-json\/wp\/v2\/product_cat?post=59514"},{"taxonomy":"product_tag","embeddable":true,"href":"https:\/\/bigbuy.tupique.com\/pt\/wp-json\/wp\/v2\/product_tag?post=59514"}],"curies":[{"name":"wp","href":"https:\/\/api.w.org\/{rel}","templated":true}]}}