{"id":59443,"date":"2026-04-01T14:45:55","date_gmt":"2026-04-01T13:45:55","guid":{"rendered":"https:\/\/bigbuy.tupique.com\/produto\/electric-scooter-red-bull-4895232707393-500-w-350-w-36-v\/"},"modified":"2026-05-11T19:56:33","modified_gmt":"2026-05-11T17:56:33","slug":"electric-scooter-red-bull-4895232707393-500-w-350-w-36-v","status":"publish","type":"product","link":"https:\/\/bigbuy.tupique.com\/pt\/produto\/electric-scooter-red-bull-4895232707393-500-w-350-w-36-v\/","title":{"rendered":"Trottinette \u00c9lectrique Red Bull 4895232707393 500 W 350 W 36 V"},"content":{"rendered":"<p>Si vous \u00eates passionn\u00e9 d&#8217;<b>informatique et d&#8217;\u00e9lectronique<\/b>, si vous \u00eates \u00e0 la pointe de la technologie et qu&#8217;aucun d\u00e9tail ne vous \u00e9chappe, achetez <b>Trottinette \u00c9lectrique Red Bull 4895232707393 500 W 350 W 36 V<\/b> au meilleur prix.<\/p>\n<p>Le <b>trottinette \u00e9lectrique Red Bull RB-2RTEEN10-78-ES<\/b> est une solution de mobilit\u00e9 urbaine qui allie puissance, autonomie et confort dans un design compact et pliable. \u00c9quip\u00e9 d\u2019un <b>moteur de 500 W<\/b>, ce trottinette atteint une <b>vitesse maximale de 25 km\/h<\/b>, facilitant les d\u00e9placements rapides en milieu urbain. Sa batterie rechargeable de <b>7800 mAh<\/b> et <b>36 V<\/b> offre une autonomie d\u2019environ <b>35 km par charge<\/b>, permettant des trajets prolong\u00e9s sans recharges fr\u00e9quentes. Le mod\u00e8le dispose de roues avant et arri\u00e8re de <b>10 pouces<\/b>, assurant stabilit\u00e9 et absorption des irr\u00e9gularit\u00e9s pour une conduite confortable et s\u00fbre. Son design pliable lui conf\u00e8re grande polyvalence et facilit\u00e9 de transport, s\u2019adaptant au mode de vie dynamique en ville. Le trottinette int\u00e8gre un <b>\u00e9cran incorpor\u00e9<\/b> fournissant des informations essentielles pour contr\u00f4ler la vitesse et l\u2019\u00e9tat de la batterie, am\u00e9liorant l\u2019exp\u00e9rience utilisateur. De plus, sa couleur <b>noir et rouge<\/b> lui donne un aspect moderne et sportif, en accord avec l\u2019image de la marque Red Bull. Son syst\u00e8me moteur et roue \u00e0 entra\u00eenement <b>avant<\/b> optimise performance et \u00e9quilibre. Ce mod\u00e8le est con\u00e7u pour les utilisateurs recherchant une alternative \u00e9lectrique avec de bonnes performances techniques et une autonomie suffisante pour les d\u00e9placements quotidiens, sans sacrifier portabilit\u00e9 ni capacit\u00e9 de charge. En r\u00e9sum\u00e9, le Red Bull RB-2RTEEN10-78-ES repr\u00e9sente une option \u00e9quilibr\u00e9e et bien \u00e9quip\u00e9e dans le segment des trottinettes \u00e9lectriques pliables, pens\u00e9e pour faciliter la mobilit\u00e9 urbaine de mani\u00e8re pratique et efficace.<\/p>\n<ul>\n<li>vitesse: 25 km\/h<\/li>\n<li>Poids Max. support\u00e9: 17 kg<\/li>\n<li>Taille: 10&#8243;<\/li>\n<li>Autonomie approx.: 25 km<\/li>\n<li>Batterie au lithium rechargeable: 7800 mAh<\/li>\n<li>Type:\n<ul>\n<li>Trottinette \u00c9lectrique<\/li>\n<li>Frontal<\/li>\n<li>Trottinette<\/li>\n<\/ul>\n<\/li>\n<li>Produit \u00e0 brancher: Oui<\/li>\n<li>Type de prise: Prise EU<\/li>\n<li>Bloc d\u2019Alimentation:\n<ul>\n<li>r\u00e9seau \u00e9lectrique<\/li>\n<li>Batterie<\/li>\n<\/ul>\n<\/li>\n<li>Couleur: Negro, rojo<\/li>\n<li>Inclut: Lumi\u00e8re LED<\/li>\n<li>Tension: 36 V<\/li>\n<li>Capacit\u00e9 de la batterie: 7800 mAh<\/li>\n<li>puissance:\n<ul>\n<li>500 W<\/li>\n<li>350 W<\/li>\n<\/ul>\n<\/li>\n<li>Caract\u00e9ristiques:\n<ul>\n<li>Pliable<\/li>\n<li>\u00c9cran integr\u00e9<\/li>\n<\/ul>\n<\/li>\n<li>Largeur: 44 cm<\/li>\n<li>Classification IP: IPX4<\/li>\n<li>Type de batterie: Batterie rechargeable<\/li>\n<li>Technologie: LED<\/li>\n<li>roues: 2 roues<\/li>\n<li>Genre: Unisexe<\/li>\n<li>Mat\u00e9riau du cadre: Aluminium<\/li>\n<li>Non Inclus: Si\u00e8ge<\/li>\n<\/ul>\n<p>Informations importantes: Si la marque n&#8217;a pas immatricul\u00e9 la trotinette, le propi\u00e9taire devra passer le ITV ou le T\u00dbV pour obtenir un &#8220;EBE&#8221; ou un permis de circulation individuel.<\/p>","protected":false},"excerpt":{"rendered":"<p>Si vous \u00eates passionn\u00e9 d&#8217;informatique et d&#8217;\u00e9lectronique, si vous \u00eates \u00e0 la pointe de la technologie et qu&#8217;aucun d\u00e9tail ne vous \u00e9chappe, achetez Trottinette \u00c9lectrique Red Bull 4895232707393 500 W 350 W 36 V au meilleur prix. Le trottinette \u00e9lectrique Red Bull RB-2RTEEN10-78-ES est une solution de mobilit\u00e9 urbaine qui allie puissance, autonomie et confort [&hellip;]<\/p>\n","protected":false},"featured_media":59441,"comment_status":"open","ping_status":"closed","template":"","meta":[],"product_brand":[1567],"product_cat":[609,65,1146],"product_tag":[163],"class_list":{"0":"post-59443","1":"product","2":"type-product","3":"status-publish","4":"has-post-thumbnail","6":"product_brand-brandp_4309","7":"product_cat-electronique-jouets-electroniques","8":"product_cat-informatique-electronique","9":"product_cat-trottinettes-electriques","10":"product_tag-tag_17","12":"first","13":"instock","14":"taxable","15":"shipping-taxable","16":"purchasable","17":"product-type-simple"},"_links":{"self":[{"href":"https:\/\/bigbuy.tupique.com\/pt\/wp-json\/wp\/v2\/product\/59443","targetHints":{"allow":["GET"]}}],"collection":[{"href":"https:\/\/bigbuy.tupique.com\/pt\/wp-json\/wp\/v2\/product"}],"about":[{"href":"https:\/\/bigbuy.tupique.com\/pt\/wp-json\/wp\/v2\/types\/product"}],"replies":[{"embeddable":true,"href":"https:\/\/bigbuy.tupique.com\/pt\/wp-json\/wp\/v2\/comments?post=59443"}],"wp:featuredmedia":[{"embeddable":true,"href":"https:\/\/bigbuy.tupique.com\/pt\/wp-json\/wp\/v2\/media\/59441"}],"wp:attachment":[{"href":"https:\/\/bigbuy.tupique.com\/pt\/wp-json\/wp\/v2\/media?parent=59443"}],"wp:term":[{"taxonomy":"product_brand","embeddable":true,"href":"https:\/\/bigbuy.tupique.com\/pt\/wp-json\/wp\/v2\/product_brand?post=59443"},{"taxonomy":"product_cat","embeddable":true,"href":"https:\/\/bigbuy.tupique.com\/pt\/wp-json\/wp\/v2\/product_cat?post=59443"},{"taxonomy":"product_tag","embeddable":true,"href":"https:\/\/bigbuy.tupique.com\/pt\/wp-json\/wp\/v2\/product_tag?post=59443"}],"curies":[{"name":"wp","href":"https:\/\/api.w.org\/{rel}","templated":true}]}}