{"id":59434,"date":"2026-04-01T14:45:45","date_gmt":"2026-04-01T13:45:45","guid":{"rendered":"https:\/\/bigbuy.tupique.com\/produto\/dishwasher-whirlpool-corporation-wric-3c26-customisable-595-cm\/"},"modified":"2026-05-11T19:56:26","modified_gmt":"2026-05-11T17:56:26","slug":"dishwasher-whirlpool-corporation-wric-3c26-customisable-595-cm","status":"publish","type":"product","link":"https:\/\/bigbuy.tupique.com\/pt\/produto\/dishwasher-whirlpool-corporation-wric-3c26-customisable-595-cm\/","title":{"rendered":"Lave-vaisselle Whirlpool Corporation WRIC 3C26 Personnalisable 59,5 cm"},"content":{"rendered":"<p>Si vous pensez r\u00e9nover votre cuisine, achetez <b>Lave-vaisselle Whirlpool Corporation WRIC 3C26 Personnalisable 59,5 cm<\/b> et d\u00b4autres <b>produits Whirlpool Corporation<\/b> !<\/p>\n<ul>\n<li>Produit \u00e0 brancher: Oui<\/li>\n<li>Type de prise: Prise EU<\/li>\n<li>Type: Lave-vaisselle<\/li>\n<li>Bloc d\u2019Alimentation: r\u00e9seau \u00e9lectrique<\/li>\n<li>Couleur:\n<ul>\n<li>Blanc<\/li>\n<li>Personnalisable<\/li>\n<\/ul>\n<\/li>\n<li>Largeur: 59,5 cm<\/li>\n<li>Caract\u00e9ristiques: \u00c9cran integr\u00e9<\/li>\n<li>Capacit\u00e9 (Nb de couverts): 14<\/li>\n<li>Classification \u00e9nerg\u00e9tique: E<\/li>\n<li>Niveau sonore: 46 dB<\/li>\n<li>Mati\u00e8re: Acier inoxydable<\/li>\n<li>Fr\u00e9quence: 50 Hz<\/li>\n<li>Longueur du c\u00e2ble: 1,3 m<\/li>\n<li>Tension: 220-240 V<\/li>\n<li>\u00c9lev\u00e9: 82 cm<\/li>\n<li>Pieds: Ajustables<\/li>\n<li>Consommation d&#8217;eau: 9,5 L<\/li>\n<li>Amp\u00e9rage: 10 A<\/li>\n<li>Niveaux de temp\u00e9rature: 3 niveaux<\/li>\n<\/ul>","protected":false},"excerpt":{"rendered":"<p>Si vous pensez r\u00e9nover votre cuisine, achetez Lave-vaisselle Whirlpool Corporation WRIC 3C26 Personnalisable 59,5 cm et d\u00b4autres produits Whirlpool Corporation ! Produit \u00e0 brancher: Oui Type de prise: Prise EU Type: Lave-vaisselle Bloc d\u2019Alimentation: r\u00e9seau \u00e9lectrique Couleur: Blanc Personnalisable Largeur: 59,5 cm Caract\u00e9ristiques: \u00c9cran integr\u00e9 Capacit\u00e9 (Nb de couverts): 14 Classification \u00e9nerg\u00e9tique: E Niveau sonore: [&hellip;]<\/p>\n","protected":false},"featured_media":59431,"comment_status":"open","ping_status":"closed","template":"","meta":[],"product_brand":[814],"product_cat":[393,60,77],"product_tag":[],"class_list":{"0":"post-59434","1":"product","2":"type-product","3":"status-publish","4":"has-post-thumbnail","6":"product_brand-brandp_921","7":"product_cat-autres-appareils-de-cuisines","8":"product_cat-cuisine-gourmet","9":"product_cat-petit-electromenager","11":"first","12":"instock","13":"taxable","14":"shipping-taxable","15":"purchasable","16":"product-type-simple"},"_links":{"self":[{"href":"https:\/\/bigbuy.tupique.com\/pt\/wp-json\/wp\/v2\/product\/59434","targetHints":{"allow":["GET"]}}],"collection":[{"href":"https:\/\/bigbuy.tupique.com\/pt\/wp-json\/wp\/v2\/product"}],"about":[{"href":"https:\/\/bigbuy.tupique.com\/pt\/wp-json\/wp\/v2\/types\/product"}],"replies":[{"embeddable":true,"href":"https:\/\/bigbuy.tupique.com\/pt\/wp-json\/wp\/v2\/comments?post=59434"}],"wp:featuredmedia":[{"embeddable":true,"href":"https:\/\/bigbuy.tupique.com\/pt\/wp-json\/wp\/v2\/media\/59431"}],"wp:attachment":[{"href":"https:\/\/bigbuy.tupique.com\/pt\/wp-json\/wp\/v2\/media?parent=59434"}],"wp:term":[{"taxonomy":"product_brand","embeddable":true,"href":"https:\/\/bigbuy.tupique.com\/pt\/wp-json\/wp\/v2\/product_brand?post=59434"},{"taxonomy":"product_cat","embeddable":true,"href":"https:\/\/bigbuy.tupique.com\/pt\/wp-json\/wp\/v2\/product_cat?post=59434"},{"taxonomy":"product_tag","embeddable":true,"href":"https:\/\/bigbuy.tupique.com\/pt\/wp-json\/wp\/v2\/product_tag?post=59434"}],"curies":[{"name":"wp","href":"https:\/\/api.w.org\/{rel}","templated":true}]}}