{"id":59412,"date":"2026-04-01T14:45:21","date_gmt":"2026-04-01T13:45:21","guid":{"rendered":"https:\/\/bigbuy.tupique.com\/produto\/air-conditioning-samsung-far09mlb-ar30\/"},"modified":"2026-04-15T21:15:38","modified_gmt":"2026-04-15T20:15:38","slug":"air-conditioning-samsung-far09mlb-ar30","status":"publish","type":"product","link":"https:\/\/bigbuy.tupique.com\/pt\/produto\/air-conditioning-samsung-far09mlb-ar30\/","title":{"rendered":"Air Conditionn\u00e9 Samsung FAR09MLB AR30"},"content":{"rendered":"<p>Si vous recherchez des \u00e9lectrom\u00e9nagers pour votre maison aux meilleurs prix, ne manquez pas <b>Air Conditionn\u00e9 Samsung FAR09MLB AR30<\/b> et une large s\u00e9lection de petits \u00e9lectrom\u00e9nagers de qualit\u00e9 !<\/p>\n<ul>\n<li>Type:\n<ul>\n<li>Filtre \u00e0 air<\/li>\n<li>Split<\/li>\n<\/ul>\n<\/li>\n<li>Couleur: Blanc<\/li>\n<li>Caract\u00e9ristiques:\n<ul>\n<li>Minuterie<\/li>\n<li>Syst\u00e8me de ventilation<\/li>\n<li>\u00c9cran integr\u00e9<\/li>\n<\/ul>\n<\/li>\n<li>fr\u00e9quence: 50 Hz<\/li>\n<li>Inclut: T\u00e9l\u00e9commande<\/li>\n<li>Classification \u00e9nerg\u00e9tique: A+++<\/li>\n<li>Technologie: Inverter<\/li>\n<li>Gaz: R32<\/li>\n<li>Tension: 220-240V<\/li>\n<li>consommation d&#8217;\u00e9nergie:\n<ul>\n<li>0.75 kWh<\/li>\n<li>0.77 kwh<\/li>\n<\/ul>\n<\/li>\n<\/ul>","protected":false},"excerpt":{"rendered":"<p>Si vous recherchez des \u00e9lectrom\u00e9nagers pour votre maison aux meilleurs prix, ne manquez pas Air Conditionn\u00e9 Samsung FAR09MLB AR30 et une large s\u00e9lection de petits \u00e9lectrom\u00e9nagers de qualit\u00e9 ! Type: Filtre \u00e0 air Split Couleur: Blanc Caract\u00e9ristiques: Minuterie Syst\u00e8me de ventilation \u00c9cran integr\u00e9 fr\u00e9quence: 50 Hz Inclut: T\u00e9l\u00e9commande Classification \u00e9nerg\u00e9tique: A+++ Technologie: Inverter Gaz: R32 [&hellip;]<\/p>\n","protected":false},"featured_media":191219,"comment_status":"open","ping_status":"closed","template":"","meta":[],"product_brand":[183],"product_cat":[732,1334,239],"product_tag":[721,210],"class_list":{"0":"post-59412","1":"product","2":"type-product","3":"status-publish","4":"has-post-thumbnail","6":"product_brand-brandp_576","7":"product_cat-climatisation-et-chauffage","8":"product_cat-climatiseurs-et-ventilateurs","9":"product_cat-maison-jardin","10":"product_tag-tag_124","11":"product_tag-tag_25","13":"first","14":"instock","15":"taxable","16":"shipping-taxable","17":"purchasable","18":"product-type-simple"},"_links":{"self":[{"href":"https:\/\/bigbuy.tupique.com\/pt\/wp-json\/wp\/v2\/product\/59412","targetHints":{"allow":["GET"]}}],"collection":[{"href":"https:\/\/bigbuy.tupique.com\/pt\/wp-json\/wp\/v2\/product"}],"about":[{"href":"https:\/\/bigbuy.tupique.com\/pt\/wp-json\/wp\/v2\/types\/product"}],"replies":[{"embeddable":true,"href":"https:\/\/bigbuy.tupique.com\/pt\/wp-json\/wp\/v2\/comments?post=59412"}],"wp:featuredmedia":[{"embeddable":true,"href":"https:\/\/bigbuy.tupique.com\/pt\/wp-json\/wp\/v2\/media\/191219"}],"wp:attachment":[{"href":"https:\/\/bigbuy.tupique.com\/pt\/wp-json\/wp\/v2\/media?parent=59412"}],"wp:term":[{"taxonomy":"product_brand","embeddable":true,"href":"https:\/\/bigbuy.tupique.com\/pt\/wp-json\/wp\/v2\/product_brand?post=59412"},{"taxonomy":"product_cat","embeddable":true,"href":"https:\/\/bigbuy.tupique.com\/pt\/wp-json\/wp\/v2\/product_cat?post=59412"},{"taxonomy":"product_tag","embeddable":true,"href":"https:\/\/bigbuy.tupique.com\/pt\/wp-json\/wp\/v2\/product_tag?post=59412"}],"curies":[{"name":"wp","href":"https:\/\/api.w.org\/{rel}","templated":true}]}}