{"id":59390,"date":"2026-04-01T14:44:50","date_gmt":"2026-04-01T13:44:50","guid":{"rendered":"https:\/\/bigbuy.tupique.com\/produto\/conventional-hood-cata-q600bk-60-cm-645-m3-h-72-db-240w\/"},"modified":"2026-04-15T20:03:03","modified_gmt":"2026-04-15T19:03:03","slug":"conventional-hood-cata-q600bk-60-cm-645-m3-h-72-db-240w","status":"publish","type":"product","link":"https:\/\/bigbuy.tupique.com\/pt\/produto\/conventional-hood-cata-q600bk-60-cm-645-m3-h-72-db-240w\/","title":{"rendered":"Hotte standard Cata Q600BK 60 cm 645 m3\/h 72 dB 240W"},"content":{"rendered":"<p>Si vous pensez r\u00e9nover votre cuisine, achetez <b>Hotte standard Cata Q600BK 60 cm 645 m3\/h 72 dB 240W<\/b> et d\u00b4autres <b>produits Cata<\/b> !<\/p>\n<ul>\n<li>puissance:\n<ul>\n<li>240 W<\/li>\n<li>40 W<\/li>\n<\/ul>\n<\/li>\n<li>Lumi\u00e8re: Oui<\/li>\n<li>Illumination: 2 x 40 W<\/li>\n<li>Classification \u00e9nerg\u00e9tique: D<\/li>\n<li>Volume sonore: 72 dB<\/li>\n<li>Dimensions approx.: 60 x 56 x 12 cm<\/li>\n<li>Type d&#8217;installation:\n<ul>\n<li>Paroi<\/li>\n<li>Montage mural<\/li>\n<\/ul>\n<\/li>\n<li>Largeur: 60 cm<\/li>\n<li>Vitesse: 3 vitesses<\/li>\n<li>Produit \u00e0 brancher: Oui<\/li>\n<li>Type de prise: Prise EU<\/li>\n<li>Capacit\u00e9 d\u2019extraction:\n<ul>\n<li>740 m3\/h<\/li>\n<li>645 m3\/h<\/li>\n<\/ul>\n<\/li>\n<li>Type:\n<ul>\n<li>Hotte standard<\/li>\n<li>Mural<\/li>\n<\/ul>\n<\/li>\n<li>Bloc d\u2019Alimentation: r\u00e9seau \u00e9lectrique<\/li>\n<li>Couleur: Noir<\/li>\n<li>Moteur: 1<\/li>\n<li>Type de commande: Boutons<\/li>\n<li>Filtres:\n<ul>\n<li>2<\/li>\n<li>M\u00e9tal<\/li>\n<\/ul>\n<\/li>\n<li>Mati\u00e8re: M\u00e9tal<\/li>\n<li>\u00c9cran integr\u00e9: Non<\/li>\n<\/ul>\n<p><\/p>\n<p>CATA Q 600. Puissance d&#8217;extraction maximum: 740 m\u00b3\/h, Type d&#8217;extraction: Conduit, Niveau de son (vitesse lente): 55 dB. Type: Mont\u00e9 au mur, Couleur du produit: Noir, Puissance de l&#8217;ampoule: 40 W. Type de filtre \u00e0 graisse: Metal, Nombre de filtres: 2 pi\u00e8ce(s). Puissance du moteur: 240 W. Largeur: 600 mm, Profondeur: 560 mm, Hauteur: 335 mm<\/p>\n<p><\/p>\n<ul>\n<li>Puissance d&#8217;extraction maximum: 740 m\u00b3\/h<\/li>\n<li>Type d&#8217;extraction: Conduit<\/li>\n<li>Nombre de vitesses: 3<\/li>\n<li>Niveau de son (vitesse lente): 55 dB<\/li>\n<li>Niveau de son (vitesse moyenne): 63 dB<\/li>\n<li>Niveau de son (vitesse rapide): 69 dB<\/li>\n<li>Type: Mont\u00e9 au mur<\/li>\n<li>Couleur du produit: Noir<\/li>\n<li>\u00c9cran integr\u00e9: Non<\/li>\n<li>Puissance de l&#8217;ampoule: 40 W<\/li>\n<li>Nombre d&#8217;ampoules: 2 ampoule(s)<\/li>\n<li>Type de commande: Boutons<\/li>\n<li>lieu d&#8217;\u00e9chappement: Haut<\/li>\n<li>Diam\u00e8tre du conduit d&#8217;\u00e9vacuation: 15 cm<\/li>\n<li>Nombre de moteurs: 1<\/li>\n<li>Type de filtre \u00e0 graisse: Metal<\/li>\n<li>Nombre de filtres: 2 pi\u00e8ce(s)<\/li>\n<li>Puissance du moteur: 240 W<\/li>\n<li>Largeur: 600 mm<\/li>\n<li>Profondeur: 560 mm<\/li>\n<li>Hauteur: 335 mm<\/li>\n<li>Hauteur (min): 66,5 cm<\/li>\n<li>Hauteur (max): 111 cm<\/li>\n<li>Possibilit\u00e9s int\u00e9gr\u00e9es: Non<\/li>\n<\/ul>","protected":false},"excerpt":{"rendered":"<p>Si vous pensez r\u00e9nover votre cuisine, achetez Hotte standard Cata Q600BK 60 cm 645 m3\/h 72 dB 240W et d\u00b4autres produits Cata ! puissance: 240 W 40 W Lumi\u00e8re: Oui Illumination: 2 x 40 W Classification \u00e9nerg\u00e9tique: D Volume sonore: 72 dB Dimensions approx.: 60 x 56 x 12 cm Type d&#8217;installation: Paroi Montage mural [&hellip;]<\/p>\n","protected":false},"featured_media":59387,"comment_status":"open","ping_status":"closed","template":"","meta":[],"product_brand":[155],"product_cat":[63,64,60,61,62],"product_tag":[56],"class_list":{"0":"post-59390","1":"product","2":"type-product","3":"status-publish","4":"has-post-thumbnail","6":"product_brand-brandp_1208","7":"product_cat-cadeaux-originaux","8":"product_cat-cadeaux-pour-la-maison","9":"product_cat-cuisine-gourmet","10":"product_cat-equipement-de-cuisine","11":"product_cat-hottes-de-cuisine","12":"product_tag-tag_930","14":"first","15":"instock","16":"taxable","17":"shipping-taxable","18":"purchasable","19":"product-type-simple"},"_links":{"self":[{"href":"https:\/\/bigbuy.tupique.com\/pt\/wp-json\/wp\/v2\/product\/59390","targetHints":{"allow":["GET"]}}],"collection":[{"href":"https:\/\/bigbuy.tupique.com\/pt\/wp-json\/wp\/v2\/product"}],"about":[{"href":"https:\/\/bigbuy.tupique.com\/pt\/wp-json\/wp\/v2\/types\/product"}],"replies":[{"embeddable":true,"href":"https:\/\/bigbuy.tupique.com\/pt\/wp-json\/wp\/v2\/comments?post=59390"}],"wp:featuredmedia":[{"embeddable":true,"href":"https:\/\/bigbuy.tupique.com\/pt\/wp-json\/wp\/v2\/media\/59387"}],"wp:attachment":[{"href":"https:\/\/bigbuy.tupique.com\/pt\/wp-json\/wp\/v2\/media?parent=59390"}],"wp:term":[{"taxonomy":"product_brand","embeddable":true,"href":"https:\/\/bigbuy.tupique.com\/pt\/wp-json\/wp\/v2\/product_brand?post=59390"},{"taxonomy":"product_cat","embeddable":true,"href":"https:\/\/bigbuy.tupique.com\/pt\/wp-json\/wp\/v2\/product_cat?post=59390"},{"taxonomy":"product_tag","embeddable":true,"href":"https:\/\/bigbuy.tupique.com\/pt\/wp-json\/wp\/v2\/product_tag?post=59390"}],"curies":[{"name":"wp","href":"https:\/\/api.w.org\/{rel}","templated":true}]}}