{"id":59362,"date":"2026-04-01T14:44:12","date_gmt":"2026-04-01T13:44:12","guid":{"rendered":"https:\/\/bigbuy.tupique.com\/produto\/kitchen-extractor-balay-3be297rw-90-cm-798-m%c2%b3-h-174w-a-white\/"},"modified":"2026-04-14T23:38:17","modified_gmt":"2026-04-14T22:38:17","slug":"kitchen-extractor-balay-3be297rw-90-cm-798-m%c2%b3-h-174w-a-white","status":"publish","type":"product","link":"https:\/\/bigbuy.tupique.com\/pt\/produto\/kitchen-extractor-balay-3be297rw-90-cm-798-m%c2%b3-h-174w-a-white\/","title":{"rendered":"Hotte de cuisine Balay 3BE297RW 90 cm 798 m\u00b3\/h 174W A Blanc"},"content":{"rendered":"<p>Si vous pensez r\u00e9nover votre cuisine, achetez <b>Hotte de cuisine Balay 3BE297RW 90 cm 798 m\u00b3\/h 174W A Blanc<\/b> et d\u00b4autres <b>produits Balay<\/b> !<\/p>\n<ul>\n<li>Type:\n<ul>\n<li>Int\u00e9grable<\/li>\n<li>Hotte de cuisine<\/li>\n<li>De toit<\/li>\n<li>Int\u00e9gr\u00e9<\/li>\n<\/ul>\n<\/li>\n<li>puissance: 174 W<\/li>\n<li>Volume sonore: 56 dB<\/li>\n<li>Contr\u00f4le: Tactile<\/li>\n<li>Filtres:\n<ul>\n<li>Acier inoxydable<\/li>\n<li>Convient aux lave-vaisselles<\/li>\n<\/ul>\n<\/li>\n<li>Bloc d\u2019Alimentation: r\u00e9seau \u00e9lectrique<\/li>\n<li>Longueur du c\u00e2ble:\n<ul>\n<li>1,30 m<\/li>\n<li>1,3 m<\/li>\n<\/ul>\n<\/li>\n<li>Tension: 220-240 V<\/li>\n<li>Lumi\u00e8re: Oui<\/li>\n<li>Illumination: LED<\/li>\n<li>consommation d&#8217;\u00e9nergie: 35,3 kWh\/annum<\/li>\n<li>Classification \u00e9nerg\u00e9tique: A<\/li>\n<li>Dimensions approx.: 90 x 50 x 29,9 cm<\/li>\n<li>Type d&#8217;installation: Plafond<\/li>\n<li>Largeur: 90 cm<\/li>\n<li>Couleur: Blanc<\/li>\n<li>Produit \u00e0 brancher: Oui<\/li>\n<li>Type de prise: Prise EU<\/li>\n<li>Capacit\u00e9 d\u2019extraction: 798 m\u00b3\/h<\/li>\n<li>Arr\u00eat Automatique: Oui<\/li>\n<li>Filtre:\n<ul>\n<li>Acier inoxydable<\/li>\n<li>Lavable<\/li>\n<\/ul>\n<\/li>\n<li>Niveau sonore:\n<ul>\n<li>41 dB<\/li>\n<li>56 dB<\/li>\n<li>14 dB<\/li>\n<\/ul>\n<\/li>\n<li>Moteur: 1<\/li>\n<li>Type d&#8217;ampoule: LED<\/li>\n<li>Profondeur:\n<ul>\n<li>500 mm<\/li>\n<li>50 cm<\/li>\n<\/ul>\n<\/li>\n<li>Pays \/ r\u00e9gion de fabrication: Espagne<\/li>\n<li>Mat\u00e9riel: Acier<\/li>\n<li>Caract\u00e9ristiques: Arr\u00eat Automatique<\/li>\n<li>Poids: 10 kg<\/li>\n<li>Inclut: T\u00e9l\u00e9commande<\/li>\n<li>Fr\u00e9quence d&#8217;entr\u00e9e AC: 50-60 Hz<\/li>\n<li>Vitesse: 5 vitesses<\/li>\n<li>\u00c9cran integr\u00e9: Non<\/li>\n<\/ul>","protected":false},"excerpt":{"rendered":"<p>Si vous pensez r\u00e9nover votre cuisine, achetez Hotte de cuisine Balay 3BE297RW 90 cm 798 m\u00b3\/h 174W A Blanc et d\u00b4autres produits Balay ! Type: Int\u00e9grable Hotte de cuisine De toit Int\u00e9gr\u00e9 puissance: 174 W Volume sonore: 56 dB Contr\u00f4le: Tactile Filtres: Acier inoxydable Convient aux lave-vaisselles Bloc d\u2019Alimentation: r\u00e9seau \u00e9lectrique Longueur du c\u00e2ble: 1,30 [&hellip;]<\/p>\n","protected":false},"featured_media":59360,"comment_status":"open","ping_status":"closed","template":"","meta":[],"product_brand":[114],"product_cat":[60,61,62],"product_tag":[56],"class_list":{"0":"post-59362","1":"product","2":"type-product","3":"status-publish","4":"has-post-thumbnail","6":"product_brand-brandp_1251","7":"product_cat-cuisine-gourmet","8":"product_cat-equipement-de-cuisine","9":"product_cat-hottes-de-cuisine","10":"product_tag-tag_930","12":"first","13":"instock","14":"taxable","15":"shipping-taxable","16":"purchasable","17":"product-type-simple"},"_links":{"self":[{"href":"https:\/\/bigbuy.tupique.com\/pt\/wp-json\/wp\/v2\/product\/59362","targetHints":{"allow":["GET"]}}],"collection":[{"href":"https:\/\/bigbuy.tupique.com\/pt\/wp-json\/wp\/v2\/product"}],"about":[{"href":"https:\/\/bigbuy.tupique.com\/pt\/wp-json\/wp\/v2\/types\/product"}],"replies":[{"embeddable":true,"href":"https:\/\/bigbuy.tupique.com\/pt\/wp-json\/wp\/v2\/comments?post=59362"}],"wp:featuredmedia":[{"embeddable":true,"href":"https:\/\/bigbuy.tupique.com\/pt\/wp-json\/wp\/v2\/media\/59360"}],"wp:attachment":[{"href":"https:\/\/bigbuy.tupique.com\/pt\/wp-json\/wp\/v2\/media?parent=59362"}],"wp:term":[{"taxonomy":"product_brand","embeddable":true,"href":"https:\/\/bigbuy.tupique.com\/pt\/wp-json\/wp\/v2\/product_brand?post=59362"},{"taxonomy":"product_cat","embeddable":true,"href":"https:\/\/bigbuy.tupique.com\/pt\/wp-json\/wp\/v2\/product_cat?post=59362"},{"taxonomy":"product_tag","embeddable":true,"href":"https:\/\/bigbuy.tupique.com\/pt\/wp-json\/wp\/v2\/product_tag?post=59362"}],"curies":[{"name":"wp","href":"https:\/\/api.w.org\/{rel}","templated":true}]}}