{"id":59203,"date":"2026-04-01T14:35:24","date_gmt":"2026-04-01T13:35:24","guid":{"rendered":"https:\/\/bigbuy.tupique.com\/produto\/washing-machine-bosch-wuu28t8xes\/"},"modified":"2026-05-11T19:56:28","modified_gmt":"2026-05-11T17:56:28","slug":"washing-machine-bosch-wuu28t8xes","status":"publish","type":"product","link":"https:\/\/bigbuy.tupique.com\/pt\/produto\/washing-machine-bosch-wuu28t8xes\/","title":{"rendered":"Machine \u00e0 laver BOSCH WUU28T8XES"},"content":{"rendered":"<p>Si vous \u00eates \u00e0 la recherche de nouvelles tendances sur le march\u00e9, nous vous pr\u00e9sentons <b>Machine \u00e0 laver BOSCH WUU28T8XES<\/b> !<\/p>\n<p>La <b>lave-linge<\/b> BOSCH WUU28T8XES en <b>acier<\/b> est une solution avanc\u00e9e pour l\u2019entretien du linge, alliant efficacit\u00e9, capacit\u00e9 et simplicit\u00e9 d\u2019utilisation, id\u00e9ale pour les foyers recherchant performance et fiabilit\u00e9. Ce mod\u00e8le offre une <b>capacit\u00e9 de 8 kg<\/b>, permettant de laver de grandes quantit\u00e9s de linge \u00e0 chaque cycle, optimisant ainsi le temps et la consommation d\u2019\u00e9nergie. Il se distingue par son excellente <b>classe \u00e9nerg\u00e9tique A<\/b>, garantissant un fonctionnement efficace qui aide \u00e0 r\u00e9duire la facture d\u2019\u00e9lectricit\u00e9 et \u00e0 pr\u00e9server l\u2019environnement. Son <b>chargement frontal<\/b> facilite l\u2019introduction et le retrait du linge, et convient parfaitement aux espaces modernes et aux solutions int\u00e9gr\u00e9es gr\u00e2ce \u00e0 sa largeur standard de <b>60 cm<\/b>. Avec une vitesse d\u2019<b>essorage maximale de 1400 tr\/min<\/b>, le linge ressort avec moins d\u2019humidit\u00e9 r\u00e9siduelle, ce qui r\u00e9duit le temps de s\u00e9chage. Le panneau de commande est enti\u00e8rement en <b>espagnol<\/b>, assurant une utilisation simple et intuitive pour tous les utilisateurs. Le lave-linge BOSCH WUU28T8XES fonctionne sous une <b>tension de 230 V<\/b> et une fr\u00e9quence de 50 Hz, assurant une compatibilit\u00e9 avec les installations \u00e9lectriques europ\u00e9ennes. Son design en acier offre non seulement une apparence \u00e9l\u00e9gante et moderne, mais facilite aussi le nettoyage et l\u2019entretien ext\u00e9rieur. Gr\u00e2ce \u00e0 une technologie efficace, une grande capacit\u00e9 et un design adapt\u00e9 aux besoins actuels, ce lave-linge est une solution fiable pour garder votre linge propre et soign\u00e9, avec la qualit\u00e9 reconnue de BOSCH.<\/p>\n<ul>\n<li>Langue: Espagnol<\/li>\n<li>Bloc d\u2019Alimentation:\n<ul>\n<li>\u00c9lectrique<\/li>\n<li>r\u00e9seau \u00e9lectrique<\/li>\n<\/ul>\n<\/li>\n<li>Couleur: Acier<\/li>\n<li>vitesse: 1400 rpm<\/li>\n<li>Capacit\u00e9: 8 kg<\/li>\n<li>Dimensions approx.: 85 x 60 x 57 cm<\/li>\n<li>Classification \u00e9nerg\u00e9tique: A<\/li>\n<li>Type d&#8217;installation: Sous le plan de travail<\/li>\n<li>Produit \u00e0 brancher: Oui<\/li>\n<li>Type de prise: Prise EU<\/li>\n<li>Niveau sonore: 71 dB<\/li>\n<li>Tension: 230 V<\/li>\n<li>Type de charge: Frontal<\/li>\n<\/ul>","protected":false},"excerpt":{"rendered":"<p><span class=\"unit-info\">86.9988 &euro; \/ 1 kg<\/span><\/p>","protected":false},"featured_media":59201,"comment_status":"open","ping_status":"closed","template":"","meta":[],"product_brand":[162],"product_cat":[239,240,751],"product_tag":[],"class_list":{"0":"post-59203","1":"product","2":"type-product","3":"status-publish","4":"has-post-thumbnail","6":"product_brand-brandp_959","7":"product_cat-maison-jardin","8":"product_cat-nettoyage-aspirateur-et-repassage","9":"product_cat-seche-linge-fers-a-repasser-sechoirs","11":"first","12":"instock","13":"taxable","14":"shipping-taxable","15":"purchasable","16":"product-type-simple"},"_links":{"self":[{"href":"https:\/\/bigbuy.tupique.com\/pt\/wp-json\/wp\/v2\/product\/59203","targetHints":{"allow":["GET"]}}],"collection":[{"href":"https:\/\/bigbuy.tupique.com\/pt\/wp-json\/wp\/v2\/product"}],"about":[{"href":"https:\/\/bigbuy.tupique.com\/pt\/wp-json\/wp\/v2\/types\/product"}],"replies":[{"embeddable":true,"href":"https:\/\/bigbuy.tupique.com\/pt\/wp-json\/wp\/v2\/comments?post=59203"}],"wp:featuredmedia":[{"embeddable":true,"href":"https:\/\/bigbuy.tupique.com\/pt\/wp-json\/wp\/v2\/media\/59201"}],"wp:attachment":[{"href":"https:\/\/bigbuy.tupique.com\/pt\/wp-json\/wp\/v2\/media?parent=59203"}],"wp:term":[{"taxonomy":"product_brand","embeddable":true,"href":"https:\/\/bigbuy.tupique.com\/pt\/wp-json\/wp\/v2\/product_brand?post=59203"},{"taxonomy":"product_cat","embeddable":true,"href":"https:\/\/bigbuy.tupique.com\/pt\/wp-json\/wp\/v2\/product_cat?post=59203"},{"taxonomy":"product_tag","embeddable":true,"href":"https:\/\/bigbuy.tupique.com\/pt\/wp-json\/wp\/v2\/product_tag?post=59203"}],"curies":[{"name":"wp","href":"https:\/\/api.w.org\/{rel}","templated":true}]}}