{"id":59183,"date":"2026-04-01T14:34:57","date_gmt":"2026-04-01T13:34:57","guid":{"rendered":"https:\/\/bigbuy.tupique.com\/produto\/food-processor-ninja-ol550eu-black-1000-w-6-l\/"},"modified":"2026-04-15T00:47:55","modified_gmt":"2026-04-14T23:47:55","slug":"food-processor-ninja-ol550eu-black-1000-w-6-l","status":"publish","type":"product","link":"https:\/\/bigbuy.tupique.com\/pt\/produto\/food-processor-ninja-ol550eu-black-1000-w-6-l\/","title":{"rendered":"Robot culinaire NINJA OL550EU Noir 1000 W 6 L"},"content":{"rendered":"<p>Si vous recherchez des \u00e9lectrom\u00e9nagers pour votre maison aux meilleurs prix, ne manquez pas <b>Robot culinaire NINJA OL550EU Noir 1000 W 6 L<\/b> et une large s\u00e9lection de petits \u00e9lectrom\u00e9nagers de qualit\u00e9 !<\/p>\n<p>Le <b>Robot de Cuisine OL550EU<\/b> de la marque <b>NINJA<\/b> est un appareil polyvalent qui allie efficacit\u00e9 et fonctionnalit\u00e9 pour faciliter la pr\u00e9paration quotidienne des repas. Avec une <b>puissance de 1000 W<\/b>, il garantit des performances optimales pour diverses t\u00e2ches culinaires. Il se distingue par sa <b>grande capacit\u00e9 de 6 litres<\/b>, adapt\u00e9e \u00e0 la pr\u00e9paration de recettes familiales ou en plus grande quantit\u00e9 sans difficult\u00e9. Son design en <b>noir<\/b> avec une structure en <b>plastique r\u00e9sistant<\/b> apporte l\u00e9g\u00e8ret\u00e9 et durabilit\u00e9. Ce mod\u00e8le inclut des fonctions sp\u00e9cifiques pour la cuisson \u00e0 la vapeur, permettant d\u2019utiliser une technique saine qui pr\u00e9serve nutriments et saveurs. L\u2019int\u00e9gration d\u2019une <b>poign\u00e9e de transport<\/b> et d\u2019une <b>base antid\u00e9rapante<\/b> am\u00e9liore la s\u00e9curit\u00e9 et le confort d\u2019utilisation, \u00e9vitant les mouvements ind\u00e9sirables pendant le fonctionnement. De plus, il dispose d\u2019un <b>interrupteur marche\/arr\u00eat<\/b> simple et accessible qui facilite sa manipulation. L\u2019ext\u00e9rieur avec rev\u00eatement antiadh\u00e9sif facilite le nettoyage et emp\u00eache les aliments de coller pendant la cuisson. Sa polyvalence se refl\u00e8te dans l\u2019int\u00e9gration de <b>trois modes et onze fonctions diff\u00e9rentes<\/b>, permettant d\u2019adapter la cuisson selon le type de plat ou d\u2019ingr\u00e9dient, offrant une grande flexibilit\u00e9 pour diverses techniques et recettes. Ce robot de cuisine est con\u00e7u pour les utilisateurs recherchant un appareil pratique, s\u00fbr et avec une capacit\u00e9 suffisante pour r\u00e9pondre aux besoins quotidiens en cuisine, combinant technologie utile et design ax\u00e9 sur le confort et l\u2019hygi\u00e8ne. L\u2019OL550EU de NINJA est une solution technique solide, sp\u00e9cialement destin\u00e9e \u00e0 ceux qui valorisent la multifonctionnalit\u00e9 et l\u2019efficacit\u00e9 dans un produit de taille et puissance moyennes.<\/p>\n<ul>\n<li>Produit \u00e0 brancher: Oui<\/li>\n<li>Type de prise: Prise EU<\/li>\n<li>Bloc d\u2019Alimentation: r\u00e9seau \u00e9lectrique<\/li>\n<li>Caract\u00e9ristiques:\n<ul>\n<li>\u00c9cran integr\u00e9<\/li>\n<li>Facile \u00e0 nettoyer<\/li>\n<li>Anse de transport<\/li>\n<li>Anti-adh\u00e9rente<\/li>\n<li>Interrupteur marche\/arr\u00eat<\/li>\n<li>Base antid\u00e9rapante<\/li>\n<\/ul>\n<\/li>\n<li>Fonctions: Cuisiner \u00e0 la vapeur<\/li>\n<li>Capacit\u00e9:\n<ul>\n<li>6<\/li>\n<li>6 L<\/li>\n<\/ul>\n<\/li>\n<li>Couleur: Noir<\/li>\n<li>Mati\u00e8re: Plastique<\/li>\n<li>puissance: 1000 W<\/li>\n<li>Tension: 220 V<\/li>\n<li>Inclut: Minuterie<\/li>\n<li>Contr\u00f4le: Boutons, rotatif<\/li>\n<li>Compatible avec: Lave-vaisselle<\/li>\n<\/ul>","protected":false},"excerpt":{"rendered":"<p>Si vous recherchez des \u00e9lectrom\u00e9nagers pour votre maison aux meilleurs prix, ne manquez pas Robot culinaire NINJA OL550EU Noir 1000 W 6 L et une large s\u00e9lection de petits \u00e9lectrom\u00e9nagers de qualit\u00e9 ! Le Robot de Cuisine OL550EU de la marque NINJA est un appareil polyvalent qui allie efficacit\u00e9 et fonctionnalit\u00e9 pour faciliter la pr\u00e9paration [&hellip;]<\/p>\n","protected":false},"featured_media":59182,"comment_status":"open","ping_status":"closed","template":"","meta":[],"product_brand":[287],"product_cat":[60,77,724],"product_tag":[55,56],"class_list":{"0":"post-59183","1":"product","2":"type-product","3":"status-publish","4":"has-post-thumbnail","6":"product_brand-brandp_6527","7":"product_cat-cuisine-gourmet","8":"product_cat-petit-electromenager","9":"product_cat-robots-de-cuisine","10":"product_tag-tag_926","11":"product_tag-tag_930","13":"first","14":"instock","15":"taxable","16":"shipping-taxable","17":"purchasable","18":"product-type-simple"},"_links":{"self":[{"href":"https:\/\/bigbuy.tupique.com\/pt\/wp-json\/wp\/v2\/product\/59183","targetHints":{"allow":["GET"]}}],"collection":[{"href":"https:\/\/bigbuy.tupique.com\/pt\/wp-json\/wp\/v2\/product"}],"about":[{"href":"https:\/\/bigbuy.tupique.com\/pt\/wp-json\/wp\/v2\/types\/product"}],"replies":[{"embeddable":true,"href":"https:\/\/bigbuy.tupique.com\/pt\/wp-json\/wp\/v2\/comments?post=59183"}],"wp:featuredmedia":[{"embeddable":true,"href":"https:\/\/bigbuy.tupique.com\/pt\/wp-json\/wp\/v2\/media\/59182"}],"wp:attachment":[{"href":"https:\/\/bigbuy.tupique.com\/pt\/wp-json\/wp\/v2\/media?parent=59183"}],"wp:term":[{"taxonomy":"product_brand","embeddable":true,"href":"https:\/\/bigbuy.tupique.com\/pt\/wp-json\/wp\/v2\/product_brand?post=59183"},{"taxonomy":"product_cat","embeddable":true,"href":"https:\/\/bigbuy.tupique.com\/pt\/wp-json\/wp\/v2\/product_cat?post=59183"},{"taxonomy":"product_tag","embeddable":true,"href":"https:\/\/bigbuy.tupique.com\/pt\/wp-json\/wp\/v2\/product_tag?post=59183"}],"curies":[{"name":"wp","href":"https:\/\/api.w.org\/{rel}","templated":true}]}}