{"id":59118,"date":"2026-04-01T14:31:00","date_gmt":"2026-04-01T13:31:00","guid":{"rendered":"https:\/\/bigbuy.tupique.com\/produto\/refrigerator-beko-b3rmlne444hw-white-185-x-60-cm\/"},"modified":"2026-04-15T00:12:49","modified_gmt":"2026-04-14T23:12:49","slug":"refrigerator-beko-b3rmlne444hw-white-185-x-60-cm","status":"publish","type":"product","link":"https:\/\/bigbuy.tupique.com\/pt\/produto\/refrigerator-beko-b3rmlne444hw-white-185-x-60-cm\/","title":{"rendered":"R\u00e9frig\u00e9rateur BEKO B3RMLNE444HW Blanc (185 X 60 CM)"},"content":{"rendered":"<p>Si vous pensez r\u00e9nover votre cuisine, achetez <b>R\u00e9frig\u00e9rateur BEKO B3RMLNE444HW Blanc (185 X 60 CM)<\/b> et d\u00b4autres <b>produits BEKO<\/b> !<\/p>\n<ul>\n<li>Couleur: Blanc<\/li>\n<li>Classification \u00e9nerg\u00e9tique:\n<ul>\n<li>E<\/li>\n<li>F<\/li>\n<\/ul>\n<\/li>\n<li>Dimensions approx.:\n<ul>\n<li>185 x 60 cm<\/li>\n<li>187 x 60 cm<\/li>\n<\/ul>\n<\/li>\n<li>Bloc d\u2019Alimentation: r\u00e9seau \u00e9lectrique<\/li>\n<li>Technologie: No Frost<\/li>\n<li>Largeur: 59,5 cm<\/li>\n<li>Produit \u00e0 brancher: Oui<\/li>\n<li>Type de prise: Prise EU<\/li>\n<li>Type:\n<ul>\n<li>R\u00e9frig\u00e9rateur<\/li>\n<li>LED<\/li>\n<\/ul>\n<\/li>\n<li>Portes: 1 porte<\/li>\n<li>Capacit\u00e9 du r\u00e9frig\u00e9rateur: 365 L<\/li>\n<li>Caract\u00e9ristiques: Lumi\u00e8re int\u00e9rieure<\/li>\n<li>Niveau sonore: 41 dB<\/li>\n<\/ul>","protected":false},"excerpt":{"rendered":"<p>Si vous pensez r\u00e9nover votre cuisine, achetez R\u00e9frig\u00e9rateur BEKO B3RMLNE444HW Blanc (185 X 60 CM) et d\u00b4autres produits BEKO ! Couleur: Blanc Classification \u00e9nerg\u00e9tique: E F Dimensions approx.: 185 x 60 cm 187 x 60 cm Bloc d\u2019Alimentation: r\u00e9seau \u00e9lectrique Technologie: No Frost Largeur: 59,5 cm Produit \u00e0 brancher: Oui Type de prise: Prise EU [&hellip;]<\/p>\n","protected":false},"featured_media":59116,"comment_status":"open","ping_status":"closed","template":"","meta":[],"product_brand":[825],"product_cat":[60,77,226],"product_tag":[56],"class_list":{"0":"post-59118","1":"product","2":"type-product","3":"status-publish","4":"has-post-thumbnail","6":"product_brand-brandp_1255","7":"product_cat-cuisine-gourmet","8":"product_cat-petit-electromenager","9":"product_cat-refrigerateurs-et-congelateurs","10":"product_tag-tag_930","12":"first","13":"instock","14":"taxable","15":"shipping-taxable","16":"purchasable","17":"product-type-simple"},"_links":{"self":[{"href":"https:\/\/bigbuy.tupique.com\/pt\/wp-json\/wp\/v2\/product\/59118","targetHints":{"allow":["GET"]}}],"collection":[{"href":"https:\/\/bigbuy.tupique.com\/pt\/wp-json\/wp\/v2\/product"}],"about":[{"href":"https:\/\/bigbuy.tupique.com\/pt\/wp-json\/wp\/v2\/types\/product"}],"replies":[{"embeddable":true,"href":"https:\/\/bigbuy.tupique.com\/pt\/wp-json\/wp\/v2\/comments?post=59118"}],"wp:featuredmedia":[{"embeddable":true,"href":"https:\/\/bigbuy.tupique.com\/pt\/wp-json\/wp\/v2\/media\/59116"}],"wp:attachment":[{"href":"https:\/\/bigbuy.tupique.com\/pt\/wp-json\/wp\/v2\/media?parent=59118"}],"wp:term":[{"taxonomy":"product_brand","embeddable":true,"href":"https:\/\/bigbuy.tupique.com\/pt\/wp-json\/wp\/v2\/product_brand?post=59118"},{"taxonomy":"product_cat","embeddable":true,"href":"https:\/\/bigbuy.tupique.com\/pt\/wp-json\/wp\/v2\/product_cat?post=59118"},{"taxonomy":"product_tag","embeddable":true,"href":"https:\/\/bigbuy.tupique.com\/pt\/wp-json\/wp\/v2\/product_tag?post=59118"}],"curies":[{"name":"wp","href":"https:\/\/api.w.org\/{rel}","templated":true}]}}