{"id":59102,"date":"2026-04-01T14:30:34","date_gmt":"2026-04-01T13:30:34","guid":{"rendered":"https:\/\/bigbuy.tupique.com\/produto\/dishwasher-samsung-dw60m6050fw-white-60-cm\/"},"modified":"2026-04-15T00:12:07","modified_gmt":"2026-04-14T23:12:07","slug":"dishwasher-samsung-dw60m6050fw-white-60-cm","status":"publish","type":"product","link":"https:\/\/bigbuy.tupique.com\/pt\/produto\/dishwasher-samsung-dw60m6050fw-white-60-cm\/","title":{"rendered":"Lave-vaisselle Samsung DW60M6050FW Blanc 60 cm"},"content":{"rendered":"<p>Si vous pensez r\u00e9nover votre cuisine, achetez <b>Lave-vaisselle Samsung DW60M6050FW Blanc 60 cm<\/b> et d\u00b4autres <b>produits Samsung<\/b> !<\/p>\n<ul>\n<li>Langue: Espagnol<\/li>\n<li>Bloc d\u2019Alimentation: r\u00e9seau \u00e9lectrique<\/li>\n<li>Largeur: 60 cm<\/li>\n<li>Classification \u00e9nerg\u00e9tique: E<\/li>\n<li>Couleur: Blanc<\/li>\n<li>Produit \u00e0 brancher: Oui<\/li>\n<li>Type: Lave-vaisselle<\/li>\n<li>Type de prise: Prise EU<\/li>\n<li>Caract\u00e9ristiques:\n<ul>\n<li>Verrouillage pour enfants<\/li>\n<li>\u00c9cran integr\u00e9<\/li>\n<\/ul>\n<\/li>\n<li>Niveau sonore: 44 dB<\/li>\n<li>Technologie: LED<\/li>\n<li>Fr\u00e9quence: 50 Hz<\/li>\n<li>Type de commande: Tactile<\/li>\n<li>Tension: 220-240 V<\/li>\n<li>Certificat: CE<\/li>\n<li>Pieds: Ajustables<\/li>\n<\/ul>","protected":false},"excerpt":{"rendered":"<p>Si vous pensez r\u00e9nover votre cuisine, achetez Lave-vaisselle Samsung DW60M6050FW Blanc 60 cm et d\u00b4autres produits Samsung ! Langue: Espagnol Bloc d\u2019Alimentation: r\u00e9seau \u00e9lectrique Largeur: 60 cm Classification \u00e9nerg\u00e9tique: E Couleur: Blanc Produit \u00e0 brancher: Oui Type: Lave-vaisselle Type de prise: Prise EU Caract\u00e9ristiques: Verrouillage pour enfants \u00c9cran integr\u00e9 Niveau sonore: 44 dB Technologie: LED [&hellip;]<\/p>\n","protected":false},"featured_media":59095,"comment_status":"open","ping_status":"closed","template":"","meta":[],"product_brand":[183],"product_cat":[393,60,77],"product_tag":[104],"class_list":{"0":"post-59102","1":"product","2":"type-product","3":"status-publish","4":"has-post-thumbnail","6":"product_brand-brandp_576","7":"product_cat-autres-appareils-de-cuisines","8":"product_cat-cuisine-gourmet","9":"product_cat-petit-electromenager","10":"product_tag-tag_1279","12":"first","13":"instock","14":"taxable","15":"shipping-taxable","16":"purchasable","17":"product-type-simple"},"_links":{"self":[{"href":"https:\/\/bigbuy.tupique.com\/pt\/wp-json\/wp\/v2\/product\/59102","targetHints":{"allow":["GET"]}}],"collection":[{"href":"https:\/\/bigbuy.tupique.com\/pt\/wp-json\/wp\/v2\/product"}],"about":[{"href":"https:\/\/bigbuy.tupique.com\/pt\/wp-json\/wp\/v2\/types\/product"}],"replies":[{"embeddable":true,"href":"https:\/\/bigbuy.tupique.com\/pt\/wp-json\/wp\/v2\/comments?post=59102"}],"wp:featuredmedia":[{"embeddable":true,"href":"https:\/\/bigbuy.tupique.com\/pt\/wp-json\/wp\/v2\/media\/59095"}],"wp:attachment":[{"href":"https:\/\/bigbuy.tupique.com\/pt\/wp-json\/wp\/v2\/media?parent=59102"}],"wp:term":[{"taxonomy":"product_brand","embeddable":true,"href":"https:\/\/bigbuy.tupique.com\/pt\/wp-json\/wp\/v2\/product_brand?post=59102"},{"taxonomy":"product_cat","embeddable":true,"href":"https:\/\/bigbuy.tupique.com\/pt\/wp-json\/wp\/v2\/product_cat?post=59102"},{"taxonomy":"product_tag","embeddable":true,"href":"https:\/\/bigbuy.tupique.com\/pt\/wp-json\/wp\/v2\/product_tag?post=59102"}],"curies":[{"name":"wp","href":"https:\/\/api.w.org\/{rel}","templated":true}]}}