{"id":59067,"date":"2026-04-01T14:29:40","date_gmt":"2026-04-01T13:29:40","guid":{"rendered":"https:\/\/bigbuy.tupique.com\/produto\/induction-hot-plate-teka-ibc63010-60-cm-3-cooking-areas\/"},"modified":"2026-04-14T23:38:20","modified_gmt":"2026-04-14T22:38:20","slug":"induction-hot-plate-teka-ibc63010-60-cm-3-cooking-areas","status":"publish","type":"product","link":"https:\/\/bigbuy.tupique.com\/pt\/produto\/induction-hot-plate-teka-ibc63010-60-cm-3-cooking-areas\/","title":{"rendered":"Plaque \u00e0 Induction Teka IBC63010 60 cm (3 Zones de cuisson)"},"content":{"rendered":"<p>Si vous pensez r\u00e9nover votre cuisine, achetez <b>Plaque \u00e0 Induction Teka IBC63010 60 cm (3 Zones de cuisson)<\/b> et d\u00b4autres <b>produits Teka<\/b> !<\/p>\n<ul>\n<li>Couleur: Noir<\/li>\n<li>Largeur: 60 cm<\/li>\n<li>Zones de cuisson: 3<\/li>\n<li>Arr\u00eat Automatique: Oui<\/li>\n<li>Caract\u00e9ristiques:\n<ul>\n<li>Facile \u00e0 nettoyer<\/li>\n<li>T\u00e9moin de fonctionnement LED<\/li>\n<li>Arr\u00eat Automatique<\/li>\n<li>9 niveaux<\/li>\n<li>Commande tactile<\/li>\n<\/ul>\n<\/li>\n<li>Type de commande: Tactile<\/li>\n<li>Type:\n<ul>\n<li>Int\u00e9grable<\/li>\n<li>Plaque \u00e0 Induction<\/li>\n<\/ul>\n<\/li>\n<li>puissance: 5900 W<\/li>\n<li>Minuterie: Num\u00e9rique<\/li>\n<li>Contr\u00f4le: Tactile<\/li>\n<li>Bloc d\u2019Alimentation: r\u00e9seau \u00e9lectrique<\/li>\n<li>Tension: 220-240 V<\/li>\n<li>Dimensions approx.: 60 x 51 x 5 cm<\/li>\n<li>Mat\u00e9riel:\n<ul>\n<li>Verre et c\u00e9ramique<\/li>\n<li>Plastique<\/li>\n<\/ul>\n<\/li>\n<li>Produit \u00e0 brancher: Oui<\/li>\n<li>Type de prise: Prise EU<\/li>\n<li>Langue: Espagnol<\/li>\n<\/ul>","protected":false},"excerpt":{"rendered":"<p>Si vous pensez r\u00e9nover votre cuisine, achetez Plaque \u00e0 Induction Teka IBC63010 60 cm (3 Zones de cuisson) et d\u00b4autres produits Teka ! Couleur: Noir Largeur: 60 cm Zones de cuisson: 3 Arr\u00eat Automatique: Oui Caract\u00e9ristiques: Facile \u00e0 nettoyer T\u00e9moin de fonctionnement LED Arr\u00eat Automatique 9 niveaux Commande tactile Type de commande: Tactile Type: Int\u00e9grable [&hellip;]<\/p>\n","protected":false},"featured_media":59066,"comment_status":"open","ping_status":"closed","template":"","meta":[],"product_brand":[667],"product_cat":[60,77,78],"product_tag":[55,56],"class_list":{"0":"post-59067","1":"product","2":"type-product","3":"status-publish","4":"has-post-thumbnail","6":"product_brand-brandp_1172","7":"product_cat-cuisine-gourmet","8":"product_cat-petit-electromenager","9":"product_cat-plaques-de-cuisson","10":"product_tag-tag_926","11":"product_tag-tag_930","13":"first","14":"instock","15":"taxable","16":"shipping-taxable","17":"purchasable","18":"product-type-simple"},"_links":{"self":[{"href":"https:\/\/bigbuy.tupique.com\/pt\/wp-json\/wp\/v2\/product\/59067","targetHints":{"allow":["GET"]}}],"collection":[{"href":"https:\/\/bigbuy.tupique.com\/pt\/wp-json\/wp\/v2\/product"}],"about":[{"href":"https:\/\/bigbuy.tupique.com\/pt\/wp-json\/wp\/v2\/types\/product"}],"replies":[{"embeddable":true,"href":"https:\/\/bigbuy.tupique.com\/pt\/wp-json\/wp\/v2\/comments?post=59067"}],"wp:featuredmedia":[{"embeddable":true,"href":"https:\/\/bigbuy.tupique.com\/pt\/wp-json\/wp\/v2\/media\/59066"}],"wp:attachment":[{"href":"https:\/\/bigbuy.tupique.com\/pt\/wp-json\/wp\/v2\/media?parent=59067"}],"wp:term":[{"taxonomy":"product_brand","embeddable":true,"href":"https:\/\/bigbuy.tupique.com\/pt\/wp-json\/wp\/v2\/product_brand?post=59067"},{"taxonomy":"product_cat","embeddable":true,"href":"https:\/\/bigbuy.tupique.com\/pt\/wp-json\/wp\/v2\/product_cat?post=59067"},{"taxonomy":"product_tag","embeddable":true,"href":"https:\/\/bigbuy.tupique.com\/pt\/wp-json\/wp\/v2\/product_tag?post=59067"}],"curies":[{"name":"wp","href":"https:\/\/api.w.org\/{rel}","templated":true}]}}