{"id":59065,"date":"2026-04-01T14:29:38","date_gmt":"2026-04-01T13:29:38","guid":{"rendered":"https:\/\/bigbuy.tupique.com\/produto\/conventional-hood-balay-3bc565gn-60-cm-530-m3-h-216-w-c-black\/"},"modified":"2026-04-15T14:50:39","modified_gmt":"2026-04-15T13:50:39","slug":"conventional-hood-balay-3bc565gn-60-cm-530-m3-h-216-w-c-black","status":"publish","type":"product","link":"https:\/\/bigbuy.tupique.com\/pt\/produto\/conventional-hood-balay-3bc565gn-60-cm-530-m3-h-216-w-c-black\/","title":{"rendered":"Hotte standard Balay 3BC565GN 60 cm 530 m3\/h 216 W C Noir"},"content":{"rendered":"<p>Si vous pensez r\u00e9nover votre cuisine, achetez <b>Hotte standard Balay 3BC565GN 60 cm 530 m3\/h 216 W C Noir<\/b> et d\u00b4autres <b>produits Balay<\/b> !<\/p>\n<ul>\n<li>Type:\n<ul>\n<li>Paroi<\/li>\n<li>Hotte standard<\/li>\n<li>Mural<\/li>\n<\/ul>\n<\/li>\n<li>puissance: 216 W<\/li>\n<li>Contr\u00f4le: Tactile<\/li>\n<li>Filtres: Convient aux lave-vaisselles<\/li>\n<li>Bloc d\u2019Alimentation: r\u00e9seau \u00e9lectrique<\/li>\n<li>Tension:\n<ul>\n<li>220-240 V<\/li>\n<li>220 V<\/li>\n<\/ul>\n<\/li>\n<li>Longueur du c\u00e2ble:\n<ul>\n<li>1,30 m<\/li>\n<li>1,3 m<\/li>\n<\/ul>\n<\/li>\n<li>Lumi\u00e8re: Oui<\/li>\n<li>Illumination: LED<\/li>\n<li>Classification \u00e9nerg\u00e9tique: C<\/li>\n<li>Inclut: Accessoires<\/li>\n<li>Dimensions approx.: 59,6 x 40,3 x 35,2 cm<\/li>\n<li>Type d&#8217;installation: Montage mural<\/li>\n<li>Largeur: 60 cm<\/li>\n<li>Produit \u00e0 brancher: Oui<\/li>\n<li>Couleur: Noir<\/li>\n<li>Type de prise: Prise EU<\/li>\n<li>Capacit\u00e9 d\u2019extraction: 530 m3\/h<\/li>\n<li>Pays \/ r\u00e9gion de fabrication: Espagne<\/li>\n<li>Fr\u00e9quence: 50 Hz<\/li>\n<li>Caract\u00e9ristiques: Commande tactile<\/li>\n<li>Niveau sonore:\n<ul>\n<li>14 dB<\/li>\n<li>56 dB<\/li>\n<\/ul>\n<\/li>\n<li>Produit fragile: Oui<\/li>\n<\/ul>","protected":false},"excerpt":{"rendered":"<p>Si vous pensez r\u00e9nover votre cuisine, achetez Hotte standard Balay 3BC565GN 60 cm 530 m3\/h 216 W C Noir et d\u00b4autres produits Balay ! Type: Paroi Hotte standard Mural puissance: 216 W Contr\u00f4le: Tactile Filtres: Convient aux lave-vaisselles Bloc d\u2019Alimentation: r\u00e9seau \u00e9lectrique Tension: 220-240 V 220 V Longueur du c\u00e2ble: 1,30 m 1,3 m Lumi\u00e8re: [&hellip;]<\/p>\n","protected":false},"featured_media":59063,"comment_status":"open","ping_status":"closed","template":"","meta":[],"product_brand":[114],"product_cat":[60,61,62],"product_tag":[56],"class_list":{"0":"post-59065","1":"product","2":"type-product","3":"status-publish","4":"has-post-thumbnail","6":"product_brand-brandp_1251","7":"product_cat-cuisine-gourmet","8":"product_cat-equipement-de-cuisine","9":"product_cat-hottes-de-cuisine","10":"product_tag-tag_930","12":"first","13":"instock","14":"taxable","15":"shipping-taxable","16":"purchasable","17":"product-type-simple"},"_links":{"self":[{"href":"https:\/\/bigbuy.tupique.com\/pt\/wp-json\/wp\/v2\/product\/59065","targetHints":{"allow":["GET"]}}],"collection":[{"href":"https:\/\/bigbuy.tupique.com\/pt\/wp-json\/wp\/v2\/product"}],"about":[{"href":"https:\/\/bigbuy.tupique.com\/pt\/wp-json\/wp\/v2\/types\/product"}],"replies":[{"embeddable":true,"href":"https:\/\/bigbuy.tupique.com\/pt\/wp-json\/wp\/v2\/comments?post=59065"}],"wp:featuredmedia":[{"embeddable":true,"href":"https:\/\/bigbuy.tupique.com\/pt\/wp-json\/wp\/v2\/media\/59063"}],"wp:attachment":[{"href":"https:\/\/bigbuy.tupique.com\/pt\/wp-json\/wp\/v2\/media?parent=59065"}],"wp:term":[{"taxonomy":"product_brand","embeddable":true,"href":"https:\/\/bigbuy.tupique.com\/pt\/wp-json\/wp\/v2\/product_brand?post=59065"},{"taxonomy":"product_cat","embeddable":true,"href":"https:\/\/bigbuy.tupique.com\/pt\/wp-json\/wp\/v2\/product_cat?post=59065"},{"taxonomy":"product_tag","embeddable":true,"href":"https:\/\/bigbuy.tupique.com\/pt\/wp-json\/wp\/v2\/product_tag?post=59065"}],"curies":[{"name":"wp","href":"https:\/\/api.w.org\/{rel}","templated":true}]}}